{"id":1309,"date":"2021-05-12T07:53:25","date_gmt":"2021-05-12T07:53:25","guid":{"rendered":"https:\/\/www.lynaderm.com\/?page_id=1309"},"modified":"2022-10-28T10:25:31","modified_gmt":"2022-10-28T10:25:31","slug":"kuru-ciltler-icin-set","status":"publish","type":"page","link":"https:\/\/www.lynaderm.com\/tr_tr\/kuru-ciltler-icin-set\/","title":{"rendered":"Kuru Ciltler \u0130\u00e7in Set"},"content":{"rendered":"<div class=\"vc_row wpb_row vc_row-fluid vc_custom_1476178289145\"><div class=\"wpb_column vc_column_container vc_col-sm-12\"><div class=\"vc_column-inner\"><div class=\"wpb_wrapper\"> <h3 style=\"color:#727475; padding:px; text-align:; font-size:25px; line-height:25px; letter-spacing: px; font-weight:normal;\" class=\"   nd_options_first_font \">Kuru Ciltler \u0130\u00e7in Set<\/h3> <div style=\"background-color:; height: 30px;\" class=\"nicdark_section  \"><\/div>\n\t<div class=\"wpb_text_column wpb_content_element \" >\n\t\t<div class=\"wpb_wrapper\">\n\t\t\t<p>Kuru ciltler i\u00e7in haz\u0131rlad\u0131\u011f\u0131m\u0131z a\u015fa\u011f\u0131daki seti kullanarak \u00e7ok daha nemli ve parlak bir cilde kavu\u015fabilirsiniz!<\/p>\n\n\t\t<\/div>\n\t<\/div>\n<div style=\"background-color:; height: 30px;\" class=\"nicdark_section  \"><\/div><\/div><\/div><\/div><\/div><div class=\"vc_row wpb_row vc_row-fluid\"><div class=\"wpb_column vc_column_container vc_col-sm-12\"><div class=\"vc_column-inner\"><div class=\"wpb_wrapper\"><div class=\"woocommerce columns-3\">\n\t\t\t\n\t\t\t<ul class=\"products\">\n\n\t\t\t\t\n\t\t\t\t\t<li class=\"post-1155 product type-product status-publish has-post-thumbnail product_cat-temizleyiciler-satis-urunleri product_tag-satis-urunleri first outofstock shipping-taxable product-type-simple\">\n\t<a href=\"https:\/\/www.lynaderm.com\/tr_tr\/magaza\/satis-urunleri\/temizleyiciler-satis-urunleri\/daily-cleansing-foam\/\" class=\"woocommerce-LoopProduct-link\"><img loading=\"lazy\" decoding=\"async\" width=\"300\" height=\"300\" src=\"https:\/\/www.lynaderm.com\/wp-content\/uploads\/2022\/10\/daily-cleansing-foam-lynaderm-300x300.jpg\" class=\"attachment-shop_catalog size-shop_catalog wp-post-image\" alt=\"daily-cleansing-foam-lynaderm\" title=\"daily-cleansing-foam-lynaderm\" srcset=\"https:\/\/www.lynaderm.com\/wp-content\/uploads\/2022\/10\/daily-cleansing-foam-lynaderm-300x300.jpg 300w, https:\/\/www.lynaderm.com\/wp-content\/uploads\/2022\/10\/daily-cleansing-foam-lynaderm-150x150.jpg 150w, https:\/\/www.lynaderm.com\/wp-content\/uploads\/2022\/10\/daily-cleansing-foam-lynaderm-768x768.jpg 768w, https:\/\/www.lynaderm.com\/wp-content\/uploads\/2022\/10\/daily-cleansing-foam-lynaderm-720x720.jpg 720w, https:\/\/www.lynaderm.com\/wp-content\/uploads\/2022\/10\/daily-cleansing-foam-lynaderm-180x180.jpg 180w, https:\/\/www.lynaderm.com\/wp-content\/uploads\/2022\/10\/daily-cleansing-foam-lynaderm-600x600.jpg 600w, https:\/\/www.lynaderm.com\/wp-content\/uploads\/2022\/10\/daily-cleansing-foam-lynaderm.jpg 1000w\" sizes=\"auto, (max-width: 300px) 100vw, 300px\" \/><h2 class=\"woocommerce-loop-product__title\">Daily Cleansing Foam<\/h2>\n<\/a><a rel=\"nofollow\" href=\"https:\/\/www.lynaderm.com\/tr_tr\/magaza\/satis-urunleri\/temizleyiciler-satis-urunleri\/daily-cleansing-foam\/\" data-quantity=\"1\" data-product_id=\"1155\" data-product_sku=\"\" class=\"button product_type_simple ajax_add_to_cart\">Devam\u0131n\u0131 oku<\/a><\/li>\n\n\t\t\t\t\n\t\t\t\t\t<li class=\"post-1163 product type-product status-publish has-post-thumbnail product_cat-temizleyiciler-satis-urunleri product_tag-satis-urunleri  outofstock shipping-taxable product-type-simple\">\n\t<a href=\"https:\/\/www.lynaderm.com\/tr_tr\/magaza\/satis-urunleri\/temizleyiciler-satis-urunleri\/daily-skin-tonic\/\" class=\"woocommerce-LoopProduct-link\"><img loading=\"lazy\" decoding=\"async\" width=\"300\" height=\"300\" src=\"https:\/\/www.lynaderm.com\/wp-content\/uploads\/2021\/05\/DSCF6494-300x300.jpg\" class=\"attachment-shop_catalog size-shop_catalog wp-post-image\" alt=\"DSCF6494\" title=\"DSCF6494\" srcset=\"https:\/\/www.lynaderm.com\/wp-content\/uploads\/2021\/05\/DSCF6494-300x300.jpg 300w, https:\/\/www.lynaderm.com\/wp-content\/uploads\/2021\/05\/DSCF6494-150x150.jpg 150w, https:\/\/www.lynaderm.com\/wp-content\/uploads\/2021\/05\/DSCF6494-768x768.jpg 768w, https:\/\/www.lynaderm.com\/wp-content\/uploads\/2021\/05\/DSCF6494-720x720.jpg 720w, https:\/\/www.lynaderm.com\/wp-content\/uploads\/2021\/05\/DSCF6494-180x180.jpg 180w, https:\/\/www.lynaderm.com\/wp-content\/uploads\/2021\/05\/DSCF6494-600x600.jpg 600w, https:\/\/www.lynaderm.com\/wp-content\/uploads\/2021\/05\/DSCF6494.jpg 1000w\" sizes=\"auto, (max-width: 300px) 100vw, 300px\" \/><h2 class=\"woocommerce-loop-product__title\">Daily Skin Tonic<\/h2>\n<\/a><a rel=\"nofollow\" href=\"https:\/\/www.lynaderm.com\/tr_tr\/magaza\/satis-urunleri\/temizleyiciler-satis-urunleri\/daily-skin-tonic\/\" data-quantity=\"1\" data-product_id=\"1163\" data-product_sku=\"\" class=\"button product_type_simple ajax_add_to_cart\">Devam\u0131n\u0131 oku<\/a><\/li>\n\n\t\t\t\t\n\t\t\t\t\t<li class=\"post-1211 product type-product status-publish has-post-thumbnail product_cat-bakim-kremleri-satis-urunleri product_cat-satis-urunleri product_tag-satis-urunleri last outofstock shipping-taxable product-type-simple\">\n\t<a href=\"https:\/\/www.lynaderm.com\/tr_tr\/magaza\/satis-urunleri\/eye-care-cream\/\" class=\"woocommerce-LoopProduct-link\"><img loading=\"lazy\" decoding=\"async\" width=\"300\" height=\"300\" src=\"https:\/\/www.lynaderm.com\/wp-content\/uploads\/2021\/05\/1.13-300x300.png\" class=\"attachment-shop_catalog size-shop_catalog wp-post-image\" alt=\"ice care cream\" title=\"ice care cream\" srcset=\"https:\/\/www.lynaderm.com\/wp-content\/uploads\/2021\/05\/1.13-300x300.png 300w, https:\/\/www.lynaderm.com\/wp-content\/uploads\/2021\/05\/1.13-150x150.png 150w, https:\/\/www.lynaderm.com\/wp-content\/uploads\/2021\/05\/1.13-12x12.png 12w, https:\/\/www.lynaderm.com\/wp-content\/uploads\/2021\/05\/1.13-180x180.png 180w, https:\/\/www.lynaderm.com\/wp-content\/uploads\/2021\/05\/1.13.png 600w\" sizes=\"auto, (max-width: 300px) 100vw, 300px\" \/><h2 class=\"woocommerce-loop-product__title\">Eye Care Cream<\/h2>\n<\/a><a rel=\"nofollow\" href=\"https:\/\/www.lynaderm.com\/tr_tr\/magaza\/satis-urunleri\/eye-care-cream\/\" data-quantity=\"1\" data-product_id=\"1211\" data-product_sku=\"\" class=\"button product_type_simple ajax_add_to_cart\">Devam\u0131n\u0131 oku<\/a><\/li>\n\n\t\t\t\t\n\t\t\t\t\t<li class=\"post-1181 product type-product status-publish has-post-thumbnail product_cat-maskeler-satis-urunleri product_tag-satis-urunleri first outofstock shipping-taxable product-type-simple\">\n\t<a href=\"https:\/\/www.lynaderm.com\/tr_tr\/magaza\/satis-urunleri\/maskeler-satis-urunleri\/hyaluronic-maske\/\" class=\"woocommerce-LoopProduct-link\"><img loading=\"lazy\" decoding=\"async\" width=\"300\" height=\"300\" src=\"https:\/\/www.lynaderm.com\/wp-content\/uploads\/2021\/05\/hyaluronic-mask-lynaderm-300x300.jpg\" class=\"attachment-shop_catalog size-shop_catalog wp-post-image\" alt=\"hyaluronic-mask-lynaderm\" title=\"hyaluronic-mask-lynaderm\" srcset=\"https:\/\/www.lynaderm.com\/wp-content\/uploads\/2021\/05\/hyaluronic-mask-lynaderm-300x300.jpg 300w, https:\/\/www.lynaderm.com\/wp-content\/uploads\/2021\/05\/hyaluronic-mask-lynaderm-150x150.jpg 150w, https:\/\/www.lynaderm.com\/wp-content\/uploads\/2021\/05\/hyaluronic-mask-lynaderm-768x768.jpg 768w, https:\/\/www.lynaderm.com\/wp-content\/uploads\/2021\/05\/hyaluronic-mask-lynaderm-720x720.jpg 720w, https:\/\/www.lynaderm.com\/wp-content\/uploads\/2021\/05\/hyaluronic-mask-lynaderm-180x180.jpg 180w, https:\/\/www.lynaderm.com\/wp-content\/uploads\/2021\/05\/hyaluronic-mask-lynaderm-600x600.jpg 600w, https:\/\/www.lynaderm.com\/wp-content\/uploads\/2021\/05\/hyaluronic-mask-lynaderm.jpg 1000w\" sizes=\"auto, (max-width: 300px) 100vw, 300px\" \/><h2 class=\"woocommerce-loop-product__title\">Hyaluronic Maske<\/h2>\n<\/a><a rel=\"nofollow\" href=\"https:\/\/www.lynaderm.com\/tr_tr\/magaza\/satis-urunleri\/maskeler-satis-urunleri\/hyaluronic-maske\/\" data-quantity=\"1\" data-product_id=\"1181\" data-product_sku=\"\" class=\"button product_type_simple ajax_add_to_cart\">Devam\u0131n\u0131 oku<\/a><\/li>\n\n\t\t\t\t\n\t\t\t\t\t<li class=\"post-1191 product type-product status-publish has-post-thumbnail product_cat-serumlar-satis-urunleri product_tag-satis-urunleri  outofstock shipping-taxable product-type-simple\">\n\t<a href=\"https:\/\/www.lynaderm.com\/tr_tr\/magaza\/satis-urunleri\/serumlar-satis-urunleri\/hyaluronic-serum\/\" class=\"woocommerce-LoopProduct-link\"><img loading=\"lazy\" decoding=\"async\" width=\"300\" height=\"300\" src=\"https:\/\/www.lynaderm.com\/wp-content\/uploads\/2022\/10\/hyaluranic-serum-300x300.jpg\" class=\"attachment-shop_catalog size-shop_catalog wp-post-image\" alt=\"hyaluranic serum\" title=\"hyaluranic serum\" srcset=\"https:\/\/www.lynaderm.com\/wp-content\/uploads\/2022\/10\/hyaluranic-serum-300x300.jpg 300w, https:\/\/www.lynaderm.com\/wp-content\/uploads\/2022\/10\/hyaluranic-serum-150x150.jpg 150w, https:\/\/www.lynaderm.com\/wp-content\/uploads\/2022\/10\/hyaluranic-serum-768x768.jpg 768w, https:\/\/www.lynaderm.com\/wp-content\/uploads\/2022\/10\/hyaluranic-serum-720x720.jpg 720w, https:\/\/www.lynaderm.com\/wp-content\/uploads\/2022\/10\/hyaluranic-serum-180x180.jpg 180w, https:\/\/www.lynaderm.com\/wp-content\/uploads\/2022\/10\/hyaluranic-serum-600x600.jpg 600w, https:\/\/www.lynaderm.com\/wp-content\/uploads\/2022\/10\/hyaluranic-serum.jpg 1000w\" sizes=\"auto, (max-width: 300px) 100vw, 300px\" \/><h2 class=\"woocommerce-loop-product__title\">Hyaluronic Serum<\/h2>\n<\/a><a rel=\"nofollow\" href=\"https:\/\/www.lynaderm.com\/tr_tr\/magaza\/satis-urunleri\/serumlar-satis-urunleri\/hyaluronic-serum\/\" data-quantity=\"1\" data-product_id=\"1191\" data-product_sku=\"\" class=\"button product_type_simple ajax_add_to_cart\">Devam\u0131n\u0131 oku<\/a><\/li>\n\n\t\t\t\t\n\t\t\t\t\t<li class=\"post-1210 product type-product status-publish has-post-thumbnail product_cat-bakim-kremleri-satis-urunleri product_cat-satis-urunleri product_tag-satis-urunleri last outofstock shipping-taxable product-type-simple\">\n\t<a href=\"https:\/\/www.lynaderm.com\/tr_tr\/magaza\/satis-urunleri\/hydrating-cream\/\" class=\"woocommerce-LoopProduct-link\"><img loading=\"lazy\" decoding=\"async\" width=\"300\" height=\"300\" src=\"https:\/\/www.lynaderm.com\/wp-content\/uploads\/2021\/05\/hydrating-cream-300x300.png\" class=\"attachment-shop_catalog size-shop_catalog wp-post-image\" alt=\"hydrating cream\" title=\"hydrating cream\" srcset=\"https:\/\/www.lynaderm.com\/wp-content\/uploads\/2021\/05\/hydrating-cream-300x300.png 300w, https:\/\/www.lynaderm.com\/wp-content\/uploads\/2021\/05\/hydrating-cream-150x150.png 150w, https:\/\/www.lynaderm.com\/wp-content\/uploads\/2021\/05\/hydrating-cream-12x12.png 12w, https:\/\/www.lynaderm.com\/wp-content\/uploads\/2021\/05\/hydrating-cream-180x180.png 180w, https:\/\/www.lynaderm.com\/wp-content\/uploads\/2021\/05\/hydrating-cream.png 600w\" sizes=\"auto, (max-width: 300px) 100vw, 300px\" \/><h2 class=\"woocommerce-loop-product__title\">Hydrating Cream<\/h2>\n<\/a><a rel=\"nofollow\" href=\"https:\/\/www.lynaderm.com\/tr_tr\/magaza\/satis-urunleri\/hydrating-cream\/\" data-quantity=\"1\" data-product_id=\"1210\" data-product_sku=\"\" class=\"button product_type_simple ajax_add_to_cart\">Devam\u0131n\u0131 oku<\/a><\/li>\n\n\t\t\t\t\n\t\t\t\t\t<li class=\"post-1540 product type-product status-publish has-post-thumbnail product_cat-maskeler-satis-urunleri product_tag-satis-urunleri first outofstock shipping-taxable product-type-simple\">\n\t<a href=\"https:\/\/www.lynaderm.com\/tr_tr\/magaza\/satis-urunleri\/maskeler-satis-urunleri\/lavender-maske\/\" class=\"woocommerce-LoopProduct-link\"><img loading=\"lazy\" decoding=\"async\" width=\"300\" height=\"300\" src=\"https:\/\/www.lynaderm.com\/wp-content\/uploads\/2022\/10\/lavender-mask-e-300x300.jpg\" class=\"attachment-shop_catalog size-shop_catalog wp-post-image\" alt=\"lavender-mask-e\" title=\"lavender-mask-e\" srcset=\"https:\/\/www.lynaderm.com\/wp-content\/uploads\/2022\/10\/lavender-mask-e-300x300.jpg 300w, https:\/\/www.lynaderm.com\/wp-content\/uploads\/2022\/10\/lavender-mask-e-150x150.jpg 150w, https:\/\/www.lynaderm.com\/wp-content\/uploads\/2022\/10\/lavender-mask-e-768x768.jpg 768w, https:\/\/www.lynaderm.com\/wp-content\/uploads\/2022\/10\/lavender-mask-e-720x720.jpg 720w, https:\/\/www.lynaderm.com\/wp-content\/uploads\/2022\/10\/lavender-mask-e-180x180.jpg 180w, https:\/\/www.lynaderm.com\/wp-content\/uploads\/2022\/10\/lavender-mask-e-600x600.jpg 600w, https:\/\/www.lynaderm.com\/wp-content\/uploads\/2022\/10\/lavender-mask-e.jpg 1000w\" sizes=\"auto, (max-width: 300px) 100vw, 300px\" \/><h2 class=\"woocommerce-loop-product__title\">Lavender\u00a0 Maske<\/h2>\n<\/a><a rel=\"nofollow\" href=\"https:\/\/www.lynaderm.com\/tr_tr\/magaza\/satis-urunleri\/maskeler-satis-urunleri\/lavender-maske\/\" data-quantity=\"1\" data-product_id=\"1540\" data-product_sku=\"\" class=\"button product_type_simple ajax_add_to_cart\">Devam\u0131n\u0131 oku<\/a><\/li>\n\n\t\t\t\t\n\t\t\t\t\t<li class=\"post-1416 product type-product status-publish has-post-thumbnail product_cat-temizleyiciler product_tag-kabin-urunleri  outofstock shipping-taxable product-type-simple\">\n\t<a href=\"https:\/\/www.lynaderm.com\/tr_tr\/magaza\/kabin-urunleri\/temizleyiciler\/micellar-cleansing-water\/\" class=\"woocommerce-LoopProduct-link\"><img loading=\"lazy\" decoding=\"async\" width=\"300\" height=\"300\" src=\"https:\/\/www.lynaderm.com\/wp-content\/uploads\/2022\/10\/Micellar-Cleansing-Water--300x300.jpg\" class=\"attachment-shop_catalog size-shop_catalog wp-post-image\" alt=\"Micellar Cleansing Water\" title=\"Micellar Cleansing Water\" srcset=\"https:\/\/www.lynaderm.com\/wp-content\/uploads\/2022\/10\/Micellar-Cleansing-Water--300x300.jpg 300w, https:\/\/www.lynaderm.com\/wp-content\/uploads\/2022\/10\/Micellar-Cleansing-Water--150x150.jpg 150w, https:\/\/www.lynaderm.com\/wp-content\/uploads\/2022\/10\/Micellar-Cleansing-Water--768x768.jpg 768w, https:\/\/www.lynaderm.com\/wp-content\/uploads\/2022\/10\/Micellar-Cleansing-Water--720x720.jpg 720w, https:\/\/www.lynaderm.com\/wp-content\/uploads\/2022\/10\/Micellar-Cleansing-Water--180x180.jpg 180w, https:\/\/www.lynaderm.com\/wp-content\/uploads\/2022\/10\/Micellar-Cleansing-Water--600x600.jpg 600w, https:\/\/www.lynaderm.com\/wp-content\/uploads\/2022\/10\/Micellar-Cleansing-Water-.jpg 1000w\" sizes=\"auto, (max-width: 300px) 100vw, 300px\" \/><h2 class=\"woocommerce-loop-product__title\">Micellar Cleansing Water<\/h2>\n<\/a><a rel=\"nofollow\" href=\"https:\/\/www.lynaderm.com\/tr_tr\/magaza\/kabin-urunleri\/temizleyiciler\/micellar-cleansing-water\/\" data-quantity=\"1\" data-product_id=\"1416\" data-product_sku=\"\" class=\"button product_type_simple ajax_add_to_cart\">Devam\u0131n\u0131 oku<\/a><\/li>\n\n\t\t\t\t\n\t\t\t\t\t<li class=\"post-1212 product type-product status-publish has-post-thumbnail product_cat-bakim-kremleri-satis-urunleri product_tag-satis-urunleri last outofstock shipping-taxable product-type-simple\">\n\t<a href=\"https:\/\/www.lynaderm.com\/tr_tr\/magaza\/satis-urunleri\/bakim-kremleri-satis-urunleri\/sun-cream\/\" class=\"woocommerce-LoopProduct-link\"><img loading=\"lazy\" decoding=\"async\" width=\"300\" height=\"300\" src=\"https:\/\/www.lynaderm.com\/wp-content\/uploads\/2022\/10\/spf-50-300x300.jpg\" class=\"attachment-shop_catalog size-shop_catalog wp-post-image\" alt=\"spf 50\" title=\"spf 50\" srcset=\"https:\/\/www.lynaderm.com\/wp-content\/uploads\/2022\/10\/spf-50-300x300.jpg 300w, https:\/\/www.lynaderm.com\/wp-content\/uploads\/2022\/10\/spf-50-150x150.jpg 150w, https:\/\/www.lynaderm.com\/wp-content\/uploads\/2022\/10\/spf-50-768x768.jpg 768w, https:\/\/www.lynaderm.com\/wp-content\/uploads\/2022\/10\/spf-50-720x720.jpg 720w, https:\/\/www.lynaderm.com\/wp-content\/uploads\/2022\/10\/spf-50-180x180.jpg 180w, https:\/\/www.lynaderm.com\/wp-content\/uploads\/2022\/10\/spf-50-600x600.jpg 600w, https:\/\/www.lynaderm.com\/wp-content\/uploads\/2022\/10\/spf-50.jpg 1000w\" sizes=\"auto, (max-width: 300px) 100vw, 300px\" \/><h2 class=\"woocommerce-loop-product__title\">Sun Cream<\/h2>\n<\/a><a rel=\"nofollow\" href=\"https:\/\/www.lynaderm.com\/tr_tr\/magaza\/satis-urunleri\/bakim-kremleri-satis-urunleri\/sun-cream\/\" data-quantity=\"1\" data-product_id=\"1212\" data-product_sku=\"\" class=\"button product_type_simple ajax_add_to_cart\">Devam\u0131n\u0131 oku<\/a><\/li>\n\n\t\t\t\t\n\t\t\t<\/ul>\n\n\t\t\t\n\t\t\t<\/div><\/div><\/div><\/div><\/div>\n","protected":false},"excerpt":{"rendered":"","protected":false},"author":1,"featured_media":0,"parent":0,"menu_order":0,"comment_status":"closed","ping_status":"closed","template":"","meta":{"footnotes":""},"class_list":["post-1309","page","type-page","status-publish","hentry"],"_links":{"self":[{"href":"https:\/\/www.lynaderm.com\/tr_tr\/wp-json\/wp\/v2\/pages\/1309","targetHints":{"allow":["GET"]}}],"collection":[{"href":"https:\/\/www.lynaderm.com\/tr_tr\/wp-json\/wp\/v2\/pages"}],"about":[{"href":"https:\/\/www.lynaderm.com\/tr_tr\/wp-json\/wp\/v2\/types\/page"}],"author":[{"embeddable":true,"href":"https:\/\/www.lynaderm.com\/tr_tr\/wp-json\/wp\/v2\/users\/1"}],"replies":[{"embeddable":true,"href":"https:\/\/www.lynaderm.com\/tr_tr\/wp-json\/wp\/v2\/comments?post=1309"}],"version-history":[{"count":4,"href":"https:\/\/www.lynaderm.com\/tr_tr\/wp-json\/wp\/v2\/pages\/1309\/revisions"}],"predecessor-version":[{"id":1671,"href":"https:\/\/www.lynaderm.com\/tr_tr\/wp-json\/wp\/v2\/pages\/1309\/revisions\/1671"}],"wp:attachment":[{"href":"https:\/\/www.lynaderm.com\/tr_tr\/wp-json\/wp\/v2\/media?parent=1309"}],"curies":[{"name":"wp","href":"https:\/\/api.w.org\/{rel}","templated":true}]}}