{"id":1315,"date":"2021-05-12T08:00:23","date_gmt":"2021-05-12T08:00:23","guid":{"rendered":"https:\/\/www.lynaderm.com\/?page_id=1315"},"modified":"2022-10-28T10:43:19","modified_gmt":"2022-10-28T10:43:19","slug":"yagli-ve-gozenekli-ciltler-icin-set","status":"publish","type":"page","link":"https:\/\/www.lynaderm.com\/tr_tr\/yagli-ve-gozenekli-ciltler-icin-set\/","title":{"rendered":"Ya\u011fl\u0131 ve G\u00f6zenekli Ciltler \u0130\u00e7in Set"},"content":{"rendered":"<div class=\"vc_row wpb_row vc_row-fluid vc_custom_1476178289145\"><div class=\"wpb_column vc_column_container vc_col-sm-12\"><div class=\"vc_column-inner\"><div class=\"wpb_wrapper\"> <h3 style=\"color:#727475; padding:px; text-align:; font-size:25px; line-height:25px; letter-spacing: px; font-weight:normal;\" class=\"   nd_options_first_font \">Ya\u011fl\u0131 ve G\u00f6zenekli Ciltler \u0130\u00e7in Set<\/h3> <div style=\"background-color:; height: 30px;\" class=\"nicdark_section  \"><\/div>\n\t<div class=\"wpb_text_column wpb_content_element \" >\n\t\t<div class=\"wpb_wrapper\">\n\t\t\t<p>Ya\u011fl\u0131 ve g\u00f6zenekli ciltler i\u00e7in haz\u0131rlad\u0131\u011f\u0131m\u0131z a\u015fa\u011f\u0131daki seti kullanarak \u00e7ok daha mat ve do\u011fal nemli bir cilde sahip olabilirsiniz!<\/p>\n\n\t\t<\/div>\n\t<\/div>\n<div style=\"background-color:; height: 30px;\" class=\"nicdark_section  \"><\/div><\/div><\/div><\/div><\/div><div class=\"vc_row wpb_row vc_row-fluid\"><div class=\"wpb_column vc_column_container vc_col-sm-12\"><div class=\"vc_column-inner\"><div class=\"wpb_wrapper\"><div class=\"woocommerce columns-3\">\n\t\t\t\n\t\t\t<ul class=\"products\">\n\n\t\t\t\t\n\t\t\t\t\t<li class=\"post-1190 product type-product status-publish has-post-thumbnail product_cat-serumlar-satis-urunleri product_tag-satis-urunleri first outofstock shipping-taxable product-type-simple\">\n\t<a href=\"https:\/\/www.lynaderm.com\/tr_tr\/magaza\/satis-urunleri\/serumlar-satis-urunleri\/acne-serum\/\" class=\"woocommerce-LoopProduct-link\"><img loading=\"lazy\" decoding=\"async\" width=\"300\" height=\"300\" src=\"https:\/\/www.lynaderm.com\/wp-content\/uploads\/2022\/10\/acne-serum-lynaderm-300x300.jpg\" class=\"attachment-shop_catalog size-shop_catalog wp-post-image\" alt=\"acne serum-lynaderm\" title=\"acne serum-lynaderm\" srcset=\"https:\/\/www.lynaderm.com\/wp-content\/uploads\/2022\/10\/acne-serum-lynaderm-300x300.jpg 300w, https:\/\/www.lynaderm.com\/wp-content\/uploads\/2022\/10\/acne-serum-lynaderm-150x150.jpg 150w, https:\/\/www.lynaderm.com\/wp-content\/uploads\/2022\/10\/acne-serum-lynaderm-768x768.jpg 768w, https:\/\/www.lynaderm.com\/wp-content\/uploads\/2022\/10\/acne-serum-lynaderm-720x720.jpg 720w, https:\/\/www.lynaderm.com\/wp-content\/uploads\/2022\/10\/acne-serum-lynaderm-180x180.jpg 180w, https:\/\/www.lynaderm.com\/wp-content\/uploads\/2022\/10\/acne-serum-lynaderm-600x600.jpg 600w, https:\/\/www.lynaderm.com\/wp-content\/uploads\/2022\/10\/acne-serum-lynaderm.jpg 1000w\" sizes=\"auto, (max-width: 300px) 100vw, 300px\" \/><h2 class=\"woocommerce-loop-product__title\">Acne Serum<\/h2>\n<\/a><a rel=\"nofollow\" href=\"https:\/\/www.lynaderm.com\/tr_tr\/magaza\/satis-urunleri\/serumlar-satis-urunleri\/acne-serum\/\" data-quantity=\"1\" data-product_id=\"1190\" data-product_sku=\"\" class=\"button product_type_simple ajax_add_to_cart\">Devam\u0131n\u0131 oku<\/a><\/li>\n\n\t\t\t\t\n\t\t\t\t\t<li class=\"post-1414 product type-product status-publish has-post-thumbnail product_cat-temizleyiciler product_cat-temizleyiciler-satis-urunleri product_tag-kabin-urunleri  outofstock shipping-taxable product-type-simple\">\n\t<a href=\"https:\/\/www.lynaderm.com\/tr_tr\/magaza\/kabin-urunleri\/temizleyiciler\/carbon-mask\/\" class=\"woocommerce-LoopProduct-link\"><img loading=\"lazy\" decoding=\"async\" width=\"300\" height=\"300\" src=\"https:\/\/www.lynaderm.com\/wp-content\/uploads\/2022\/10\/carbon-mask-lynaderm-300x300.jpg\" class=\"attachment-shop_catalog size-shop_catalog wp-post-image\" alt=\"carbon-mask-lynaderm\" title=\"carbon-mask-lynaderm\" srcset=\"https:\/\/www.lynaderm.com\/wp-content\/uploads\/2022\/10\/carbon-mask-lynaderm-300x300.jpg 300w, https:\/\/www.lynaderm.com\/wp-content\/uploads\/2022\/10\/carbon-mask-lynaderm-150x150.jpg 150w, https:\/\/www.lynaderm.com\/wp-content\/uploads\/2022\/10\/carbon-mask-lynaderm-768x768.jpg 768w, https:\/\/www.lynaderm.com\/wp-content\/uploads\/2022\/10\/carbon-mask-lynaderm-720x720.jpg 720w, https:\/\/www.lynaderm.com\/wp-content\/uploads\/2022\/10\/carbon-mask-lynaderm-180x180.jpg 180w, https:\/\/www.lynaderm.com\/wp-content\/uploads\/2022\/10\/carbon-mask-lynaderm-600x600.jpg 600w, https:\/\/www.lynaderm.com\/wp-content\/uploads\/2022\/10\/carbon-mask-lynaderm.jpg 1000w\" sizes=\"auto, (max-width: 300px) 100vw, 300px\" \/><h2 class=\"woocommerce-loop-product__title\">Carbon Mask<\/h2>\n<\/a><a rel=\"nofollow\" href=\"https:\/\/www.lynaderm.com\/tr_tr\/magaza\/kabin-urunleri\/temizleyiciler\/carbon-mask\/\" data-quantity=\"1\" data-product_id=\"1414\" data-product_sku=\"\" class=\"button product_type_simple ajax_add_to_cart\">Devam\u0131n\u0131 oku<\/a><\/li>\n\n\t\t\t\t\n\t\t\t\t\t<li class=\"post-1157 product type-product status-publish has-post-thumbnail product_cat-temizleyiciler-satis-urunleri product_tag-satis-urunleri last outofstock shipping-taxable product-type-simple\">\n\t<a href=\"https:\/\/www.lynaderm.com\/tr_tr\/magaza\/satis-urunleri\/temizleyiciler-satis-urunleri\/deep-cleansing-gel\/\" class=\"woocommerce-LoopProduct-link\"><img loading=\"lazy\" decoding=\"async\" width=\"300\" height=\"300\" src=\"https:\/\/www.lynaderm.com\/wp-content\/uploads\/2021\/05\/DSCF6492-300x300.jpg\" class=\"attachment-shop_catalog size-shop_catalog wp-post-image\" alt=\"DSCF6492\" title=\"DSCF6492\" srcset=\"https:\/\/www.lynaderm.com\/wp-content\/uploads\/2021\/05\/DSCF6492-300x300.jpg 300w, https:\/\/www.lynaderm.com\/wp-content\/uploads\/2021\/05\/DSCF6492-150x150.jpg 150w, https:\/\/www.lynaderm.com\/wp-content\/uploads\/2021\/05\/DSCF6492-768x768.jpg 768w, https:\/\/www.lynaderm.com\/wp-content\/uploads\/2021\/05\/DSCF6492-720x720.jpg 720w, https:\/\/www.lynaderm.com\/wp-content\/uploads\/2021\/05\/DSCF6492-180x180.jpg 180w, https:\/\/www.lynaderm.com\/wp-content\/uploads\/2021\/05\/DSCF6492-600x600.jpg 600w, https:\/\/www.lynaderm.com\/wp-content\/uploads\/2021\/05\/DSCF6492.jpg 1000w\" sizes=\"auto, (max-width: 300px) 100vw, 300px\" \/><h2 class=\"woocommerce-loop-product__title\">Deep Cleansing Gel<\/h2>\n<\/a><a rel=\"nofollow\" href=\"https:\/\/www.lynaderm.com\/tr_tr\/magaza\/satis-urunleri\/temizleyiciler-satis-urunleri\/deep-cleansing-gel\/\" data-quantity=\"1\" data-product_id=\"1157\" data-product_sku=\"\" class=\"button product_type_simple ajax_add_to_cart\">Devam\u0131n\u0131 oku<\/a><\/li>\n\n\t\t\t\t\n\t\t\t\t\t<li class=\"post-1211 product type-product status-publish has-post-thumbnail product_cat-bakim-kremleri-satis-urunleri product_cat-satis-urunleri product_tag-satis-urunleri first outofstock shipping-taxable product-type-simple\">\n\t<a href=\"https:\/\/www.lynaderm.com\/tr_tr\/magaza\/satis-urunleri\/eye-care-cream\/\" class=\"woocommerce-LoopProduct-link\"><img loading=\"lazy\" decoding=\"async\" width=\"300\" height=\"300\" src=\"https:\/\/www.lynaderm.com\/wp-content\/uploads\/2021\/05\/1.13-300x300.png\" class=\"attachment-shop_catalog size-shop_catalog wp-post-image\" alt=\"ice care cream\" title=\"ice care cream\" srcset=\"https:\/\/www.lynaderm.com\/wp-content\/uploads\/2021\/05\/1.13-300x300.png 300w, https:\/\/www.lynaderm.com\/wp-content\/uploads\/2021\/05\/1.13-150x150.png 150w, https:\/\/www.lynaderm.com\/wp-content\/uploads\/2021\/05\/1.13-12x12.png 12w, https:\/\/www.lynaderm.com\/wp-content\/uploads\/2021\/05\/1.13-180x180.png 180w, https:\/\/www.lynaderm.com\/wp-content\/uploads\/2021\/05\/1.13.png 600w\" sizes=\"auto, (max-width: 300px) 100vw, 300px\" \/><h2 class=\"woocommerce-loop-product__title\">Eye Care Cream<\/h2>\n<\/a><a rel=\"nofollow\" href=\"https:\/\/www.lynaderm.com\/tr_tr\/magaza\/satis-urunleri\/eye-care-cream\/\" data-quantity=\"1\" data-product_id=\"1211\" data-product_sku=\"\" class=\"button product_type_simple ajax_add_to_cart\">Devam\u0131n\u0131 oku<\/a><\/li>\n\n\t\t\t\t\n\t\t\t\t\t<li class=\"post-1416 product type-product status-publish has-post-thumbnail product_cat-temizleyiciler product_tag-kabin-urunleri  outofstock shipping-taxable product-type-simple\">\n\t<a href=\"https:\/\/www.lynaderm.com\/tr_tr\/magaza\/kabin-urunleri\/temizleyiciler\/micellar-cleansing-water\/\" class=\"woocommerce-LoopProduct-link\"><img loading=\"lazy\" decoding=\"async\" width=\"300\" height=\"300\" src=\"https:\/\/www.lynaderm.com\/wp-content\/uploads\/2022\/10\/Micellar-Cleansing-Water--300x300.jpg\" class=\"attachment-shop_catalog size-shop_catalog wp-post-image\" alt=\"Micellar Cleansing Water\" title=\"Micellar Cleansing Water\" srcset=\"https:\/\/www.lynaderm.com\/wp-content\/uploads\/2022\/10\/Micellar-Cleansing-Water--300x300.jpg 300w, https:\/\/www.lynaderm.com\/wp-content\/uploads\/2022\/10\/Micellar-Cleansing-Water--150x150.jpg 150w, https:\/\/www.lynaderm.com\/wp-content\/uploads\/2022\/10\/Micellar-Cleansing-Water--768x768.jpg 768w, https:\/\/www.lynaderm.com\/wp-content\/uploads\/2022\/10\/Micellar-Cleansing-Water--720x720.jpg 720w, https:\/\/www.lynaderm.com\/wp-content\/uploads\/2022\/10\/Micellar-Cleansing-Water--180x180.jpg 180w, https:\/\/www.lynaderm.com\/wp-content\/uploads\/2022\/10\/Micellar-Cleansing-Water--600x600.jpg 600w, https:\/\/www.lynaderm.com\/wp-content\/uploads\/2022\/10\/Micellar-Cleansing-Water-.jpg 1000w\" sizes=\"auto, (max-width: 300px) 100vw, 300px\" \/><h2 class=\"woocommerce-loop-product__title\">Micellar Cleansing Water<\/h2>\n<\/a><a rel=\"nofollow\" href=\"https:\/\/www.lynaderm.com\/tr_tr\/magaza\/kabin-urunleri\/temizleyiciler\/micellar-cleansing-water\/\" data-quantity=\"1\" data-product_id=\"1416\" data-product_sku=\"\" class=\"button product_type_simple ajax_add_to_cart\">Devam\u0131n\u0131 oku<\/a><\/li>\n\n\t\t\t\t\n\t\t\t\t\t<li class=\"post-1193 product type-product status-publish has-post-thumbnail product_tag-satis-urunleri last outofstock shipping-taxable product-type-simple\">\n\t<a href=\"https:\/\/www.lynaderm.com\/tr_tr\/magaza\/kategorilenmemis\/purifying-cream\/\" class=\"woocommerce-LoopProduct-link\"><img loading=\"lazy\" decoding=\"async\" width=\"300\" height=\"300\" src=\"https:\/\/www.lynaderm.com\/wp-content\/uploads\/2021\/05\/1.12-300x300.png\" class=\"attachment-shop_catalog size-shop_catalog wp-post-image\" alt=\"1.12\" title=\"1.12\" srcset=\"https:\/\/www.lynaderm.com\/wp-content\/uploads\/2021\/05\/1.12-300x300.png 300w, https:\/\/www.lynaderm.com\/wp-content\/uploads\/2021\/05\/1.12-150x150.png 150w, https:\/\/www.lynaderm.com\/wp-content\/uploads\/2021\/05\/1.12-12x12.png 12w, https:\/\/www.lynaderm.com\/wp-content\/uploads\/2021\/05\/1.12-180x180.png 180w, https:\/\/www.lynaderm.com\/wp-content\/uploads\/2021\/05\/1.12.png 600w\" sizes=\"auto, (max-width: 300px) 100vw, 300px\" \/><h2 class=\"woocommerce-loop-product__title\">Purifying Cream<\/h2>\n<\/a><a rel=\"nofollow\" href=\"https:\/\/www.lynaderm.com\/tr_tr\/magaza\/kategorilenmemis\/purifying-cream\/\" data-quantity=\"1\" data-product_id=\"1193\" data-product_sku=\"\" class=\"button product_type_simple ajax_add_to_cart\">Devam\u0131n\u0131 oku<\/a><\/li>\n\n\t\t\t\t\n\t\t\t\t\t<li class=\"post-1161 product type-product status-publish has-post-thumbnail product_cat-temizleyiciler-satis-urunleri product_tag-satis-urunleri first outofstock shipping-taxable product-type-simple\">\n\t<a href=\"https:\/\/www.lynaderm.com\/tr_tr\/magaza\/satis-urunleri\/temizleyiciler-satis-urunleri\/purifying-tonic\/\" class=\"woocommerce-LoopProduct-link\"><img loading=\"lazy\" decoding=\"async\" width=\"300\" height=\"300\" src=\"https:\/\/www.lynaderm.com\/wp-content\/uploads\/2021\/05\/DSCF6493-300x300.jpg\" class=\"attachment-shop_catalog size-shop_catalog wp-post-image\" alt=\"DSCF6493\" title=\"DSCF6493\" srcset=\"https:\/\/www.lynaderm.com\/wp-content\/uploads\/2021\/05\/DSCF6493-300x300.jpg 300w, https:\/\/www.lynaderm.com\/wp-content\/uploads\/2021\/05\/DSCF6493-150x150.jpg 150w, https:\/\/www.lynaderm.com\/wp-content\/uploads\/2021\/05\/DSCF6493-768x768.jpg 768w, https:\/\/www.lynaderm.com\/wp-content\/uploads\/2021\/05\/DSCF6493-720x720.jpg 720w, https:\/\/www.lynaderm.com\/wp-content\/uploads\/2021\/05\/DSCF6493-180x180.jpg 180w, https:\/\/www.lynaderm.com\/wp-content\/uploads\/2021\/05\/DSCF6493-600x600.jpg 600w, https:\/\/www.lynaderm.com\/wp-content\/uploads\/2021\/05\/DSCF6493.jpg 1000w\" sizes=\"auto, (max-width: 300px) 100vw, 300px\" \/><h2 class=\"woocommerce-loop-product__title\">Purifying Tonic<\/h2>\n<\/a><a rel=\"nofollow\" href=\"https:\/\/www.lynaderm.com\/tr_tr\/magaza\/satis-urunleri\/temizleyiciler-satis-urunleri\/purifying-tonic\/\" data-quantity=\"1\" data-product_id=\"1161\" data-product_sku=\"\" class=\"button product_type_simple ajax_add_to_cart\">Devam\u0131n\u0131 oku<\/a><\/li>\n\n\t\t\t\t\n\t\t\t\t\t<li class=\"post-1071 product type-product status-publish has-post-thumbnail product_cat-temizleyiciler product_tag-kabin-urunleri  outofstock shipping-taxable product-type-simple\">\n\t<a href=\"https:\/\/www.lynaderm.com\/tr_tr\/magaza\/kabin-urunleri\/temizleyiciler\/rice-peeling\/\" class=\"woocommerce-LoopProduct-link\"><img loading=\"lazy\" decoding=\"async\" width=\"300\" height=\"300\" src=\"https:\/\/www.lynaderm.com\/wp-content\/uploads\/2021\/05\/rice-peeeling-300x300.jpg\" class=\"attachment-shop_catalog size-shop_catalog wp-post-image\" alt=\"rice peeeling\" title=\"rice peeeling\" srcset=\"https:\/\/www.lynaderm.com\/wp-content\/uploads\/2021\/05\/rice-peeeling-300x300.jpg 300w, https:\/\/www.lynaderm.com\/wp-content\/uploads\/2021\/05\/rice-peeeling-150x150.jpg 150w, https:\/\/www.lynaderm.com\/wp-content\/uploads\/2021\/05\/rice-peeeling-768x768.jpg 768w, https:\/\/www.lynaderm.com\/wp-content\/uploads\/2021\/05\/rice-peeeling-720x720.jpg 720w, https:\/\/www.lynaderm.com\/wp-content\/uploads\/2021\/05\/rice-peeeling-180x180.jpg 180w, https:\/\/www.lynaderm.com\/wp-content\/uploads\/2021\/05\/rice-peeeling-600x600.jpg 600w, https:\/\/www.lynaderm.com\/wp-content\/uploads\/2021\/05\/rice-peeeling.jpg 1000w\" sizes=\"auto, (max-width: 300px) 100vw, 300px\" \/><h2 class=\"woocommerce-loop-product__title\">Rice Peeling<\/h2>\n<\/a><a rel=\"nofollow\" href=\"https:\/\/www.lynaderm.com\/tr_tr\/magaza\/kabin-urunleri\/temizleyiciler\/rice-peeling\/\" data-quantity=\"1\" data-product_id=\"1071\" data-product_sku=\"\" class=\"button product_type_simple ajax_add_to_cart\">Devam\u0131n\u0131 oku<\/a><\/li>\n\n\t\t\t\t\n\t\t\t\t\t<li class=\"post-1212 product type-product status-publish has-post-thumbnail product_cat-bakim-kremleri-satis-urunleri product_tag-satis-urunleri last outofstock shipping-taxable product-type-simple\">\n\t<a href=\"https:\/\/www.lynaderm.com\/tr_tr\/magaza\/satis-urunleri\/bakim-kremleri-satis-urunleri\/sun-cream\/\" class=\"woocommerce-LoopProduct-link\"><img loading=\"lazy\" decoding=\"async\" width=\"300\" height=\"300\" src=\"https:\/\/www.lynaderm.com\/wp-content\/uploads\/2022\/10\/spf-50-300x300.jpg\" class=\"attachment-shop_catalog size-shop_catalog wp-post-image\" alt=\"spf 50\" title=\"spf 50\" srcset=\"https:\/\/www.lynaderm.com\/wp-content\/uploads\/2022\/10\/spf-50-300x300.jpg 300w, https:\/\/www.lynaderm.com\/wp-content\/uploads\/2022\/10\/spf-50-150x150.jpg 150w, https:\/\/www.lynaderm.com\/wp-content\/uploads\/2022\/10\/spf-50-768x768.jpg 768w, https:\/\/www.lynaderm.com\/wp-content\/uploads\/2022\/10\/spf-50-720x720.jpg 720w, https:\/\/www.lynaderm.com\/wp-content\/uploads\/2022\/10\/spf-50-180x180.jpg 180w, https:\/\/www.lynaderm.com\/wp-content\/uploads\/2022\/10\/spf-50-600x600.jpg 600w, https:\/\/www.lynaderm.com\/wp-content\/uploads\/2022\/10\/spf-50.jpg 1000w\" sizes=\"auto, (max-width: 300px) 100vw, 300px\" \/><h2 class=\"woocommerce-loop-product__title\">Sun Cream<\/h2>\n<\/a><a rel=\"nofollow\" href=\"https:\/\/www.lynaderm.com\/tr_tr\/magaza\/satis-urunleri\/bakim-kremleri-satis-urunleri\/sun-cream\/\" data-quantity=\"1\" data-product_id=\"1212\" data-product_sku=\"\" class=\"button product_type_simple ajax_add_to_cart\">Devam\u0131n\u0131 oku<\/a><\/li>\n\n\t\t\t\t\n\t\t\t\t\t<li class=\"post-1173 product type-product status-publish has-post-thumbnail product_cat-maskeler-satis-urunleri product_tag-satis-urunleri first outofstock shipping-taxable product-type-simple\">\n\t<a href=\"https:\/\/www.lynaderm.com\/tr_tr\/magaza\/satis-urunleri\/maskeler-satis-urunleri\/tea-tree-maske\/\" class=\"woocommerce-LoopProduct-link\"><img loading=\"lazy\" decoding=\"async\" width=\"300\" height=\"300\" src=\"https:\/\/www.lynaderm.com\/wp-content\/uploads\/2021\/05\/teatree-mask-300x300.jpg\" class=\"attachment-shop_catalog size-shop_catalog wp-post-image\" alt=\"teatree-mask\" title=\"teatree-mask\" srcset=\"https:\/\/www.lynaderm.com\/wp-content\/uploads\/2021\/05\/teatree-mask-300x300.jpg 300w, https:\/\/www.lynaderm.com\/wp-content\/uploads\/2021\/05\/teatree-mask-150x150.jpg 150w, https:\/\/www.lynaderm.com\/wp-content\/uploads\/2021\/05\/teatree-mask-768x768.jpg 768w, https:\/\/www.lynaderm.com\/wp-content\/uploads\/2021\/05\/teatree-mask-720x720.jpg 720w, https:\/\/www.lynaderm.com\/wp-content\/uploads\/2021\/05\/teatree-mask-180x180.jpg 180w, https:\/\/www.lynaderm.com\/wp-content\/uploads\/2021\/05\/teatree-mask-600x600.jpg 600w, https:\/\/www.lynaderm.com\/wp-content\/uploads\/2021\/05\/teatree-mask.jpg 1000w\" sizes=\"auto, (max-width: 300px) 100vw, 300px\" \/><h2 class=\"woocommerce-loop-product__title\">Tea Tree Maske<\/h2>\n<\/a><a rel=\"nofollow\" href=\"https:\/\/www.lynaderm.com\/tr_tr\/magaza\/satis-urunleri\/maskeler-satis-urunleri\/tea-tree-maske\/\" data-quantity=\"1\" data-product_id=\"1173\" data-product_sku=\"\" class=\"button product_type_simple ajax_add_to_cart\">Devam\u0131n\u0131 oku<\/a><\/li>\n\n\t\t\t\t\n\t\t\t<\/ul>\n\n\t\t\t\n\t\t\t<\/div><\/div><\/div><\/div><\/div>\n","protected":false},"excerpt":{"rendered":"","protected":false},"author":1,"featured_media":0,"parent":0,"menu_order":0,"comment_status":"closed","ping_status":"closed","template":"","meta":{"footnotes":""},"class_list":["post-1315","page","type-page","status-publish","hentry"],"_links":{"self":[{"href":"https:\/\/www.lynaderm.com\/tr_tr\/wp-json\/wp\/v2\/pages\/1315","targetHints":{"allow":["GET"]}}],"collection":[{"href":"https:\/\/www.lynaderm.com\/tr_tr\/wp-json\/wp\/v2\/pages"}],"about":[{"href":"https:\/\/www.lynaderm.com\/tr_tr\/wp-json\/wp\/v2\/types\/page"}],"author":[{"embeddable":true,"href":"https:\/\/www.lynaderm.com\/tr_tr\/wp-json\/wp\/v2\/users\/1"}],"replies":[{"embeddable":true,"href":"https:\/\/www.lynaderm.com\/tr_tr\/wp-json\/wp\/v2\/comments?post=1315"}],"version-history":[{"count":3,"href":"https:\/\/www.lynaderm.com\/tr_tr\/wp-json\/wp\/v2\/pages\/1315\/revisions"}],"predecessor-version":[{"id":1678,"href":"https:\/\/www.lynaderm.com\/tr_tr\/wp-json\/wp\/v2\/pages\/1315\/revisions\/1678"}],"wp:attachment":[{"href":"https:\/\/www.lynaderm.com\/tr_tr\/wp-json\/wp\/v2\/media?parent=1315"}],"curies":[{"name":"wp","href":"https:\/\/api.w.org\/{rel}","templated":true}]}}