{"id":1318,"date":"2021-05-12T08:21:34","date_gmt":"2021-05-12T08:21:34","guid":{"rendered":"https:\/\/www.lynaderm.com\/?page_id=1318"},"modified":"2022-11-25T08:55:04","modified_gmt":"2022-11-25T08:55:04","slug":"cilt-tiplerine-ozel-setler","status":"publish","type":"page","link":"https:\/\/www.lynaderm.com\/tr_tr\/cilt-tiplerine-ozel-setler\/","title":{"rendered":"Cilt Tiplerine \u00d6zel Setler"},"content":{"rendered":"<div class=\"vc_row wpb_row vc_row-fluid vc_custom_1620806785011 vc_row-has-fill vc_row-o-equal-height vc_row-flex\"><div class=\"wpb_column vc_column_container vc_col-sm-12\"><div class=\"vc_column-inner\"><div class=\"wpb_wrapper\"><div style=\"background-color:; height: 20px;\" class=\"nicdark_section  \"><\/div> <h3 style=\"color:#ffffff; padding:px; text-align:; font-size:25px; line-height:25px; letter-spacing: px; font-weight:normal;\" class=\"   nd_options_first_font \">Cilt Tiplerine \u00d6zel Setler<\/h3> <div style=\"background-color:; height: 50px;\" class=\"nicdark_section  \"><\/div><\/div><\/div><\/div><\/div><div class=\"vc_row wpb_row vc_row-fluid vc_custom_1476178289145\"><div class=\"wpb_column vc_column_container vc_col-sm-12\"><div class=\"vc_column-inner\"><div class=\"wpb_wrapper\">\n\t<div class=\"wpb_text_column wpb_content_element \" >\n\t\t<div class=\"wpb_wrapper\">\n\t\t\t<p>Her cilt tipi kendine uygun bak\u0131m g\u00f6rmek ister. \u00c7\u00fcnk\u00fc ya\u011fl\u0131 bir cilde uygulanacak bak\u0131m ile kuru ciltler i\u00e7in uygulanacak bak\u0131m birbirinden son derece farkl\u0131 olacakt\u0131r. A\u015fa\u011f\u0131da kendi cilt tipinize uygun setleri bulabilirsiniz!<\/p>\n\n\t\t<\/div>\n\t<\/div>\n<div style=\"background-color:; height: 30px;\" class=\"nicdark_section  \"><\/div><\/div><\/div><\/div><\/div><div class=\"vc_row wpb_row vc_row-fluid\"><div class=\"wpb_column vc_column_container vc_col-sm-6\"><div class=\"vc_column-inner\"><div class=\"wpb_wrapper\"><div style=\"background-color:; height: 10px;\" class=\"nicdark_section  \"><\/div>\n\n  <!--START FOCUS-->\n  <div class=\"nd_options_section nd_options_background_size_cover  \" style=\"background-image:url(https:\/\/www.lynaderm.com\/wp-content\/uploads\/2021\/05\/11.jpg);\">\n                                            \n      <div class=\"nd_options_section nd_options_bg_greydark_alpha_5\">\n          \n          <div class=\"nd_options_section nd_options_text_align_center\">\n          \n            <div class=\"nd_options_section nd_options_height_100\"><\/div>\n              \n            <a rel=\"\" title=\"Akneli Ciltler \u0130\u00e7in Set\" target=\"_self\" class=\"nd_options_color_white\" href=\"https:\/\/www.lynaderm.com\/akneli-ciltler-icin-set\/\">\n              <h1 class=\"nd_options_margin_0_important nd_options_color_white\">\n                AKNEL\u0130 C\u0130LTLER\n              <\/h1>\n            <\/a>\n            <div class=\"nd_options_section nd_options_height_20\"><\/div>\n            <h3 class=\"nd_options_margin_0_important nd_options_text_transform_uppercase nd_options_color_white\"><\/h3>\n\n            <div class=\"nd_options_section nd_options_height_100\"><\/div> \n\n          <\/div>\n\n      <\/div>\n\n  <\/div>\n  <!--END FOCUS-->\n\n   <div style=\"background-color:; height: 10px;\" class=\"nicdark_section  \"><\/div><\/div><\/div><\/div><div class=\"wpb_column vc_column_container vc_col-sm-6\"><div class=\"vc_column-inner\"><div class=\"wpb_wrapper\"><div style=\"background-color:; height: 10px;\" class=\"nicdark_section  \"><\/div>\n\n  <!--START FOCUS-->\n  <div class=\"nd_options_section nd_options_background_size_cover  \" style=\"background-image:url(https:\/\/www.lynaderm.com\/wp-content\/uploads\/2021\/05\/2.jpg);\">\n                                            \n      <div class=\"nd_options_section nd_options_bg_greydark_alpha_5\">\n          \n          <div class=\"nd_options_section nd_options_text_align_center\">\n          \n            <div class=\"nd_options_section nd_options_height_100\"><\/div>\n              \n            <a rel=\"\" title=\"Kuru Ciltler \u0130\u00e7in Set\" target=\"_self\" class=\"nd_options_color_white\" href=\"https:\/\/www.lynaderm.com\/kuru-ciltler-icin-set\/\">\n              <h1 class=\"nd_options_margin_0_important nd_options_color_white\">\n                KURU C\u0130LTLER\n              <\/h1>\n            <\/a>\n            <div class=\"nd_options_section nd_options_height_20\"><\/div>\n            <h3 class=\"nd_options_margin_0_important nd_options_text_transform_uppercase nd_options_color_white\"><\/h3>\n\n            <div class=\"nd_options_section nd_options_height_100\"><\/div> \n\n          <\/div>\n\n      <\/div>\n\n  <\/div>\n  <!--END FOCUS-->\n\n   <div style=\"background-color:; height: 10px;\" class=\"nicdark_section  \"><\/div><\/div><\/div><\/div><\/div><div class=\"vc_row wpb_row vc_row-fluid\"><div class=\"wpb_column vc_column_container vc_col-sm-6\"><div class=\"vc_column-inner\"><div class=\"wpb_wrapper\"><div style=\"background-color:; height: 10px;\" class=\"nicdark_section  \"><\/div>\n\n  <!--START FOCUS-->\n  <div class=\"nd_options_section nd_options_background_size_cover  \" style=\"background-image:url(https:\/\/www.lynaderm.com\/wp-content\/uploads\/2021\/05\/3.jpg);\">\n                                            \n      <div class=\"nd_options_section nd_options_bg_greydark_alpha_5\">\n          \n          <div class=\"nd_options_section nd_options_text_align_center\">\n          \n            <div class=\"nd_options_section nd_options_height_100\"><\/div>\n              \n            <a rel=\"\" title=\"Lekeli Ciltler \u0130\u00e7in Set\" target=\"_self\" class=\"nd_options_color_white\" href=\"https:\/\/www.lynaderm.com\/lekeli-ciltler-icin-set\/\">\n              <h1 class=\"nd_options_margin_0_important nd_options_color_white\">\n                LEKEL\u0130 C\u0130LTLER\n              <\/h1>\n            <\/a>\n            <div class=\"nd_options_section nd_options_height_20\"><\/div>\n            <h3 class=\"nd_options_margin_0_important nd_options_text_transform_uppercase nd_options_color_white\"><\/h3>\n\n            <div class=\"nd_options_section nd_options_height_100\"><\/div> \n\n          <\/div>\n\n      <\/div>\n\n  <\/div>\n  <!--END FOCUS-->\n\n   <div style=\"background-color:; height: 10px;\" class=\"nicdark_section  \"><\/div><\/div><\/div><\/div><div class=\"wpb_column vc_column_container vc_col-sm-6\"><div class=\"vc_column-inner\"><div class=\"wpb_wrapper\"><div style=\"background-color:; height: 10px;\" class=\"nicdark_section  \"><\/div>\n\n  <!--START FOCUS-->\n  <div class=\"nd_options_section nd_options_background_size_cover  \" style=\"background-image:url(https:\/\/www.lynaderm.com\/wp-content\/uploads\/2021\/05\/4-1.jpg);\">\n                                            \n      <div class=\"nd_options_section nd_options_bg_greydark_alpha_5\">\n          \n          <div class=\"nd_options_section nd_options_text_align_center\">\n          \n            <div class=\"nd_options_section nd_options_height_100\"><\/div>\n              \n            <a rel=\"\" title=\"Anti-Aging Seti\" target=\"_self\" class=\"nd_options_color_white\" href=\"https:\/\/www.lynaderm.com\/anti-aging-seti\/\">\n              <h1 class=\"nd_options_margin_0_important nd_options_color_white\">\n                YA\u015eLANMA KAR\u015eITI\n              <\/h1>\n            <\/a>\n            <div class=\"nd_options_section nd_options_height_20\"><\/div>\n            <h3 class=\"nd_options_margin_0_important nd_options_text_transform_uppercase nd_options_color_white\"><\/h3>\n\n            <div class=\"nd_options_section nd_options_height_100\"><\/div> \n\n          <\/div>\n\n      <\/div>\n\n  <\/div>\n  <!--END FOCUS-->\n\n   <div style=\"background-color:; height: 10px;\" class=\"nicdark_section  \"><\/div><\/div><\/div><\/div><\/div><div class=\"vc_row wpb_row vc_row-fluid\"><div class=\"wpb_column vc_column_container vc_col-sm-3\"><div class=\"vc_column-inner\"><div class=\"wpb_wrapper\"><\/div><\/div><\/div><div class=\"wpb_column vc_column_container vc_col-sm-6\"><div class=\"vc_column-inner\"><div class=\"wpb_wrapper\"><div style=\"background-color:; height: 10px;\" class=\"nicdark_section  \"><\/div>\n\n  <!--START FOCUS-->\n  <div class=\"nd_options_section nd_options_background_size_cover  \" style=\"background-image:url(https:\/\/www.lynaderm.com\/wp-content\/uploads\/2021\/05\/5.jpg);\">\n                                            \n      <div class=\"nd_options_section nd_options_bg_greydark_alpha_5\">\n          \n          <div class=\"nd_options_section nd_options_text_align_center\">\n          \n            <div class=\"nd_options_section nd_options_height_100\"><\/div>\n              \n            <a rel=\"\" title=\"Ya\u011fl\u0131 ve G\u00f6zenekli Ciltler \u0130\u00e7in Set\" target=\"_self\" class=\"nd_options_color_white\" href=\"https:\/\/www.lynaderm.com\/yagli-ve-gozenekli-ciltler-icin-set\/\">\n              <h1 class=\"nd_options_margin_0_important nd_options_color_white\">\n                YA\u011eLI VE G\u00d6ZENEKL\u0130 C\u0130LTLER\n              <\/h1>\n            <\/a>\n            <div class=\"nd_options_section nd_options_height_20\"><\/div>\n            <h3 class=\"nd_options_margin_0_important nd_options_text_transform_uppercase nd_options_color_white\"><\/h3>\n\n            <div class=\"nd_options_section nd_options_height_100\"><\/div> \n\n          <\/div>\n\n      <\/div>\n\n  <\/div>\n  <!--END FOCUS-->\n\n   <div style=\"background-color:; height: 10px;\" class=\"nicdark_section  \"><\/div><\/div><\/div><\/div><div class=\"wpb_column vc_column_container vc_col-sm-3\"><div class=\"vc_column-inner\"><div class=\"wpb_wrapper\"><\/div><\/div><\/div><\/div>\n","protected":false},"excerpt":{"rendered":"Cilt Tiplerine \u00d6zel Setler Her cilt tipi kendine uygun bak\u0131m g\u00f6rmek ister. \u00c7\u00fcnk\u00fc ya\u011fl\u0131 bir cilde uygulanacak bak\u0131m ile kuru ciltler i\u00e7in uygulanacak bak\u0131m birbirinden son derece farkl\u0131 olacakt\u0131r. A\u015fa\u011f\u0131da kendi cilt tipinize uygun setleri bulabilirsiniz! AKNEL\u0130 C\u0130LTLER KURU C\u0130LTLER LEKEL\u0130 C\u0130LTLER YA\u015eLANMA KAR\u015eITI YA\u011eLI VE G\u00d6ZENEKL\u0130 C\u0130LTLER","protected":false},"author":1,"featured_media":0,"parent":0,"menu_order":0,"comment_status":"closed","ping_status":"closed","template":"","meta":{"footnotes":""},"class_list":["post-1318","page","type-page","status-publish","hentry"],"_links":{"self":[{"href":"https:\/\/www.lynaderm.com\/tr_tr\/wp-json\/wp\/v2\/pages\/1318","targetHints":{"allow":["GET"]}}],"collection":[{"href":"https:\/\/www.lynaderm.com\/tr_tr\/wp-json\/wp\/v2\/pages"}],"about":[{"href":"https:\/\/www.lynaderm.com\/tr_tr\/wp-json\/wp\/v2\/types\/page"}],"author":[{"embeddable":true,"href":"https:\/\/www.lynaderm.com\/tr_tr\/wp-json\/wp\/v2\/users\/1"}],"replies":[{"embeddable":true,"href":"https:\/\/www.lynaderm.com\/tr_tr\/wp-json\/wp\/v2\/comments?post=1318"}],"version-history":[{"count":27,"href":"https:\/\/www.lynaderm.com\/tr_tr\/wp-json\/wp\/v2\/pages\/1318\/revisions"}],"predecessor-version":[{"id":1719,"href":"https:\/\/www.lynaderm.com\/tr_tr\/wp-json\/wp\/v2\/pages\/1318\/revisions\/1719"}],"wp:attachment":[{"href":"https:\/\/www.lynaderm.com\/tr_tr\/wp-json\/wp\/v2\/media?parent=1318"}],"curies":[{"name":"wp","href":"https:\/\/api.w.org\/{rel}","templated":true}]}}