{"id":28,"date":"2017-01-24T16:05:52","date_gmt":"2017-01-24T16:05:52","guid":{"rendered":"http:\/\/www.nicdarkthemes.com\/themes\/beauty\/wp\/demo\/?page_id=28"},"modified":"2022-10-26T11:53:52","modified_gmt":"2022-10-26T11:53:52","slug":"hakkimizda","status":"publish","type":"page","link":"https:\/\/www.lynaderm.com\/tr_tr\/hakkimizda\/","title":{"rendered":"Hakk\u0131m\u0131zda"},"content":{"rendered":"<div class=\"vc_row wpb_row vc_row-fluid vc_custom_1484579625752\"><div class=\"wpb_column vc_column_container vc_col-sm-6\"><div class=\"vc_column-inner vc_custom_1467360650255\"><div class=\"wpb_wrapper\"> <h2 style=\"color:#727475; padding:px; text-align:right; font-size:40px; line-height:50px; letter-spacing: px; font-weight:bold;\" class=\"  nd_options_text_align_center_responsive_important nd_options_first_font \">Alin Kozmetik; profesyonel g\u00fczellik bak\u0131m sekt\u00f6r\u00fcnde kozmetoloji klinikleri, hastanelerin medikal bak\u0131m ve g\u00fczellik b\u00f6l\u00fcmleri, dermatoloji klinikleri, Spa\u2019lar ve g\u00fczellik salonlar\u0131na Lynaderm markas\u0131 ile destek veren bir firmad\u0131r.<\/h2> <\/div><\/div><\/div><div class=\"wpb_column vc_column_container vc_col-sm-3\"><div class=\"vc_column-inner vc_custom_1467207292391\"><div class=\"wpb_wrapper\"><div style=\"background-color:; height: 15px;\" class=\"nicdark_section  \"><\/div>\n\t<div class=\"wpb_text_column wpb_content_element  nd_options_text_align_center_responsive\" >\n\t\t<div class=\"wpb_wrapper\">\n\t\t\t<p class=\"p1\">Yirmi y\u0131la yak\u0131n zamand\u0131r, \u00e7e\u015fitli \u00e7ok uluslu firmalarda g\u00fczellik uzmanlar\u0131na dan\u0131\u015fmanl\u0131k ve e\u011fitimler veren iki kad\u0131n giri\u015fimci T\u00fclin Akdeniz ve Ahu Uyarlar taraf\u0131ndan 2018 y\u0131l\u0131nda kurulmu\u015ftur.<span class=\"s1\"><br \/>\n<\/span><\/p>\n\n\t\t<\/div>\n\t<\/div>\n<div style=\"background-color:; height: 15px;\" class=\"nicdark_section  \"><\/div>\n\t<div class=\"wpb_text_column wpb_content_element  nd_options_text_align_center_responsive\" >\n\t\t<div class=\"wpb_wrapper\">\n\t\t\t<p>Sekt\u00f6rde medikal bak\u0131mlar\u0131, Spa bak\u0131mlar\u0131, ayl\u0131k, haftal\u0131k rutin cilt bak\u0131mlar\u0131 ile profesyonel kullan\u0131c\u0131n\u0131n elini g\u00fc\u00e7lendiren, penetrasyonu y\u00fcksek ve her \u015feyden \u00f6nemlisi cilt sa\u011fl\u0131\u011f\u0131n\u0131 \u00f6n planda tutan yard\u0131mc\u0131 \u00fcr\u00fcn olan G\u00fcney Kore men\u015feili Peel-Off maskeleri ithal ederek ba\u015flayan Alin Kozmetik; kabin kozmetik \u00fcr\u00fcnleri ve sat\u0131\u015f kozmetik \u00fcr\u00fcnlerini de ekleyerek kendi markas\u0131 olan Lynaderm\u2019in \u00fcr\u00fcn yelpazesini geni\u015fletmi\u015ftir.<\/p>\n\n\t\t<\/div>\n\t<\/div>\n<\/div><\/div><\/div><div class=\"wpb_column vc_column_container vc_col-sm-3\"><div class=\"vc_column-inner vc_custom_1467207298589\"><div class=\"wpb_wrapper\"><div style=\"background-color:; height: 15px;\" class=\"nicdark_section  \"><\/div>\n\t<div class=\"wpb_text_column wpb_content_element  nd_options_text_align_center_responsive\" >\n\t\t<div class=\"wpb_wrapper\">\n\t\t\t<p class=\"p1\">Lynaderm \u00fcr\u00fcnleri cildin yap\u0131s\u0131n\u0131 bozmadan, g\u00fcnl\u00fck hayat\u0131 engellemeden cilde gereken bak\u0131mlar\u0131 sa\u011flar.<span class=\"s1\"><br \/>\n<\/span>T\u00fcm cilt tiplerinde, cildin ihtiyac\u0131na g\u00f6re belirlenen bak\u0131m protokolleri ile profesyonel uzmanlara destek verir.<span class=\"s1\"><br \/>\n<\/span>Ev devam \u00fcr\u00fcnleri ile profesyonel bak\u0131m\u0131, tedavi bak\u0131mlar\u0131n\u0131 destekler. Lynaderm kullan\u0131c\u0131lar\u0131na, gerek i\u015f hayat\u0131n\u0131n yo\u011funlu\u011fu gerekse ya\u015fam\u0131n h\u0131zl\u0131l\u0131\u011f\u0131 kar\u015f\u0131s\u0131nda pratik, etkili ve k\u0131sa s\u00fcrede ciltte etki sa\u011flayan \u00fcr\u00fcnler tasarl\u0131yoruz.<span class=\"s1\"><br \/>\n<\/span><\/p>\n\n\t\t<\/div>\n\t<\/div>\n<div style=\"background-color:; height: 15px;\" class=\"nicdark_section  \"><\/div>\n\t<div class=\"wpb_text_column wpb_content_element  nd_options_text_align_center_responsive\" >\n\t\t<div class=\"wpb_wrapper\">\n\t\t\t<p class=\"p1\">\u00c7\u00fcnk\u00fc biz aynaya bakt\u0131\u011f\u0131nda g\u00fcl\u00fcmseyen kad\u0131nlar\u0131n k\u00fc\u00e7\u00fck bak\u0131mlarla \u0131\u015f\u0131ldayacaklar\u0131n\u0131 biliyoruz.<span class=\"s1\"><b><br \/>\n<\/b><\/span><\/p>\n<p class=\"p2\">Lynaderm ailesi olarak profesyonel uzmanlar\u0131n ve \u00fcr\u00fcnlerimizle dokundu\u011fumuz t\u00fcm kad\u0131nlar\u0131n<b> <\/b>yan\u0131nday\u0131z.<\/p>\n\n\t\t<\/div>\n\t<\/div>\n<\/div><\/div><\/div><\/div><div class=\"vc_row wpb_row vc_row-fluid\"><div class=\"wpb_column vc_column_container vc_col-sm-12\"><div class=\"vc_column-inner\"><div class=\"wpb_wrapper\">\n\t<div class=\"wpb_video_widget wpb_content_element vc_clearfix   vc_video-aspect-ratio-169 vc_video-el-width-100 vc_video-align-left\" >\n\t\t<div class=\"wpb_wrapper\">\n\t\t\t\n\t\t\t<div class=\"wpb_video_wrapper\"><iframe loading=\"lazy\" title=\"Do\u00e7. Dr. SARE AYDIN &amp; AHU UYARLAR | \u0130\u00c7\u0130M\u0130ZDEK\u0130 G\u00dc\u00c7\" width=\"1180\" height=\"664\" src=\"https:\/\/www.youtube.com\/embed\/80cp8TK8O84?feature=oembed\" frameborder=\"0\" allow=\"accelerometer; autoplay; clipboard-write; encrypted-media; gyroscope; picture-in-picture\" allowfullscreen><\/iframe><\/div>\n\t\t<\/div>\n\t<\/div>\n<\/div><\/div><\/div><\/div>\n","protected":false},"excerpt":{"rendered":"Alin Kozmetik; profesyonel g\u00fczellik bak\u0131m sekt\u00f6r\u00fcnde kozmetoloji klinikleri, hastanelerin medikal bak\u0131m ve g\u00fczellik b\u00f6l\u00fcmleri, dermatoloji klinikleri, Spa\u2019lar ve g\u00fczellik salonlar\u0131na Lynaderm markas\u0131 ile destek veren bir firmad\u0131r. Yirmi y\u0131la yak\u0131n zamand\u0131r, \u00e7e\u015fitli \u00e7ok uluslu firmalarda g\u00fczellik uzmanlar\u0131na dan\u0131\u015fmanl\u0131k ve e\u011fitimler veren iki kad\u0131n giri\u015fimci T\u00fclin Akdeniz ve Ahu Uyarlar taraf\u0131ndan 2018 y\u0131l\u0131nda kurulmu\u015ftur. Sekt\u00f6rde medikal [...]","protected":false},"author":1,"featured_media":0,"parent":0,"menu_order":0,"comment_status":"closed","ping_status":"closed","template":"","meta":{"footnotes":""},"class_list":["post-28","page","type-page","status-publish","hentry"],"_links":{"self":[{"href":"https:\/\/www.lynaderm.com\/tr_tr\/wp-json\/wp\/v2\/pages\/28","targetHints":{"allow":["GET"]}}],"collection":[{"href":"https:\/\/www.lynaderm.com\/tr_tr\/wp-json\/wp\/v2\/pages"}],"about":[{"href":"https:\/\/www.lynaderm.com\/tr_tr\/wp-json\/wp\/v2\/types\/page"}],"author":[{"embeddable":true,"href":"https:\/\/www.lynaderm.com\/tr_tr\/wp-json\/wp\/v2\/users\/1"}],"replies":[{"embeddable":true,"href":"https:\/\/www.lynaderm.com\/tr_tr\/wp-json\/wp\/v2\/comments?post=28"}],"version-history":[{"count":7,"href":"https:\/\/www.lynaderm.com\/tr_tr\/wp-json\/wp\/v2\/pages\/28\/revisions"}],"predecessor-version":[{"id":1663,"href":"https:\/\/www.lynaderm.com\/tr_tr\/wp-json\/wp\/v2\/pages\/28\/revisions\/1663"}],"wp:attachment":[{"href":"https:\/\/www.lynaderm.com\/tr_tr\/wp-json\/wp\/v2\/media?parent=28"}],"curies":[{"name":"wp","href":"https:\/\/api.w.org\/{rel}","templated":true}]}}