{"id":1056,"date":"2021-04-29T14:48:20","date_gmt":"2021-04-29T14:48:20","guid":{"rendered":"https:\/\/www.lynaderm.com\/?post_type=product&#038;p=1056"},"modified":"2022-10-19T08:45:46","modified_gmt":"2022-10-19T08:45:46","slug":"cleansing-milk","status":"publish","type":"product","link":"https:\/\/www.lynaderm.com\/tr_tr\/magaza\/kabin-urunleri\/temizleyiciler\/cleansing-milk\/","title":{"rendered":"Cleansing Milk"},"content":{"rendered":"","protected":false},"excerpt":{"rendered":"<p class=\"p1\"><b>Hassas, Kuru, Olgun Cilt Tipleri \u0130\u00e7in Temizleme S\u00fct\u00fc<\/b><\/p>\n<p class=\"p1\">Hassas, kuru, kuper \u00f6zlu, olgun cilt tiplerinin kullan\u0131m\u0131 i\u00e7in uygundur. Cildi derinlemesine temizlerken, yumu\u015fak yap\u0131s\u0131 sayesinde cildi koruyarak bak\u0131ma haz\u0131rlar.<\/p>\n<p class=\"p1\"><b>Aktif \u0130\u00e7erik: <\/b>At Kestanesi \u00d6z\u00fc, Linoleic Acid<\/p>\n<p class=\"p1\">500 ml<\/p>\n","protected":false},"featured_media":1518,"comment_status":"open","ping_status":"closed","template":"","meta":[],"class_list":{"0":"post-1056","1":"product","2":"type-product","3":"status-publish","4":"has-post-thumbnail","6":"product_cat-temizleyiciler","7":"product_tag-kabin-urunleri","9":"first","10":"outofstock","11":"shipping-taxable","12":"product-type-simple"},"_links":{"self":[{"href":"https:\/\/www.lynaderm.com\/tr_tr\/wp-json\/wp\/v2\/product\/1056","targetHints":{"allow":["GET"]}}],"collection":[{"href":"https:\/\/www.lynaderm.com\/tr_tr\/wp-json\/wp\/v2\/product"}],"about":[{"href":"https:\/\/www.lynaderm.com\/tr_tr\/wp-json\/wp\/v2\/types\/product"}],"replies":[{"embeddable":true,"href":"https:\/\/www.lynaderm.com\/tr_tr\/wp-json\/wp\/v2\/comments?post=1056"}],"wp:featuredmedia":[{"embeddable":true,"href":"https:\/\/www.lynaderm.com\/tr_tr\/wp-json\/wp\/v2\/media\/1518"}],"wp:attachment":[{"href":"https:\/\/www.lynaderm.com\/tr_tr\/wp-json\/wp\/v2\/media?parent=1056"}],"curies":[{"name":"wp","href":"https:\/\/api.w.org\/{rel}","templated":true}]}}