{"id":1058,"date":"2021-04-29T14:55:16","date_gmt":"2021-04-29T14:55:16","guid":{"rendered":"https:\/\/www.lynaderm.com\/?post_type=product&#038;p=1058"},"modified":"2022-10-19T08:08:17","modified_gmt":"2022-10-19T08:08:17","slug":"cleansing-gel","status":"publish","type":"product","link":"https:\/\/www.lynaderm.com\/tr_tr\/magaza\/kabin-urunleri\/temizleyiciler\/cleansing-gel\/","title":{"rendered":"Cleansing Gel"},"content":{"rendered":"","protected":false},"excerpt":{"rendered":"<p class=\"p1\"><b>Ya\u011fl\u0131, Karma, Problemli Cilt Tipleri \u0130\u00e7in Temizleme Jeli<\/b><\/p>\n<p class=\"p1\">Ya\u011fl\u0131, karma, akneli, problemli cilt tiplerinin kullan\u0131m\u0131 i\u00e7in uygundur.<\/p>\n<p class=\"p1\">G\u00f6zenekleri derinlemesine temizler ve cildin ya\u011f-nem dengesini d\u00fczenleyerek cildi bak\u0131ma haz\u0131rlar.<\/p>\n<p class=\"p1\"><b>Aktif \u0130\u00e7erik: <\/b>Aloe Vera, Papatya \u00d6z\u00fc, Papatya Ya\u011f\u0131<\/p>\n<p class=\"p1\">500 ml<\/p>\n","protected":false},"featured_media":1513,"comment_status":"open","ping_status":"closed","template":"","meta":[],"class_list":{"0":"post-1058","1":"product","2":"type-product","3":"status-publish","4":"has-post-thumbnail","6":"product_cat-temizleyiciler","7":"product_tag-kabin-urunleri","9":"first","10":"outofstock","11":"shipping-taxable","12":"product-type-simple"},"_links":{"self":[{"href":"https:\/\/www.lynaderm.com\/tr_tr\/wp-json\/wp\/v2\/product\/1058","targetHints":{"allow":["GET"]}}],"collection":[{"href":"https:\/\/www.lynaderm.com\/tr_tr\/wp-json\/wp\/v2\/product"}],"about":[{"href":"https:\/\/www.lynaderm.com\/tr_tr\/wp-json\/wp\/v2\/types\/product"}],"replies":[{"embeddable":true,"href":"https:\/\/www.lynaderm.com\/tr_tr\/wp-json\/wp\/v2\/comments?post=1058"}],"wp:featuredmedia":[{"embeddable":true,"href":"https:\/\/www.lynaderm.com\/tr_tr\/wp-json\/wp\/v2\/media\/1513"}],"wp:attachment":[{"href":"https:\/\/www.lynaderm.com\/tr_tr\/wp-json\/wp\/v2\/media?parent=1058"}],"curies":[{"name":"wp","href":"https:\/\/api.w.org\/{rel}","templated":true}]}}