{"id":1073,"date":"2021-04-29T15:15:23","date_gmt":"2021-04-29T15:15:23","guid":{"rendered":"https:\/\/www.lynaderm.com\/?post_type=product&#038;p=1073"},"modified":"2022-10-22T10:32:08","modified_gmt":"2022-10-22T10:32:08","slug":"massage-cream","status":"publish","type":"product","link":"https:\/\/www.lynaderm.com\/tr_tr\/magaza\/kabin-urunleri\/massage-cream\/","title":{"rendered":"Massage Cream"},"content":{"rendered":"","protected":false},"excerpt":{"rendered":"<p class=\"p2\"><b>T\u00fcm Cilt Tipleri \u0130\u00e7in Masaj Kremi<\/b><\/p>\n<p class=\"p2\">Masaj kremi, cildi nemlendirerek rahatlamas\u0131na yard\u0131mc\u0131 olur ve yumu\u015fakl\u0131k sa\u011flar.<\/p>\n<p class=\"p2\">Terapi esnas\u0131nda cildi kayganla\u015ft\u0131r\u0131r.<\/p>\n<p class=\"p2\">Cilt ve v\u00fccut bak\u0131mlar\u0131nda kullan\u0131labilir.<\/p>\n<p class=\"p2\"><b>Aktif \u0130\u00e7erik: <\/b>Zeytin Ya\u011f\u0131, Limon Otu<\/p>\n<p class=\"p2\">250 ml<\/p>\n","protected":false},"featured_media":1485,"comment_status":"open","ping_status":"closed","template":"","meta":[],"class_list":{"0":"post-1073","1":"product","2":"type-product","3":"status-publish","4":"has-post-thumbnail","6":"product_cat-kabin-urunleri","7":"product_tag-kabin-urunleri","9":"first","10":"outofstock","11":"shipping-taxable","12":"product-type-simple"},"_links":{"self":[{"href":"https:\/\/www.lynaderm.com\/tr_tr\/wp-json\/wp\/v2\/product\/1073","targetHints":{"allow":["GET"]}}],"collection":[{"href":"https:\/\/www.lynaderm.com\/tr_tr\/wp-json\/wp\/v2\/product"}],"about":[{"href":"https:\/\/www.lynaderm.com\/tr_tr\/wp-json\/wp\/v2\/types\/product"}],"replies":[{"embeddable":true,"href":"https:\/\/www.lynaderm.com\/tr_tr\/wp-json\/wp\/v2\/comments?post=1073"}],"wp:featuredmedia":[{"embeddable":true,"href":"https:\/\/www.lynaderm.com\/tr_tr\/wp-json\/wp\/v2\/media\/1485"}],"wp:attachment":[{"href":"https:\/\/www.lynaderm.com\/tr_tr\/wp-json\/wp\/v2\/media?parent=1073"}],"curies":[{"name":"wp","href":"https:\/\/api.w.org\/{rel}","templated":true}]}}