{"id":1076,"date":"2021-04-29T15:34:08","date_gmt":"2021-04-29T15:34:08","guid":{"rendered":"https:\/\/www.lynaderm.com\/?post_type=product&#038;p=1076"},"modified":"2022-10-19T08:40:33","modified_gmt":"2022-10-19T08:40:33","slug":"drysensitive-skin-tonic","status":"publish","type":"product","link":"https:\/\/www.lynaderm.com\/tr_tr\/magaza\/kabin-urunleri\/temizleyiciler\/drysensitive-skin-tonic\/","title":{"rendered":"Dry&#038;Sensitive Skin Tonic"},"content":{"rendered":"","protected":false},"excerpt":{"rendered":"<p class=\"p1\"><b>Hassas, Kuru, Normal, Olgun Cilt Tipleri \u0130\u00e7in Canland\u0131r\u0131c\u0131 Temizleme Toni\u011fi<\/b><\/p>\n<p class=\"p1\">Cilt bak\u0131m\u0131 s\u0131ras\u0131nda ve sonras\u0131nda kullan\u0131lmak \u00fczere form\u00fcle edilmi\u015f son derece hafif bir toniktir. Bak\u0131m\u0131n her a\u015famas\u0131nda \u00fcr\u00fcnlerin sonu\u00e7lar\u0131n\u0131 artt\u0131rmak ve cilt Ph \u0131n\u0131 dengede tutmak i\u00e7in kullan\u0131l\u0131r.<\/p>\n<p class=\"p1\"><b>Aktif \u0130\u00e7erik: <\/b>Aloe Vera, Folic Acid, Linoleic Acid, Biotin<span class=\"Apple-converted-space\">\u00a0<\/span><\/p>\n<p class=\"p1\">500 ml<\/p>\n","protected":false},"featured_media":1516,"comment_status":"open","ping_status":"closed","template":"","meta":[],"class_list":{"0":"post-1076","1":"product","2":"type-product","3":"status-publish","4":"has-post-thumbnail","6":"product_cat-temizleyiciler","7":"product_tag-kabin-urunleri","9":"first","10":"outofstock","11":"shipping-taxable","12":"product-type-simple"},"_links":{"self":[{"href":"https:\/\/www.lynaderm.com\/tr_tr\/wp-json\/wp\/v2\/product\/1076","targetHints":{"allow":["GET"]}}],"collection":[{"href":"https:\/\/www.lynaderm.com\/tr_tr\/wp-json\/wp\/v2\/product"}],"about":[{"href":"https:\/\/www.lynaderm.com\/tr_tr\/wp-json\/wp\/v2\/types\/product"}],"replies":[{"embeddable":true,"href":"https:\/\/www.lynaderm.com\/tr_tr\/wp-json\/wp\/v2\/comments?post=1076"}],"wp:featuredmedia":[{"embeddable":true,"href":"https:\/\/www.lynaderm.com\/tr_tr\/wp-json\/wp\/v2\/media\/1516"}],"wp:attachment":[{"href":"https:\/\/www.lynaderm.com\/tr_tr\/wp-json\/wp\/v2\/media?parent=1076"}],"curies":[{"name":"wp","href":"https:\/\/api.w.org\/{rel}","templated":true}]}}