{"id":1091,"date":"2021-04-30T22:08:49","date_gmt":"2021-04-30T22:08:49","guid":{"rendered":"https:\/\/www.lynaderm.com\/?post_type=product&#038;p=1091"},"modified":"2022-10-17T15:17:34","modified_gmt":"2022-10-17T15:17:34","slug":"vitamin-c-mask","status":"publish","type":"product","link":"https:\/\/www.lynaderm.com\/tr_tr\/magaza\/kabin-urunleri\/maskeler\/modelling-maskeler\/vitamin-c-mask\/","title":{"rendered":"Vitamin C Mask"},"content":{"rendered":"","protected":false},"excerpt":{"rendered":"<p class=\"p1\">Maske i\u00e7eri\u011finde bulunan Ascorbic Acid, cilde gereken C vitamini deste\u011fini sa\u011flamaya yard\u0131mc\u0131 olur. C vitamini, cildin renk tonunu d\u00fczenleyen (Melanin sentezinden sorumlu tirozinaz enzimini etkinli\u011fini ortadan kald\u0131r\u0131rak), kolajen sentezi yapan, g\u00fc\u00e7l\u00fc bir antioksidand\u0131r.<span class=\"Apple-converted-space\">\u00a0<\/span><\/p>\n<p class=\"p1\">Uygulama \u00f6ncesi, maske alt\u0131na vitamin C serum kullan\u0131lmas\u0131 tavsiye edilir<\/p>\n<p class=\"p1\">G\u00fcnd\u00fcz kullan\u0131m\u0131nda, bak\u0131m kesinlikle g\u00fcne\u015f koruyucu ile sonland\u0131r\u0131lmal\u0131d\u0131r.<\/p>\n<p class=\"p1\"><b>Aktif \u0130\u00e7erik: <\/b>Yosun, \u00c7ilek \u00d6z\u00fc, Ascorbic Acid<\/p>\n<p class=\"p1\">Mat, Cans\u0131z ve Lekeli Ciltler<\/p>\n<p class=\"p1\">1 kg<\/p>\n","protected":false},"featured_media":1467,"comment_status":"open","ping_status":"closed","template":"","meta":[],"class_list":{"0":"post-1091","1":"product","2":"type-product","3":"status-publish","4":"has-post-thumbnail","6":"product_cat-modelling-maskeler","7":"product_tag-kabin-urunleri","9":"first","10":"outofstock","11":"shipping-taxable","12":"product-type-simple"},"_links":{"self":[{"href":"https:\/\/www.lynaderm.com\/tr_tr\/wp-json\/wp\/v2\/product\/1091","targetHints":{"allow":["GET"]}}],"collection":[{"href":"https:\/\/www.lynaderm.com\/tr_tr\/wp-json\/wp\/v2\/product"}],"about":[{"href":"https:\/\/www.lynaderm.com\/tr_tr\/wp-json\/wp\/v2\/types\/product"}],"replies":[{"embeddable":true,"href":"https:\/\/www.lynaderm.com\/tr_tr\/wp-json\/wp\/v2\/comments?post=1091"}],"wp:featuredmedia":[{"embeddable":true,"href":"https:\/\/www.lynaderm.com\/tr_tr\/wp-json\/wp\/v2\/media\/1467"}],"wp:attachment":[{"href":"https:\/\/www.lynaderm.com\/tr_tr\/wp-json\/wp\/v2\/media?parent=1091"}],"curies":[{"name":"wp","href":"https:\/\/api.w.org\/{rel}","templated":true}]}}