{"id":1093,"date":"2021-04-30T22:14:07","date_gmt":"2021-04-30T22:14:07","guid":{"rendered":"https:\/\/www.lynaderm.com\/?post_type=product&#038;p=1093"},"modified":"2022-10-17T15:17:21","modified_gmt":"2022-10-17T15:17:21","slug":"collagen-mask","status":"publish","type":"product","link":"https:\/\/www.lynaderm.com\/tr_tr\/magaza\/kabin-urunleri\/maskeler\/modelling-maskeler\/collagen-mask\/","title":{"rendered":"Collagen Mask"},"content":{"rendered":"","protected":false},"excerpt":{"rendered":"<p class=\"p2\">V\u00fccut taraf\u0131ndan en kolay kullan\u0131labilir ve emilimi en y\u00fcksek olan kolajen formu hidrolize kolajendir. Hidrolize kolajen peptidleri, kolajen molek\u00fcllerinden \u00e7ok daha k\u00fc\u00e7\u00fckt\u00fcr. Son derece h\u0131zl\u0131 \u015fekilde emilimleri ger\u00e7ekle\u015fir.<span class=\"Apple-converted-space\">\u00a0<\/span><\/p>\n<p class=\"p3\">Maske; i\u00e7eri\u011findeki Hidrolize Kolajen sayesinde, cilt ya\u015f\u0131 artt\u0131k\u00e7a azalan kolajen ve elastikiyetin geri kazan\u0131lmas\u0131na yard\u0131mc\u0131 olur.<\/p>\n<p class=\"p3\"><b>Aktif \u0130\u00e7erik: <\/b>Yosun, Hydrolyzed Collagen , Nar \u00d6z\u00fc<\/p>\n<p class=\"p3\">Elastikiyet Kayb\u0131\/ S\u0131k\u0131la\u015fma<\/p>\n<p class=\"p3\">1 kg<\/p>\n","protected":false},"featured_media":1472,"comment_status":"open","ping_status":"closed","template":"","meta":[],"class_list":{"0":"post-1093","1":"product","2":"type-product","3":"status-publish","4":"has-post-thumbnail","6":"product_cat-modelling-maskeler","7":"product_tag-kabin-urunleri","9":"first","10":"outofstock","11":"shipping-taxable","12":"product-type-simple"},"_links":{"self":[{"href":"https:\/\/www.lynaderm.com\/tr_tr\/wp-json\/wp\/v2\/product\/1093","targetHints":{"allow":["GET"]}}],"collection":[{"href":"https:\/\/www.lynaderm.com\/tr_tr\/wp-json\/wp\/v2\/product"}],"about":[{"href":"https:\/\/www.lynaderm.com\/tr_tr\/wp-json\/wp\/v2\/types\/product"}],"replies":[{"embeddable":true,"href":"https:\/\/www.lynaderm.com\/tr_tr\/wp-json\/wp\/v2\/comments?post=1093"}],"wp:featuredmedia":[{"embeddable":true,"href":"https:\/\/www.lynaderm.com\/tr_tr\/wp-json\/wp\/v2\/media\/1472"}],"wp:attachment":[{"href":"https:\/\/www.lynaderm.com\/tr_tr\/wp-json\/wp\/v2\/media?parent=1093"}],"curies":[{"name":"wp","href":"https:\/\/api.w.org\/{rel}","templated":true}]}}