{"id":1099,"date":"2021-04-30T22:31:50","date_gmt":"2021-04-30T22:31:50","guid":{"rendered":"https:\/\/www.lynaderm.com\/?post_type=product&#038;p=1099"},"modified":"2022-10-17T15:16:17","modified_gmt":"2022-10-17T15:16:17","slug":"acgenic-mask","status":"publish","type":"product","link":"https:\/\/www.lynaderm.com\/tr_tr\/magaza\/kabin-urunleri\/maskeler\/modelling-maskeler\/acgenic-mask\/","title":{"rendered":"Acgenic Mask"},"content":{"rendered":"","protected":false},"excerpt":{"rendered":"<p class=\"p1\">\u0130\u00e7eri\u011findeki Mercan k\u00f6\u015fk ve A vitamini sayesinde ya\u011fl\u0131 ve akneli ciltlerde maksimum etki sa\u011flayarak, cildi ar\u0131nd\u0131rmaya destek verir.<span class=\"Apple-converted-space\">\u00a0<\/span><\/p>\n<p class=\"p1\">Akne bak\u0131mlar\u0131nda d\u00fczenli kullan\u0131ld\u0131\u011f\u0131nda, akne olu\u015fumunu engellemeye yard\u0131mc\u0131 olur. Uygulama sonras\u0131 g\u00fcne\u015f kremi kullan\u0131lmal\u0131d\u0131r.<\/p>\n<p class=\"p1\"><b>Aktif \u0130\u00e7erik: <\/b>Yosun, Mercank\u00f6\u015fk \u00d6z\u00fc, Domates \u00d6z\u00fc<\/p>\n<p class=\"p1\">Ya\u011fl\u0131 Akneli Ciltler<\/p>\n<p class=\"p1\">1 kg<\/p>\n","protected":false},"featured_media":1471,"comment_status":"open","ping_status":"closed","template":"","meta":[],"class_list":{"0":"post-1099","1":"product","2":"type-product","3":"status-publish","4":"has-post-thumbnail","6":"product_cat-modelling-maskeler","7":"product_tag-kabin-urunleri","9":"first","10":"outofstock","11":"shipping-taxable","12":"product-type-simple"},"_links":{"self":[{"href":"https:\/\/www.lynaderm.com\/tr_tr\/wp-json\/wp\/v2\/product\/1099","targetHints":{"allow":["GET"]}}],"collection":[{"href":"https:\/\/www.lynaderm.com\/tr_tr\/wp-json\/wp\/v2\/product"}],"about":[{"href":"https:\/\/www.lynaderm.com\/tr_tr\/wp-json\/wp\/v2\/types\/product"}],"replies":[{"embeddable":true,"href":"https:\/\/www.lynaderm.com\/tr_tr\/wp-json\/wp\/v2\/comments?post=1099"}],"wp:featuredmedia":[{"embeddable":true,"href":"https:\/\/www.lynaderm.com\/tr_tr\/wp-json\/wp\/v2\/media\/1471"}],"wp:attachment":[{"href":"https:\/\/www.lynaderm.com\/tr_tr\/wp-json\/wp\/v2\/media?parent=1099"}],"curies":[{"name":"wp","href":"https:\/\/api.w.org\/{rel}","templated":true}]}}