{"id":1105,"date":"2021-04-30T22:35:41","date_gmt":"2021-04-30T22:35:41","guid":{"rendered":"https:\/\/www.lynaderm.com\/?post_type=product&#038;p=1105"},"modified":"2022-10-17T15:14:51","modified_gmt":"2022-10-17T15:14:51","slug":"arbutin-mask","status":"publish","type":"product","link":"https:\/\/www.lynaderm.com\/tr_tr\/magaza\/kabin-urunleri\/maskeler\/modelling-maskeler\/arbutin-mask\/","title":{"rendered":"Arbutin Mask"},"content":{"rendered":"","protected":false},"excerpt":{"rendered":"<p class=\"p1\">Arbutin, ciltteki fazla melanini renksiz maddeyle de\u011fi\u015ftirir ve yine baz\u0131 enzimlerle birle\u015fip fazla tyrosin oksidasyonunu engellemeye yard\u0131mc\u0131 olur. Yani g\u00fcne\u015f sebebi ile ciltte olu\u015fan lekelerin, epidermiste cilde rengini veren melanin miktar\u0131n\u0131n artmas\u0131na ba\u011fl\u0131 olu\u015fan cilt lekelerinin, y\u0131pranma etkilerinin (akne izi v.b.) g\u00f6r\u00fcn\u00fcm\u00fcn\u00fcn azalmas\u0131na yard\u0131mc\u0131 olur.<span class=\"Apple-converted-space\">\u00a0<\/span><\/p>\n<p class=\"p1\">Maske i\u00e7eri\u011findeki Hyaluronic Asit, tamamen do\u011fal yollardan cildin dolgun g\u00f6r\u00fcnmesini sa\u011flar.<\/p>\n<p class=\"p1\"><b>Aktif \u0130\u00e7erik: <\/b>Yosun, Arbutin, Hyaluronic Asit<\/p>\n<p class=\"p1\">Lekeli Ciltler<\/p>\n<p class=\"p1\">1 kg<\/p>\n","protected":false},"featured_media":1469,"comment_status":"open","ping_status":"closed","template":"","meta":[],"class_list":{"0":"post-1105","1":"product","2":"type-product","3":"status-publish","4":"has-post-thumbnail","6":"product_cat-modelling-maskeler","7":"product_tag-kabin-urunleri","9":"first","10":"outofstock","11":"shipping-taxable","12":"product-type-simple"},"_links":{"self":[{"href":"https:\/\/www.lynaderm.com\/tr_tr\/wp-json\/wp\/v2\/product\/1105","targetHints":{"allow":["GET"]}}],"collection":[{"href":"https:\/\/www.lynaderm.com\/tr_tr\/wp-json\/wp\/v2\/product"}],"about":[{"href":"https:\/\/www.lynaderm.com\/tr_tr\/wp-json\/wp\/v2\/types\/product"}],"replies":[{"embeddable":true,"href":"https:\/\/www.lynaderm.com\/tr_tr\/wp-json\/wp\/v2\/comments?post=1105"}],"wp:featuredmedia":[{"embeddable":true,"href":"https:\/\/www.lynaderm.com\/tr_tr\/wp-json\/wp\/v2\/media\/1469"}],"wp:attachment":[{"href":"https:\/\/www.lynaderm.com\/tr_tr\/wp-json\/wp\/v2\/media?parent=1105"}],"curies":[{"name":"wp","href":"https:\/\/api.w.org\/{rel}","templated":true}]}}