{"id":1107,"date":"2021-04-30T22:36:49","date_gmt":"2021-04-30T22:36:49","guid":{"rendered":"https:\/\/www.lynaderm.com\/?post_type=product&#038;p=1107"},"modified":"2022-10-17T15:14:15","modified_gmt":"2022-10-17T15:14:15","slug":"hyaluronic-mask","status":"publish","type":"product","link":"https:\/\/www.lynaderm.com\/tr_tr\/magaza\/kabin-urunleri\/maskeler\/modelling-maskeler\/hyaluronic-mask\/","title":{"rendered":"Hyaluronic Mask"},"content":{"rendered":"","protected":false},"excerpt":{"rendered":"<p class=\"p1\">Hyaluronik asit, ba\u011flay\u0131c\u0131 \u00f6zelli\u011fi bulunan bir polimer \u00e7e\u015fidi ve yo\u011fun nemlendirici etkisiyle cilt sa\u011fl\u0131\u011f\u0131n\u0131n yap\u0131 ta\u015flar\u0131ndan biridir. Hyaluronic maskede bulunan hyaluronic acid, cildi i\u00e7eriden nemlendirir ve su tutma yetene\u011fini geri kazanmas\u0131na yard\u0131mc\u0131 olur.<span class=\"Apple-converted-space\">\u00a0<\/span><\/p>\n<p class=\"p1\">Bu etki ile cilt daha esnek, p\u00fcr\u00fczs\u00fcz, parlak ve canl\u0131 g\u00f6r\u00fcn\u00fcme kavu\u015fur<\/p>\n<p class=\"p1\">Uygulama \u00f6ncesi, maske alt\u0131na hyaluronic serum kullan\u0131lmas\u0131 tavsiye edilir<\/p>\n<p class=\"p1\"><b>Aktif \u0130\u00e7erik: <\/b>Yosun, Hyaluronic Asit, G\u00fcl Ya\u011f\u0131<\/p>\n<p class=\"p1\">Kuru ve Nemsiz Ciltler<\/p>\n<p class=\"p1\">1 kg<\/p>\n","protected":false},"featured_media":1468,"comment_status":"open","ping_status":"closed","template":"","meta":[],"class_list":{"0":"post-1107","1":"product","2":"type-product","3":"status-publish","4":"has-post-thumbnail","6":"product_cat-modelling-maskeler","7":"product_tag-kabin-urunleri","9":"first","10":"outofstock","11":"shipping-taxable","12":"product-type-simple"},"_links":{"self":[{"href":"https:\/\/www.lynaderm.com\/tr_tr\/wp-json\/wp\/v2\/product\/1107","targetHints":{"allow":["GET"]}}],"collection":[{"href":"https:\/\/www.lynaderm.com\/tr_tr\/wp-json\/wp\/v2\/product"}],"about":[{"href":"https:\/\/www.lynaderm.com\/tr_tr\/wp-json\/wp\/v2\/types\/product"}],"replies":[{"embeddable":true,"href":"https:\/\/www.lynaderm.com\/tr_tr\/wp-json\/wp\/v2\/comments?post=1107"}],"wp:featuredmedia":[{"embeddable":true,"href":"https:\/\/www.lynaderm.com\/tr_tr\/wp-json\/wp\/v2\/media\/1468"}],"wp:attachment":[{"href":"https:\/\/www.lynaderm.com\/tr_tr\/wp-json\/wp\/v2\/media?parent=1107"}],"curies":[{"name":"wp","href":"https:\/\/api.w.org\/{rel}","templated":true}]}}