{"id":1109,"date":"2021-04-30T22:37:32","date_gmt":"2021-04-30T22:37:32","guid":{"rendered":"https:\/\/www.lynaderm.com\/?post_type=product&#038;p=1109"},"modified":"2022-10-17T15:12:33","modified_gmt":"2022-10-17T15:12:33","slug":"aloe-vera-mask","status":"publish","type":"product","link":"https:\/\/www.lynaderm.com\/tr_tr\/magaza\/kabin-urunleri\/maskeler\/modelling-maskeler\/aloe-vera-mask\/","title":{"rendered":"Aloe Vera Mask"},"content":{"rendered":"","protected":false},"excerpt":{"rendered":"<p class=\"p1\">Hassas ve kuru ciltlerde cildi sakinle\u015ftirir<\/p>\n<p class=\"p1\">\u0130\u00e7erisindeki Aloe vera ile cilde yo\u011fun nem deste\u011fi sa\u011flar.<\/p>\n<p class=\"p1\">Ciltteki iritasyon ve k\u0131zar\u0131kl\u0131\u011f\u0131 gidermeye yard\u0131mc\u0131 olur. Cildin kendini onarmas\u0131na ve yenilemesine katk\u0131 sa\u011flar.<\/p>\n<p class=\"p1\"><b>Aktif \u0130\u00e7erik: <\/b>Yosun, Aloe Vera Yapra\u011f\u0131 \u00d6z\u00fc, Hyaluronic Asit<\/p>\n<p class=\"p1\">Hassas ve Kuru Ciltler<\/p>\n<p class=\"p1\">1 kg<\/p>\n","protected":false},"featured_media":1466,"comment_status":"open","ping_status":"closed","template":"","meta":[],"class_list":{"0":"post-1109","1":"product","2":"type-product","3":"status-publish","4":"has-post-thumbnail","6":"product_cat-modelling-maskeler","7":"product_tag-kabin-urunleri","9":"first","10":"outofstock","11":"shipping-taxable","12":"product-type-simple"},"_links":{"self":[{"href":"https:\/\/www.lynaderm.com\/tr_tr\/wp-json\/wp\/v2\/product\/1109","targetHints":{"allow":["GET"]}}],"collection":[{"href":"https:\/\/www.lynaderm.com\/tr_tr\/wp-json\/wp\/v2\/product"}],"about":[{"href":"https:\/\/www.lynaderm.com\/tr_tr\/wp-json\/wp\/v2\/types\/product"}],"replies":[{"embeddable":true,"href":"https:\/\/www.lynaderm.com\/tr_tr\/wp-json\/wp\/v2\/comments?post=1109"}],"wp:featuredmedia":[{"embeddable":true,"href":"https:\/\/www.lynaderm.com\/tr_tr\/wp-json\/wp\/v2\/media\/1466"}],"wp:attachment":[{"href":"https:\/\/www.lynaderm.com\/tr_tr\/wp-json\/wp\/v2\/media?parent=1109"}],"curies":[{"name":"wp","href":"https:\/\/api.w.org\/{rel}","templated":true}]}}