{"id":1111,"date":"2021-04-30T22:38:28","date_gmt":"2021-04-30T22:38:28","guid":{"rendered":"https:\/\/www.lynaderm.com\/?post_type=product&#038;p=1111"},"modified":"2022-10-17T15:10:36","modified_gmt":"2022-10-17T15:10:36","slug":"red-ginseng-mask","status":"publish","type":"product","link":"https:\/\/www.lynaderm.com\/tr_tr\/magaza\/kabin-urunleri\/maskeler\/modelling-maskeler\/red-ginseng-mask\/","title":{"rendered":"Red Ginseng Mask"},"content":{"rendered":"","protected":false},"excerpt":{"rendered":"<p class=\"p1\">Ginseng son d\u00f6nemde tercih edilen en etkili anti-aging \u00fcr\u00fcn\u00fcd\u00fcr. Cilt metabolizmas\u0131n\u0131 uyaran ve aktive edebilen \u00e7ok miktarda phytonutrient i\u00e7erir. Dermisde kolajen \u00fcretimini art\u0131rarak cildin daha sa\u011fl\u0131kl\u0131 olmas\u0131na yard\u0131mc\u0131 olur.<span class=\"Apple-converted-space\">\u00a0<\/span><\/p>\n<p class=\"p1\">G\u00fcne\u015f \u0131\u015f\u0131\u011f\u0131na ve \u00e7evre kirlili\u011fine maruz kalan ciltte biriken serbest radikallerin zararl\u0131 etkilerini azalt\u0131r.<\/p>\n<p class=\"p1\">Ginseng g\u00f6zalt\u0131nda olu\u015fan koyu renk halkalar\u0131n ve \u015fi\u015fkinli\u011fin d\u00fczelmesine destek olur. Bu nedenle maske g\u00f6z dahil uygulanabilir.<\/p>\n<p class=\"p1\"><b>Aktif \u0130\u00e7erik: <\/b>Yosun, Red Ginseng Tozu, Red Ginseng \u00d6z\u00fc<\/p>\n<p class=\"p1\">Anti Aging \/ Antioxidant<\/p>\n<p class=\"p1\">1 kg<\/p>\n","protected":false},"featured_media":1459,"comment_status":"open","ping_status":"closed","template":"","meta":[],"class_list":{"0":"post-1111","1":"product","2":"type-product","3":"status-publish","4":"has-post-thumbnail","6":"product_cat-modelling-maskeler","7":"product_tag-kabin-urunleri","9":"first","10":"outofstock","11":"shipping-taxable","12":"product-type-simple"},"_links":{"self":[{"href":"https:\/\/www.lynaderm.com\/tr_tr\/wp-json\/wp\/v2\/product\/1111","targetHints":{"allow":["GET"]}}],"collection":[{"href":"https:\/\/www.lynaderm.com\/tr_tr\/wp-json\/wp\/v2\/product"}],"about":[{"href":"https:\/\/www.lynaderm.com\/tr_tr\/wp-json\/wp\/v2\/types\/product"}],"replies":[{"embeddable":true,"href":"https:\/\/www.lynaderm.com\/tr_tr\/wp-json\/wp\/v2\/comments?post=1111"}],"wp:featuredmedia":[{"embeddable":true,"href":"https:\/\/www.lynaderm.com\/tr_tr\/wp-json\/wp\/v2\/media\/1459"}],"wp:attachment":[{"href":"https:\/\/www.lynaderm.com\/tr_tr\/wp-json\/wp\/v2\/media?parent=1111"}],"curies":[{"name":"wp","href":"https:\/\/api.w.org\/{rel}","templated":true}]}}