{"id":1113,"date":"2021-04-30T22:40:43","date_gmt":"2021-04-30T22:40:43","guid":{"rendered":"https:\/\/www.lynaderm.com\/?post_type=product&#038;p=1113"},"modified":"2022-10-17T15:12:04","modified_gmt":"2022-10-17T15:12:04","slug":"rice-mask","status":"publish","type":"product","link":"https:\/\/www.lynaderm.com\/tr_tr\/magaza\/kabin-urunleri\/maskeler\/modelling-maskeler\/rice-mask\/","title":{"rendered":"Rice Mask"},"content":{"rendered":"","protected":false},"excerpt":{"rendered":"<p class=\"p1\">Maske i\u00e7eri\u011findeki pirin\u00e7 kepe\u011fi, cildin rengini a\u00e7maya, lekeleri ve k\u0131r\u0131\u015f\u0131kl\u0131klar\u0131 gidermeye yard\u0131mc\u0131 olur.<span class=\"Apple-converted-space\">\u00a0<\/span><\/p>\n<p class=\"p1\">Pirin\u00e7 kepe\u011fi, insan derisinde bulunan seramide benzer kimyasal bir yap\u0131dad\u0131r. Antioksidan bak\u0131m\u0131ndan zengindir. Serbest radikallerle tepkimeye girip bunlar\u0131n h\u00fccrelere zarar vermesini engeller ve ya\u015fl\u0131l\u0131k etkilerini minimuma indirmeye yard\u0131mc\u0131 olur.<span class=\"Apple-converted-space\">\u00a0<\/span><\/p>\n<p class=\"p1\"><b>Aktif \u0130\u00e7erik: <\/b>Yosun, Pirin\u00e7 Kepe\u011fi, Hyaluronic Asit<\/p>\n<p class=\"p1\">Ya\u011fl\u0131 ve Lekeli Ciltler<\/p>\n<p class=\"p1\">1 kg<\/p>\n","protected":false},"featured_media":1465,"comment_status":"open","ping_status":"closed","template":"","meta":[],"class_list":{"0":"post-1113","1":"product","2":"type-product","3":"status-publish","4":"has-post-thumbnail","6":"product_cat-modelling-maskeler","7":"product_tag-kabin-urunleri","9":"first","10":"outofstock","11":"shipping-taxable","12":"product-type-simple"},"_links":{"self":[{"href":"https:\/\/www.lynaderm.com\/tr_tr\/wp-json\/wp\/v2\/product\/1113","targetHints":{"allow":["GET"]}}],"collection":[{"href":"https:\/\/www.lynaderm.com\/tr_tr\/wp-json\/wp\/v2\/product"}],"about":[{"href":"https:\/\/www.lynaderm.com\/tr_tr\/wp-json\/wp\/v2\/types\/product"}],"replies":[{"embeddable":true,"href":"https:\/\/www.lynaderm.com\/tr_tr\/wp-json\/wp\/v2\/comments?post=1113"}],"wp:featuredmedia":[{"embeddable":true,"href":"https:\/\/www.lynaderm.com\/tr_tr\/wp-json\/wp\/v2\/media\/1465"}],"wp:attachment":[{"href":"https:\/\/www.lynaderm.com\/tr_tr\/wp-json\/wp\/v2\/media?parent=1113"}],"curies":[{"name":"wp","href":"https:\/\/api.w.org\/{rel}","templated":true}]}}