{"id":1127,"date":"2021-04-30T23:01:14","date_gmt":"2021-04-30T23:01:14","guid":{"rendered":"https:\/\/www.lynaderm.com\/?post_type=product&#038;p=1127"},"modified":"2022-10-17T15:40:38","modified_gmt":"2022-10-17T15:40:38","slug":"gold-mask","status":"publish","type":"product","link":"https:\/\/www.lynaderm.com\/tr_tr\/magaza\/kabin-urunleri\/maskeler\/modelling-maskeler\/gold-mask\/","title":{"rendered":"Gold Mask"},"content":{"rendered":"","protected":false},"excerpt":{"rendered":"<p class=\"p1\">Alt\u0131n, cilde yo\u011fun anti aging etki sa\u011flar. Alt\u0131n maske, i\u00e7eri\u011finde bulunan bile\u015fenler sayesinde cildi nemlendirerek, cilt yap\u0131s\u0131n\u0131 korumaya destek olur. Nemlenen cilt daha gergin, canl\u0131 ve parlak bir g\u00f6r\u00fcnt\u00fcye sahip olur.<span class=\"Apple-converted-space\">\u00a0<\/span><\/p>\n<p class=\"p1\">Cildin s\u0131k\u0131la\u015fmas\u0131na, ince \u00e7izgi ve k\u0131r\u0131\u015f\u0131kl\u0131klar\u0131n g\u00f6r\u00fcn\u00fcm\u00fcn\u00fc azalmas\u0131na yard\u0131mc\u0131 olur.<span class=\"Apple-converted-space\">\u00a0<\/span><\/p>\n<p class=\"p1\"><b>Aktif \u0130\u00e7erik: <\/b>Yosun, Alt\u0131n Tozu, Hydrolized Collagen,<\/p>\n<p class=\"p1\">Anti Aging<\/p>\n<p class=\"p1\">1 kg<\/p>\n","protected":false},"featured_media":1464,"comment_status":"open","ping_status":"closed","template":"","meta":[],"class_list":{"0":"post-1127","1":"product","2":"type-product","3":"status-publish","4":"has-post-thumbnail","6":"product_cat-modelling-maskeler","7":"product_tag-kabin-urunleri","9":"first","10":"outofstock","11":"shipping-taxable","12":"product-type-simple"},"_links":{"self":[{"href":"https:\/\/www.lynaderm.com\/tr_tr\/wp-json\/wp\/v2\/product\/1127","targetHints":{"allow":["GET"]}}],"collection":[{"href":"https:\/\/www.lynaderm.com\/tr_tr\/wp-json\/wp\/v2\/product"}],"about":[{"href":"https:\/\/www.lynaderm.com\/tr_tr\/wp-json\/wp\/v2\/types\/product"}],"replies":[{"embeddable":true,"href":"https:\/\/www.lynaderm.com\/tr_tr\/wp-json\/wp\/v2\/comments?post=1127"}],"wp:featuredmedia":[{"embeddable":true,"href":"https:\/\/www.lynaderm.com\/tr_tr\/wp-json\/wp\/v2\/media\/1464"}],"wp:attachment":[{"href":"https:\/\/www.lynaderm.com\/tr_tr\/wp-json\/wp\/v2\/media?parent=1127"}],"curies":[{"name":"wp","href":"https:\/\/api.w.org\/{rel}","templated":true}]}}