{"id":1132,"date":"2021-05-01T07:57:26","date_gmt":"2021-05-01T07:57:26","guid":{"rendered":"https:\/\/www.lynaderm.com\/?post_type=product&#038;p=1132"},"modified":"2022-10-19T09:04:34","modified_gmt":"2022-10-19T09:04:34","slug":"spot-remover","status":"publish","type":"product","link":"https:\/\/www.lynaderm.com\/tr_tr\/magaza\/kabin-urunleri\/serumlar\/flakon-serumlar\/spot-remover\/","title":{"rendered":"Spot Remover"},"content":{"rendered":"","protected":false},"excerpt":{"rendered":"<p class=\"p1\"><b>LEKE<\/b><\/p>\n<p class=\"p1\">\u0130\u00e7eri\u011findeki bitkisel arbutin ve E vitamini etkisiyle, lekeli ciltlerde etkili sonu\u00e7lar al\u0131nabilir.<span class=\"Apple-converted-space\">\u00a0<\/span><\/p>\n<p class=\"p1\">Cildin tonunu dengelemeye, ya\u015fl\u0131l\u0131k, g\u00fcne\u015f, akne, hiperpigmentasyon ve melazma sebebiyle olu\u015fmu\u015f lekeleri gidermeye yard\u0131mc\u0131 olur.<\/p>\n<p class=\"p1\"><b>Aktif \u0130\u00e7erik: <\/b>Alpha Arbutin, Vitamin E, Hyaluronic Acid, Vitamin C, Vitamin B<\/p>\n<p class=\"p1\">5*5 ml<\/p>\n","protected":false},"featured_media":1526,"comment_status":"open","ping_status":"closed","template":"","meta":[],"class_list":{"0":"post-1132","1":"product","2":"type-product","3":"status-publish","4":"has-post-thumbnail","6":"product_cat-flakon-serumlar","7":"product_tag-kabin-urunleri","9":"first","10":"outofstock","11":"shipping-taxable","12":"product-type-simple"},"_links":{"self":[{"href":"https:\/\/www.lynaderm.com\/tr_tr\/wp-json\/wp\/v2\/product\/1132","targetHints":{"allow":["GET"]}}],"collection":[{"href":"https:\/\/www.lynaderm.com\/tr_tr\/wp-json\/wp\/v2\/product"}],"about":[{"href":"https:\/\/www.lynaderm.com\/tr_tr\/wp-json\/wp\/v2\/types\/product"}],"replies":[{"embeddable":true,"href":"https:\/\/www.lynaderm.com\/tr_tr\/wp-json\/wp\/v2\/comments?post=1132"}],"wp:featuredmedia":[{"embeddable":true,"href":"https:\/\/www.lynaderm.com\/tr_tr\/wp-json\/wp\/v2\/media\/1526"}],"wp:attachment":[{"href":"https:\/\/www.lynaderm.com\/tr_tr\/wp-json\/wp\/v2\/media?parent=1132"}],"curies":[{"name":"wp","href":"https:\/\/api.w.org\/{rel}","templated":true}]}}