{"id":1136,"date":"2021-05-01T08:01:30","date_gmt":"2021-05-01T08:01:30","guid":{"rendered":"https:\/\/www.lynaderm.com\/?post_type=product&#038;p=1136"},"modified":"2022-10-19T09:01:19","modified_gmt":"2022-10-19T09:01:19","slug":"collagen","status":"publish","type":"product","link":"https:\/\/www.lynaderm.com\/tr_tr\/magaza\/kabin-urunleri\/serumlar\/flakon-serumlar\/collagen\/","title":{"rendered":"Collagen"},"content":{"rendered":"","protected":false},"excerpt":{"rendered":"<p class=\"p1\"><b>ANTI AGING<span class=\"Apple-converted-space\">\u00a0<\/span><\/b><\/p>\n<p class=\"p1\">Bitkisel collagen i\u00e7eren bu serum ba\u011f dokusunu destekleyerek ciltte s\u0131k\u0131la\u015fma ve elastikiyetin artmas\u0131na yard\u0131mc\u0131 olur ve anti-aging etki sa\u011flar.<\/p>\n<p class=\"p1\">Cilde \u0131\u015f\u0131lt\u0131l\u0131 bir g\u00f6r\u00fcn\u00fcm verir.<\/p>\n<p class=\"p1\"><b>Aktif \u0130\u00e7erik: <\/b>Collagen, Allantoin, Calicilic Acid, Limon Ya\u011f\u0131, Kay\u0131s\u0131 \u00c7ekirde\u011fi Ya\u011f\u0131, \u00c7ay A\u011fac\u0131 Ya\u011f\u0131<\/p>\n<p class=\"p1\">5*5 ml<\/p>\n","protected":false},"featured_media":1524,"comment_status":"open","ping_status":"closed","template":"","meta":[],"class_list":{"0":"post-1136","1":"product","2":"type-product","3":"status-publish","4":"has-post-thumbnail","6":"product_cat-flakon-serumlar","7":"product_tag-kabin-urunleri","9":"first","10":"outofstock","11":"shipping-taxable","12":"product-type-simple"},"_links":{"self":[{"href":"https:\/\/www.lynaderm.com\/tr_tr\/wp-json\/wp\/v2\/product\/1136","targetHints":{"allow":["GET"]}}],"collection":[{"href":"https:\/\/www.lynaderm.com\/tr_tr\/wp-json\/wp\/v2\/product"}],"about":[{"href":"https:\/\/www.lynaderm.com\/tr_tr\/wp-json\/wp\/v2\/types\/product"}],"replies":[{"embeddable":true,"href":"https:\/\/www.lynaderm.com\/tr_tr\/wp-json\/wp\/v2\/comments?post=1136"}],"wp:featuredmedia":[{"embeddable":true,"href":"https:\/\/www.lynaderm.com\/tr_tr\/wp-json\/wp\/v2\/media\/1524"}],"wp:attachment":[{"href":"https:\/\/www.lynaderm.com\/tr_tr\/wp-json\/wp\/v2\/media?parent=1136"}],"curies":[{"name":"wp","href":"https:\/\/api.w.org\/{rel}","templated":true}]}}