{"id":1137,"date":"2021-05-01T08:02:16","date_gmt":"2021-05-01T08:02:16","guid":{"rendered":"https:\/\/www.lynaderm.com\/?post_type=product&#038;p=1137"},"modified":"2022-10-19T08:59:57","modified_gmt":"2022-10-19T08:59:57","slug":"multi-vitamin","status":"publish","type":"product","link":"https:\/\/www.lynaderm.com\/tr_tr\/magaza\/kabin-urunleri\/serumlar\/flakon-serumlar\/multi-vitamin\/","title":{"rendered":"Multi Vitamin"},"content":{"rendered":"","protected":false},"excerpt":{"rendered":"<p class=\"p1\"><b>YO\u011eUN V\u0130TAM\u0130N<span class=\"Apple-converted-space\">\u00a0<\/span><\/b><\/p>\n<p class=\"p1\">G\u00fc\u00e7l\u00fc bir antioksidan olan multi vitamin cilt h\u00fccrelerinin ihtiyac\u0131 olan vitamin deste\u011fi ile profesyonel bak\u0131mlar\u0131nda anti-aging uygulamalar\u0131n\u0131 ve y\u00fcz lifting i\u015flemlerini g\u00fc\u00e7lendirir.<span class=\"Apple-converted-space\">\u00a0<\/span><\/p>\n<p class=\"p1\">Karma ve ya\u011fl\u0131 cilt tiplerini dengelerken, kuru ciltleri canland\u0131rmaya yard\u0131mc\u0131 olur.<span class=\"Apple-converted-space\">\u00a0<\/span><\/p>\n<p class=\"p1\">A vitamini, B vitamini, C vitamini ve E vitamini i\u00e7erir.<\/p>\n<p class=\"p1\"><b>Aktif \u0130\u00e7erik: <\/b>Retinol (Vit A), Ascorbic Acid (Vit C), Tocopheryl Acetate ( Vit E)<\/p>\n<p class=\"p1\">5*5 ml<\/p>\n","protected":false},"featured_media":1525,"comment_status":"open","ping_status":"closed","template":"","meta":[],"class_list":{"0":"post-1137","1":"product","2":"type-product","3":"status-publish","4":"has-post-thumbnail","6":"product_cat-flakon-serumlar","7":"product_tag-kabin-urunleri","9":"first","10":"outofstock","11":"shipping-taxable","12":"product-type-simple"},"_links":{"self":[{"href":"https:\/\/www.lynaderm.com\/tr_tr\/wp-json\/wp\/v2\/product\/1137","targetHints":{"allow":["GET"]}}],"collection":[{"href":"https:\/\/www.lynaderm.com\/tr_tr\/wp-json\/wp\/v2\/product"}],"about":[{"href":"https:\/\/www.lynaderm.com\/tr_tr\/wp-json\/wp\/v2\/types\/product"}],"replies":[{"embeddable":true,"href":"https:\/\/www.lynaderm.com\/tr_tr\/wp-json\/wp\/v2\/comments?post=1137"}],"wp:featuredmedia":[{"embeddable":true,"href":"https:\/\/www.lynaderm.com\/tr_tr\/wp-json\/wp\/v2\/media\/1525"}],"wp:attachment":[{"href":"https:\/\/www.lynaderm.com\/tr_tr\/wp-json\/wp\/v2\/media?parent=1137"}],"curies":[{"name":"wp","href":"https:\/\/api.w.org\/{rel}","templated":true}]}}