{"id":1140,"date":"2021-05-01T08:05:37","date_gmt":"2021-05-01T08:05:37","guid":{"rendered":"https:\/\/www.lynaderm.com\/?post_type=product&#038;p=1140"},"modified":"2022-10-19T08:57:16","modified_gmt":"2022-10-19T08:57:16","slug":"salmon-dna","status":"publish","type":"product","link":"https:\/\/www.lynaderm.com\/tr_tr\/magaza\/kabin-urunleri\/serumlar\/flakon-serumlar\/salmon-dna\/","title":{"rendered":"Salmon DNA"},"content":{"rendered":"","protected":false},"excerpt":{"rendered":"<p class=\"p1\"><b>G\u00d6ZENEK SIKILA\u015eTIRMA AKNE \u0130ZLER\u0130<\/b><\/p>\n<p class=\"p1\">Salmon Dna insan dnas\u0131na en yak\u0131n dna oldu\u011fu i\u00e7in insan dnas\u0131n\u0131 hareke ge\u00e7irdi\u011fi bilinmektedir.<span class=\"Apple-converted-space\">\u00a0<\/span><\/p>\n<p class=\"p1\">\u0130\u00e7erisindeki %3 Salmon Dna ve % 2 Hyaluronic Asitle fibroblast h\u00fccreleri besleyerek, sa\u011fl\u0131kl\u0131 kollajen ve elastin \u00fcretimini destekler.<span class=\"Apple-converted-space\">\u00a0<\/span><\/p>\n<p class=\"p1\">Hasarl\u0131 h\u00fccrelerin (leke, yan\u0131k, yara izleri) g\u00f6r\u00fcn\u00fcm\u00fcn\u00fcn azalmas\u0131n\u0131 sa\u011flar.<\/p>\n<p class=\"p1\"><b>Aktif \u0130\u00e7erik:<\/b> Salmon DNA Ya\u011f\u0131, Susam Ya\u011f\u0131, Keten Tohumu Ya\u011f\u0131, Salatal\u0131k Ekstresi, \u00dcz\u00fcm \u00c7ekirde\u011fi Ya\u011f\u0131, Vitamin E<\/p>\n<p class=\"p1\">5*5 ml<\/p>\n","protected":false},"featured_media":1522,"comment_status":"open","ping_status":"closed","template":"","meta":[],"class_list":{"0":"post-1140","1":"product","2":"type-product","3":"status-publish","4":"has-post-thumbnail","6":"product_cat-flakon-serumlar","7":"product_tag-kabin-urunleri","9":"first","10":"outofstock","11":"shipping-taxable","12":"product-type-simple"},"_links":{"self":[{"href":"https:\/\/www.lynaderm.com\/tr_tr\/wp-json\/wp\/v2\/product\/1140","targetHints":{"allow":["GET"]}}],"collection":[{"href":"https:\/\/www.lynaderm.com\/tr_tr\/wp-json\/wp\/v2\/product"}],"about":[{"href":"https:\/\/www.lynaderm.com\/tr_tr\/wp-json\/wp\/v2\/types\/product"}],"replies":[{"embeddable":true,"href":"https:\/\/www.lynaderm.com\/tr_tr\/wp-json\/wp\/v2\/comments?post=1140"}],"wp:featuredmedia":[{"embeddable":true,"href":"https:\/\/www.lynaderm.com\/tr_tr\/wp-json\/wp\/v2\/media\/1522"}],"wp:attachment":[{"href":"https:\/\/www.lynaderm.com\/tr_tr\/wp-json\/wp\/v2\/media?parent=1140"}],"curies":[{"name":"wp","href":"https:\/\/api.w.org\/{rel}","templated":true}]}}