{"id":1141,"date":"2021-05-01T08:32:21","date_gmt":"2021-05-01T08:32:21","guid":{"rendered":"https:\/\/www.lynaderm.com\/?post_type=product&#038;p=1141"},"modified":"2022-10-19T08:38:24","modified_gmt":"2022-10-19T08:38:24","slug":"anti-aging-cream","status":"publish","type":"product","link":"https:\/\/www.lynaderm.com\/tr_tr\/magaza\/kabin-urunleri\/bakim-kremleri\/anti-aging-cream\/","title":{"rendered":"Anti Aging Cream"},"content":{"rendered":"","protected":false},"excerpt":{"rendered":"<p class=\"p1\"><b>Hassas, Kuru, Normal, Olgun Ciltler<\/b><\/p>\n<p class=\"p1\">Kuru ve hassas olan cildi i\u00e7erisindeki cad\u0131 f\u0131nd\u0131\u011f\u0131 ile onar\u0131rken s\u0131k\u0131la\u015ft\u0131ran bu krem allantoinle cildi yeniler.<\/p>\n<p class=\"p1\">Hyaluronic acid, cildin kaybetti\u011fi nemi ve suyu geri kazand\u0131r\u0131r.<\/p>\n<p class=\"p1\"><b>Aktif \u0130\u00e7erik: <\/b>Niacinamide, At Kestanesi \u00d6z\u00fc, Hyaluronic Acid, Allantoin, Linoleic Acid, Biotin<\/p>\n<p class=\"p1\">250 ml<\/p>\n","protected":false},"featured_media":1514,"comment_status":"open","ping_status":"closed","template":"","meta":[],"class_list":{"0":"post-1141","1":"product","2":"type-product","3":"status-publish","4":"has-post-thumbnail","6":"product_cat-bakim-kremleri","7":"product_tag-kabin-urunleri","9":"first","10":"outofstock","11":"shipping-taxable","12":"product-type-simple"},"_links":{"self":[{"href":"https:\/\/www.lynaderm.com\/tr_tr\/wp-json\/wp\/v2\/product\/1141","targetHints":{"allow":["GET"]}}],"collection":[{"href":"https:\/\/www.lynaderm.com\/tr_tr\/wp-json\/wp\/v2\/product"}],"about":[{"href":"https:\/\/www.lynaderm.com\/tr_tr\/wp-json\/wp\/v2\/types\/product"}],"replies":[{"embeddable":true,"href":"https:\/\/www.lynaderm.com\/tr_tr\/wp-json\/wp\/v2\/comments?post=1141"}],"wp:featuredmedia":[{"embeddable":true,"href":"https:\/\/www.lynaderm.com\/tr_tr\/wp-json\/wp\/v2\/media\/1514"}],"wp:attachment":[{"href":"https:\/\/www.lynaderm.com\/tr_tr\/wp-json\/wp\/v2\/media?parent=1141"}],"curies":[{"name":"wp","href":"https:\/\/api.w.org\/{rel}","templated":true}]}}