{"id":1143,"date":"2021-05-01T08:35:06","date_gmt":"2021-05-01T08:35:06","guid":{"rendered":"https:\/\/www.lynaderm.com\/?post_type=product&#038;p=1143"},"modified":"2022-10-19T08:39:48","modified_gmt":"2022-10-19T08:39:48","slug":"sebum-balancing-cream","status":"publish","type":"product","link":"https:\/\/www.lynaderm.com\/tr_tr\/magaza\/kabin-urunleri\/bakim-kremleri\/sebum-balancing-cream\/","title":{"rendered":"Sebum Balancing Cream"},"content":{"rendered":"","protected":false},"excerpt":{"rendered":"<p class=\"p1\"><b>Ya\u011fl\u0131, Karma, Problemli Ciltler<\/b><\/p>\n<p class=\"p1\">Ya\u011fl\u0131 ciltlerde sebum salg\u0131s\u0131n\u0131n a\u015f\u0131r\u0131 ifrazat\u0131n\u0131 d\u00fczenlemeye yard\u0131mc\u0131 olur. Ya\u011fl\u0131l\u0131ktan kaynaklanan parlamay\u0131 \u00f6nler. \u0130\u00e7erisindeki \u00e7ay a\u011fac\u0131n\u0131n etkisiyle ciltte iyile\u015fme ve cilt bariyerinde hijyenik bir ortam olu\u015fturur.<\/p>\n<p class=\"p1\"><b>Aktif \u0130\u00e7erik: <\/b>Niacinamide, Argan Ya\u011f\u0131, Papatya \u00d6z\u00fc, \u00c7ay A\u011fac\u0131<\/p>\n<p class=\"p1\">250 ml<\/p>\n","protected":false},"featured_media":1515,"comment_status":"open","ping_status":"closed","template":"","meta":[],"class_list":{"0":"post-1143","1":"product","2":"type-product","3":"status-publish","4":"has-post-thumbnail","6":"product_cat-bakim-kremleri","7":"product_tag-kabin-urunleri","9":"first","10":"outofstock","11":"shipping-taxable","12":"product-type-simple"},"_links":{"self":[{"href":"https:\/\/www.lynaderm.com\/tr_tr\/wp-json\/wp\/v2\/product\/1143","targetHints":{"allow":["GET"]}}],"collection":[{"href":"https:\/\/www.lynaderm.com\/tr_tr\/wp-json\/wp\/v2\/product"}],"about":[{"href":"https:\/\/www.lynaderm.com\/tr_tr\/wp-json\/wp\/v2\/types\/product"}],"replies":[{"embeddable":true,"href":"https:\/\/www.lynaderm.com\/tr_tr\/wp-json\/wp\/v2\/comments?post=1143"}],"wp:featuredmedia":[{"embeddable":true,"href":"https:\/\/www.lynaderm.com\/tr_tr\/wp-json\/wp\/v2\/media\/1515"}],"wp:attachment":[{"href":"https:\/\/www.lynaderm.com\/tr_tr\/wp-json\/wp\/v2\/media?parent=1143"}],"curies":[{"name":"wp","href":"https:\/\/api.w.org\/{rel}","templated":true}]}}