{"id":1145,"date":"2021-05-01T08:37:22","date_gmt":"2021-05-01T08:37:22","guid":{"rendered":"https:\/\/www.lynaderm.com\/?post_type=product&#038;p=1145"},"modified":"2022-10-19T08:47:44","modified_gmt":"2022-10-19T08:47:44","slug":"shoothing-gel","status":"publish","type":"product","link":"https:\/\/www.lynaderm.com\/tr_tr\/magaza\/kabin-urunleri\/bakim-kremleri\/shoothing-gel\/","title":{"rendered":"Shoothing Gel"},"content":{"rendered":"","protected":false},"excerpt":{"rendered":"<p class=\"p1\"><b>Aloe Vera Jel<\/b><\/p>\n<p class=\"p1\">Agresif i\u015flemler sonras\u0131, cildi nemlendirmek ve sakinle\u015ftirmek i\u00e7in kullan\u0131l\u0131r.<\/p>\n<p class=\"p1\"><b>Aktif \u0130\u00e7erik: <\/b>Aloe Vera \u00d6z\u00fc, At Kestanesi \u00d6z\u00fc, Mentol<\/p>\n<p class=\"p1\">500 ml<\/p>\n","protected":false},"featured_media":1519,"comment_status":"open","ping_status":"closed","template":"","meta":[],"class_list":{"0":"post-1145","1":"product","2":"type-product","3":"status-publish","4":"has-post-thumbnail","6":"product_cat-bakim-kremleri","7":"product_tag-kabin-urunleri","9":"first","10":"outofstock","11":"shipping-taxable","12":"product-type-simple"},"_links":{"self":[{"href":"https:\/\/www.lynaderm.com\/tr_tr\/wp-json\/wp\/v2\/product\/1145","targetHints":{"allow":["GET"]}}],"collection":[{"href":"https:\/\/www.lynaderm.com\/tr_tr\/wp-json\/wp\/v2\/product"}],"about":[{"href":"https:\/\/www.lynaderm.com\/tr_tr\/wp-json\/wp\/v2\/types\/product"}],"replies":[{"embeddable":true,"href":"https:\/\/www.lynaderm.com\/tr_tr\/wp-json\/wp\/v2\/comments?post=1145"}],"wp:featuredmedia":[{"embeddable":true,"href":"https:\/\/www.lynaderm.com\/tr_tr\/wp-json\/wp\/v2\/media\/1519"}],"wp:attachment":[{"href":"https:\/\/www.lynaderm.com\/tr_tr\/wp-json\/wp\/v2\/media?parent=1145"}],"curies":[{"name":"wp","href":"https:\/\/api.w.org\/{rel}","templated":true}]}}