{"id":1147,"date":"2021-05-01T11:41:10","date_gmt":"2021-05-01T11:41:10","guid":{"rendered":"https:\/\/www.lynaderm.com\/?post_type=product&#038;p=1147"},"modified":"2022-10-18T11:35:15","modified_gmt":"2022-10-18T11:35:15","slug":"a-glycolic-acid","status":"publish","type":"product","link":"https:\/\/www.lynaderm.com\/tr_tr\/magaza\/kabin-urunleri\/hydrafacial-solusyonlar\/a-glycolic-acid\/","title":{"rendered":"Hydra Gold A\u00a0Glycolic Acid"},"content":{"rendered":"","protected":false},"excerpt":{"rendered":"<p class=\"p1\">\n<p class=\"p1\">Vakumlu cilt bak\u0131mlar\u0131nda kullan\u0131l\u0131r.<span class=\"Apple-converted-space\">\u00a0<\/span><\/p>\n<p class=\"p1\">\u0130\u00e7erdi\u011fi Glycolic Acid<span class=\"Apple-converted-space\">\u00a0 <\/span>ile \u00f6l\u00fc derileri, lekeleri ciltten temizler.<span class=\"Apple-converted-space\">\u00a0<\/span><\/p>\n<p class=\"p1\">Glycolic Acidin soyucu \u00f6zelli\u011fi ile \u00f6l\u00fc deri h\u00fccrelerini ciltten uzakla\u015ft\u0131rarak cildi tazeler ve daha parlak bir g\u00f6r\u00fcn\u00fcm kazanmas\u0131n\u0131 sa\u011flar<\/p>\n<p class=\"p1\">Her cilt tipine uygundur.<\/p>\n<p class=\"p1\">1000 ml<\/p>\n","protected":false},"featured_media":1488,"comment_status":"open","ping_status":"closed","template":"","meta":[],"class_list":{"0":"post-1147","1":"product","2":"type-product","3":"status-publish","4":"has-post-thumbnail","6":"product_cat-hydrafacial-solusyonlar","7":"product_tag-kabin-urunleri","9":"first","10":"outofstock","11":"shipping-taxable","12":"product-type-simple"},"_links":{"self":[{"href":"https:\/\/www.lynaderm.com\/tr_tr\/wp-json\/wp\/v2\/product\/1147","targetHints":{"allow":["GET"]}}],"collection":[{"href":"https:\/\/www.lynaderm.com\/tr_tr\/wp-json\/wp\/v2\/product"}],"about":[{"href":"https:\/\/www.lynaderm.com\/tr_tr\/wp-json\/wp\/v2\/types\/product"}],"replies":[{"embeddable":true,"href":"https:\/\/www.lynaderm.com\/tr_tr\/wp-json\/wp\/v2\/comments?post=1147"}],"wp:featuredmedia":[{"embeddable":true,"href":"https:\/\/www.lynaderm.com\/tr_tr\/wp-json\/wp\/v2\/media\/1488"}],"wp:attachment":[{"href":"https:\/\/www.lynaderm.com\/tr_tr\/wp-json\/wp\/v2\/media?parent=1147"}],"curies":[{"name":"wp","href":"https:\/\/api.w.org\/{rel}","templated":true}]}}