{"id":1149,"date":"2021-05-01T11:50:31","date_gmt":"2021-05-01T11:50:31","guid":{"rendered":"https:\/\/www.lynaderm.com\/?post_type=product&#038;p=1149"},"modified":"2022-10-18T11:36:37","modified_gmt":"2022-10-18T11:36:37","slug":"b-salicilic-acid","status":"publish","type":"product","link":"https:\/\/www.lynaderm.com\/tr_tr\/magaza\/kabin-urunleri\/hydrafacial-solusyonlar\/b-salicilic-acid\/","title":{"rendered":"Hydra Gold B Salicilic Acid"},"content":{"rendered":"","protected":false},"excerpt":{"rendered":"<p class=\"p1\">\n<p class=\"p1\">Vakumlu cilt bak\u0131mlar\u0131nda kullan\u0131l\u0131r.<span class=\"Apple-converted-space\">\u00a0<\/span><\/p>\n<p class=\"p1\">Ya\u011fl\u0131 ciltler ve T b\u00f6lgesi i\u00e7in kullan\u0131l\u0131r. Ya\u011fl\u0131 ve akneli ciltleri temizler, sivilce olu\u015fumunu \u00f6nler, ciltteki ya\u011f dengesini d\u00fczenler.<span class=\"Apple-converted-space\">\u00a0<\/span><\/p>\n<p class=\"p1\">Salisilik Acid soyucu \u00f6zelli\u011fi ile cildi tahri\u015f etmeden ar\u0131nd\u0131r\u0131r.<span class=\"Apple-converted-space\">\u00a0<\/span><\/p>\n<p class=\"p1\">Her cilt tipine uygundur.<\/p>\n<p class=\"p1\">1000 ml<\/p>\n","protected":false},"featured_media":1489,"comment_status":"open","ping_status":"closed","template":"","meta":[],"class_list":{"0":"post-1149","1":"product","2":"type-product","3":"status-publish","4":"has-post-thumbnail","6":"product_cat-hydrafacial-solusyonlar","7":"product_tag-kabin-urunleri","9":"first","10":"outofstock","11":"shipping-taxable","12":"product-type-simple"},"_links":{"self":[{"href":"https:\/\/www.lynaderm.com\/tr_tr\/wp-json\/wp\/v2\/product\/1149","targetHints":{"allow":["GET"]}}],"collection":[{"href":"https:\/\/www.lynaderm.com\/tr_tr\/wp-json\/wp\/v2\/product"}],"about":[{"href":"https:\/\/www.lynaderm.com\/tr_tr\/wp-json\/wp\/v2\/types\/product"}],"replies":[{"embeddable":true,"href":"https:\/\/www.lynaderm.com\/tr_tr\/wp-json\/wp\/v2\/comments?post=1149"}],"wp:featuredmedia":[{"embeddable":true,"href":"https:\/\/www.lynaderm.com\/tr_tr\/wp-json\/wp\/v2\/media\/1489"}],"wp:attachment":[{"href":"https:\/\/www.lynaderm.com\/tr_tr\/wp-json\/wp\/v2\/media?parent=1149"}],"curies":[{"name":"wp","href":"https:\/\/api.w.org\/{rel}","templated":true}]}}