{"id":1151,"date":"2021-05-01T11:55:48","date_gmt":"2021-05-01T11:55:48","guid":{"rendered":"https:\/\/www.lynaderm.com\/?post_type=product&#038;p=1151"},"modified":"2022-10-18T11:37:40","modified_gmt":"2022-10-18T11:37:40","slug":"c-moisturizer-vitamin-complex","status":"publish","type":"product","link":"https:\/\/www.lynaderm.com\/tr_tr\/magaza\/kabin-urunleri\/hydrafacial-solusyonlar\/c-moisturizer-vitamin-complex\/","title":{"rendered":"Hydra Gold C Moisturizer Vitamin Complex"},"content":{"rendered":"","protected":false},"excerpt":{"rendered":"<p class=\"p1\">\n<p class=\"p1\">Vakumlu cilt bak\u0131mlar\u0131nda kullan\u0131l\u0131r.<span class=\"Apple-converted-space\">\u00a0<\/span><\/p>\n<p class=\"p1\">B-C-D vitaminlerini i\u00e7erir. Cildi yeniler, C vitamini sayesinde cildi besler. Cilt alt\u0131na emilimi kolayd\u0131r.<span class=\"Apple-converted-space\">\u00a0<\/span><\/p>\n<p class=\"p1\">Gold A ve Gold B ile yap\u0131lan i\u015flemler sonras\u0131nda, uygulan\u0131r.8 \u00e7e\u015fit bitkisel ekstrakt kar\u0131\u015f\u0131m\u0131 sayesinde cildi yumu\u015fat\u0131r ve nemlendirir.<\/p>\n<p class=\"p1\">Her cilt tipine uygundur.<\/p>\n<p class=\"p1\">1000 ml<\/p>\n","protected":false},"featured_media":1490,"comment_status":"open","ping_status":"closed","template":"","meta":[],"class_list":{"0":"post-1151","1":"product","2":"type-product","3":"status-publish","4":"has-post-thumbnail","6":"product_cat-hydrafacial-solusyonlar","7":"product_tag-kabin-urunleri","9":"first","10":"outofstock","11":"shipping-taxable","12":"product-type-simple"},"_links":{"self":[{"href":"https:\/\/www.lynaderm.com\/tr_tr\/wp-json\/wp\/v2\/product\/1151","targetHints":{"allow":["GET"]}}],"collection":[{"href":"https:\/\/www.lynaderm.com\/tr_tr\/wp-json\/wp\/v2\/product"}],"about":[{"href":"https:\/\/www.lynaderm.com\/tr_tr\/wp-json\/wp\/v2\/types\/product"}],"replies":[{"embeddable":true,"href":"https:\/\/www.lynaderm.com\/tr_tr\/wp-json\/wp\/v2\/comments?post=1151"}],"wp:featuredmedia":[{"embeddable":true,"href":"https:\/\/www.lynaderm.com\/tr_tr\/wp-json\/wp\/v2\/media\/1490"}],"wp:attachment":[{"href":"https:\/\/www.lynaderm.com\/tr_tr\/wp-json\/wp\/v2\/media?parent=1151"}],"curies":[{"name":"wp","href":"https:\/\/api.w.org\/{rel}","templated":true}]}}