{"id":1153,"date":"2021-05-01T12:02:10","date_gmt":"2021-05-01T12:02:10","guid":{"rendered":"https:\/\/www.lynaderm.com\/?post_type=product&#038;p=1153"},"modified":"2022-10-18T11:38:45","modified_gmt":"2022-10-18T11:38:45","slug":"d-cleaning-extrate-water","status":"publish","type":"product","link":"https:\/\/www.lynaderm.com\/tr_tr\/magaza\/kabin-urunleri\/hydrafacial-solusyonlar\/d-cleaning-extrate-water\/","title":{"rendered":"Hydra Gold D Makine Temizleme"},"content":{"rendered":"","protected":false},"excerpt":{"rendered":"<p class=\"p1\">\n<p class=\"p1\">Vakumlu cilt bak\u0131m makinalar\u0131n\u0131n temiz ve steril olmas\u0131n\u0131 sa\u011flar.<span class=\"Apple-converted-space\">\u00a0<\/span><\/p>\n<p class=\"p1\">A, B ve C sol\u00fcsyonlarla yap\u0131lan i\u015flemler sonras\u0131nda, sistem t\u00fcpleri i\u00e7erisinde kalan kal\u0131nt\u0131lar\u0131n temizlenmesine ve aktif sistem temizli\u011finin sa\u011flanmas\u0131na yard\u0131mc\u0131 olur.<\/p>\n<p class=\"p1\">Makine temizli\u011fi i\u00e7in kullan\u0131n\u0131z<\/p>\n<p class=\"p1\">1000 ml<\/p>\n","protected":false},"featured_media":1491,"comment_status":"open","ping_status":"closed","template":"","meta":[],"class_list":{"0":"post-1153","1":"product","2":"type-product","3":"status-publish","4":"has-post-thumbnail","6":"product_cat-hydrafacial-solusyonlar","7":"product_tag-kabin-urunleri","9":"first","10":"outofstock","11":"shipping-taxable","12":"product-type-simple"},"_links":{"self":[{"href":"https:\/\/www.lynaderm.com\/tr_tr\/wp-json\/wp\/v2\/product\/1153","targetHints":{"allow":["GET"]}}],"collection":[{"href":"https:\/\/www.lynaderm.com\/tr_tr\/wp-json\/wp\/v2\/product"}],"about":[{"href":"https:\/\/www.lynaderm.com\/tr_tr\/wp-json\/wp\/v2\/types\/product"}],"replies":[{"embeddable":true,"href":"https:\/\/www.lynaderm.com\/tr_tr\/wp-json\/wp\/v2\/comments?post=1153"}],"wp:featuredmedia":[{"embeddable":true,"href":"https:\/\/www.lynaderm.com\/tr_tr\/wp-json\/wp\/v2\/media\/1491"}],"wp:attachment":[{"href":"https:\/\/www.lynaderm.com\/tr_tr\/wp-json\/wp\/v2\/media?parent=1153"}],"curies":[{"name":"wp","href":"https:\/\/api.w.org\/{rel}","templated":true}]}}