{"id":1155,"date":"2021-05-01T16:07:29","date_gmt":"2021-05-01T16:07:29","guid":{"rendered":"https:\/\/www.lynaderm.com\/?post_type=product&#038;p=1155"},"modified":"2022-10-18T11:55:04","modified_gmt":"2022-10-18T11:55:04","slug":"daily-cleansing-foam","status":"publish","type":"product","link":"https:\/\/www.lynaderm.com\/tr_tr\/magaza\/satis-urunleri\/temizleyiciler-satis-urunleri\/daily-cleansing-foam\/","title":{"rendered":"Daily Cleansing Foam"},"content":{"rendered":"","protected":false},"excerpt":{"rendered":"<p class=\"p1\">Normal, Karma Cilt Tipleri \u0130\u00e7in K\u00f6p\u00fck Formunda Temizleyici<\/p>\n<p class=\"p1\">Normal, karma cilt tiplerinin kullan\u0131m\u0131na uygun k\u00f6p\u00fck \u015feklindeki temizleyici s\u0131k\u0131\u015ft\u0131r\u0131lm\u0131\u015f oksijen ile cildini bol su ile y\u0131kamay\u0131 sevenler i\u00e7in idealdir. Hyaluronic asidin nem verme etkisiyle kadife gibi yumu\u015fac\u0131k his verir. \u0130\u00e7erisindeki meyan k\u00f6k\u00fc sayesinde kir, makyaj kal\u0131nt\u0131s\u0131 ve \u00f6l\u00fc h\u00fccrelerden ar\u0131nd\u0131rarak cildi rahatlat\u0131r.<span class=\"Apple-converted-space\">\u00a0<\/span><\/p>\n<p class=\"p1\">\u2022 Sabah \u2013 ak\u015fam kullan\u0131ma uygundur<\/p>\n<p class=\"p1\">Aktif \u0130\u00e7erik: Allantoin, At Kestanesi \u00d6z\u00fc, Linoleic Acid, Meyan K\u00f6k\u00fc, Biotin<span class=\"Apple-converted-space\">\u00a0<\/span><\/p>\n<p class=\"p1\">150 ml<\/p>\n","protected":false},"featured_media":1411,"comment_status":"open","ping_status":"closed","template":"","meta":[],"class_list":{"0":"post-1155","1":"product","2":"type-product","3":"status-publish","4":"has-post-thumbnail","6":"product_cat-temizleyiciler-satis-urunleri","7":"product_tag-satis-urunleri","9":"first","10":"outofstock","11":"shipping-taxable","12":"product-type-simple"},"_links":{"self":[{"href":"https:\/\/www.lynaderm.com\/tr_tr\/wp-json\/wp\/v2\/product\/1155","targetHints":{"allow":["GET"]}}],"collection":[{"href":"https:\/\/www.lynaderm.com\/tr_tr\/wp-json\/wp\/v2\/product"}],"about":[{"href":"https:\/\/www.lynaderm.com\/tr_tr\/wp-json\/wp\/v2\/types\/product"}],"replies":[{"embeddable":true,"href":"https:\/\/www.lynaderm.com\/tr_tr\/wp-json\/wp\/v2\/comments?post=1155"}],"wp:featuredmedia":[{"embeddable":true,"href":"https:\/\/www.lynaderm.com\/tr_tr\/wp-json\/wp\/v2\/media\/1411"}],"wp:attachment":[{"href":"https:\/\/www.lynaderm.com\/tr_tr\/wp-json\/wp\/v2\/media?parent=1155"}],"curies":[{"name":"wp","href":"https:\/\/api.w.org\/{rel}","templated":true}]}}