{"id":1157,"date":"2021-05-01T16:09:04","date_gmt":"2021-05-01T16:09:04","guid":{"rendered":"https:\/\/www.lynaderm.com\/?post_type=product&#038;p=1157"},"modified":"2022-10-18T12:02:07","modified_gmt":"2022-10-18T12:02:07","slug":"deep-cleansing-gel","status":"publish","type":"product","link":"https:\/\/www.lynaderm.com\/tr_tr\/magaza\/satis-urunleri\/temizleyiciler-satis-urunleri\/deep-cleansing-gel\/","title":{"rendered":"Deep Cleansing Gel"},"content":{"rendered":"","protected":false},"excerpt":{"rendered":"<p class=\"p1\">Ya\u011fl\u0131, Karma, Problemli Cilt Tipleri \u0130\u00e7in Temizleme Jeli<\/p>\n<p class=\"p1\">Ya\u011fl\u0131, karma, problemli ciltlerde g\u00f6zenekleri derinlemesine temizlerken i\u00e7erisindeki Alman papatyas\u0131 ile ciltte antienflamatuar etki sa\u011flar. Aloe vera \u00f6z\u00fc ile sakinle\u015ftirir. Ar\u0131nd\u0131r\u0131c\u0131, rahatlat\u0131c\u0131d\u0131r.<span class=\"Apple-converted-space\">\u00a0<\/span><\/p>\n<p class=\"p1\">D\u00fczenli bak\u0131m ile siyah nokta olu\u015fumunu engeller. K\u00f6p\u00fcrterek y\u0131kan\u0131r, bol su ile durulan\u0131r.<span class=\"Apple-converted-space\">\u00a0<\/span><\/p>\n<p class=\"p1\">\u2022 Sabah \u2013 ak\u015fam kullan\u0131ma uygundur. <span class=\"Apple-converted-space\">\u00a0<\/span><\/p>\n<p class=\"p1\">Aktif \u0130\u00e7erik: Aloe Vera, Papatya \u00d6z\u00fc, Papatya Ya\u011f\u0131<\/p>\n<p class=\"p1\">150 ml<\/p>\n","protected":false},"featured_media":1497,"comment_status":"open","ping_status":"closed","template":"","meta":[],"class_list":{"0":"post-1157","1":"product","2":"type-product","3":"status-publish","4":"has-post-thumbnail","6":"product_cat-temizleyiciler-satis-urunleri","7":"product_tag-satis-urunleri","9":"first","10":"outofstock","11":"shipping-taxable","12":"product-type-simple"},"_links":{"self":[{"href":"https:\/\/www.lynaderm.com\/tr_tr\/wp-json\/wp\/v2\/product\/1157","targetHints":{"allow":["GET"]}}],"collection":[{"href":"https:\/\/www.lynaderm.com\/tr_tr\/wp-json\/wp\/v2\/product"}],"about":[{"href":"https:\/\/www.lynaderm.com\/tr_tr\/wp-json\/wp\/v2\/types\/product"}],"replies":[{"embeddable":true,"href":"https:\/\/www.lynaderm.com\/tr_tr\/wp-json\/wp\/v2\/comments?post=1157"}],"wp:featuredmedia":[{"embeddable":true,"href":"https:\/\/www.lynaderm.com\/tr_tr\/wp-json\/wp\/v2\/media\/1497"}],"wp:attachment":[{"href":"https:\/\/www.lynaderm.com\/tr_tr\/wp-json\/wp\/v2\/media?parent=1157"}],"curies":[{"name":"wp","href":"https:\/\/api.w.org\/{rel}","templated":true}]}}