{"id":1159,"date":"2021-05-01T16:17:04","date_gmt":"2021-05-01T16:17:04","guid":{"rendered":"https:\/\/www.lynaderm.com\/?post_type=product&#038;p=1159"},"modified":"2023-12-11T12:53:48","modified_gmt":"2023-12-11T12:53:48","slug":"rice-peeling-2","status":"publish","type":"product","link":"https:\/\/www.lynaderm.com\/tr_tr\/magaza\/satis-urunleri\/rice-peeling-2\/","title":{"rendered":"Rice Peeling"},"content":{"rendered":"","protected":false},"excerpt":{"rendered":"<p class=\"p1\">T\u00fcm Cilt Tipleri \u0130\u00e7in Pirin\u00e7 \u00d6zl\u00fc \u0130nce Gran\u00fcll\u00fc Ar\u0131nd\u0131r\u0131c\u0131 Peeling<\/p>\n<p class=\"p1\">T\u00fcm cilt tiplerinde, cilt y\u00fczeyini p\u00fcr\u00fczs\u00fczle\u015ftirerek hassas ve derinlemesine temizlik sa\u011flar.<span class=\"Apple-converted-space\">\u00a0<\/span><\/p>\n<p class=\"p1\">Ciltte sebum salg\u0131s\u0131n\u0131 dengeler, ayd\u0131nl\u0131k bir g\u00f6r\u00fcn\u00fcm verir.<span class=\"Apple-converted-space\">\u00a0<\/span><\/p>\n<p class=\"p1\">\u0130\u00e7erisindeki folik asit ile lekelerin a\u00e7\u0131lmas\u0131na yard\u0131mc\u0131 olur, ciltteki kararmay\u0131 ve renk e\u015fitsizli\u011fini d\u00fczenler.<span class=\"Apple-converted-space\">\u00a0<\/span><\/p>\n<p class=\"p1\">Allantoin ve Hyaluronic asit, ciltte bariyer olu\u015fturarak nemi hapseder ve cilt elastikiyetini artt\u0131r\u0131r.<\/p>\n<p class=\"p1\">\u2022 <span class=\"Apple-converted-space\">\u00a0 \u00a0 <\/span>Haftada 2 kez \u00f6zellikle banyodan sonra uygulan\u0131r ve bol su ile ciltten ar\u0131nd\u0131r\u0131l\u0131r<\/p>\n<p class=\"p1\">Aktif \u0130\u00e7erik: Titanium Dioxide, Allantoin, Hyaluronic Acid, Ay\u00e7i\u00e7ek Tohumu Ya\u011f\u0131, Pirin\u00e7 Kepe\u011fi<\/p>\n<p class=\"p1\">100 ml<\/p>\n","protected":false},"featured_media":1745,"comment_status":"open","ping_status":"closed","template":"","meta":[],"class_list":{"0":"post-1159","1":"product","2":"type-product","3":"status-publish","4":"has-post-thumbnail","6":"product_cat-satis-urunleri","7":"product_cat-temizleyiciler-satis-urunleri","8":"product_tag-satis-urunleri","10":"first","11":"outofstock","12":"shipping-taxable","13":"product-type-simple"},"_links":{"self":[{"href":"https:\/\/www.lynaderm.com\/tr_tr\/wp-json\/wp\/v2\/product\/1159","targetHints":{"allow":["GET"]}}],"collection":[{"href":"https:\/\/www.lynaderm.com\/tr_tr\/wp-json\/wp\/v2\/product"}],"about":[{"href":"https:\/\/www.lynaderm.com\/tr_tr\/wp-json\/wp\/v2\/types\/product"}],"replies":[{"embeddable":true,"href":"https:\/\/www.lynaderm.com\/tr_tr\/wp-json\/wp\/v2\/comments?post=1159"}],"wp:featuredmedia":[{"embeddable":true,"href":"https:\/\/www.lynaderm.com\/tr_tr\/wp-json\/wp\/v2\/media\/1745"}],"wp:attachment":[{"href":"https:\/\/www.lynaderm.com\/tr_tr\/wp-json\/wp\/v2\/media?parent=1159"}],"curies":[{"name":"wp","href":"https:\/\/api.w.org\/{rel}","templated":true}]}}