{"id":1163,"date":"2021-05-01T20:23:04","date_gmt":"2021-05-01T20:23:04","guid":{"rendered":"https:\/\/www.lynaderm.com\/?post_type=product&#038;p=1163"},"modified":"2022-11-28T08:23:08","modified_gmt":"2022-11-28T08:23:08","slug":"daily-skin-tonic","status":"publish","type":"product","link":"https:\/\/www.lynaderm.com\/tr_tr\/magaza\/satis-urunleri\/temizleyiciler-satis-urunleri\/daily-skin-tonic\/","title":{"rendered":"Daily Skin Tonic"},"content":{"rendered":"","protected":false},"excerpt":{"rendered":"<p class=\"p1\">Hassas, Kuru, Normal, Olgun Cilt Tipleri \u0130\u00e7in Canland\u0131r\u0131c\u0131 Temizleme Toni\u011fi<\/p>\n<p class=\"p1\">G\u00fcnl\u00fck kullan\u0131m i\u00e7in form\u00fcle edilmi\u015f cildin nem dengesini d\u00fczenlemeye yard\u0131mc\u0131 olan bir toniktir.<span class=\"Apple-converted-space\">\u00a0<\/span><\/p>\n<p class=\"p1\">\u0130\u00e7eri\u011finde bulunan Aloe vera cildi yat\u0131\u015ft\u0131r\u0131r ve Ph\u2019\u0131n\u0131 dengeler. Bir pamuk yard\u0131m\u0131yla s\u00fcr\u00fcl\u00fcr ve \u00fcr\u00fcn ciltte kurumas\u0131 i\u00e7in bekletilir.<\/p>\n<p class=\"p1\">\u2022 Sabah \u2013 ak\u015fam kullan\u0131m\u0131 uygundur<\/p>\n<p class=\"p1\">Aktif \u0130\u00e7erik: Aloe Vera, Folic Acid, Linoleic Acid, Biotin<span class=\"Apple-converted-space\">\u00a0<\/span><\/p>\n<p class=\"p1\">150 ml<\/p>\n","protected":false},"featured_media":1496,"comment_status":"open","ping_status":"closed","template":"","meta":[],"class_list":{"0":"post-1163","1":"product","2":"type-product","3":"status-publish","4":"has-post-thumbnail","6":"product_cat-temizleyiciler-satis-urunleri","7":"product_tag-satis-urunleri","9":"first","10":"outofstock","11":"shipping-taxable","12":"product-type-simple"},"_links":{"self":[{"href":"https:\/\/www.lynaderm.com\/tr_tr\/wp-json\/wp\/v2\/product\/1163","targetHints":{"allow":["GET"]}}],"collection":[{"href":"https:\/\/www.lynaderm.com\/tr_tr\/wp-json\/wp\/v2\/product"}],"about":[{"href":"https:\/\/www.lynaderm.com\/tr_tr\/wp-json\/wp\/v2\/types\/product"}],"replies":[{"embeddable":true,"href":"https:\/\/www.lynaderm.com\/tr_tr\/wp-json\/wp\/v2\/comments?post=1163"}],"wp:featuredmedia":[{"embeddable":true,"href":"https:\/\/www.lynaderm.com\/tr_tr\/wp-json\/wp\/v2\/media\/1496"}],"wp:attachment":[{"href":"https:\/\/www.lynaderm.com\/tr_tr\/wp-json\/wp\/v2\/media?parent=1163"}],"curies":[{"name":"wp","href":"https:\/\/api.w.org\/{rel}","templated":true}]}}