{"id":1165,"date":"2021-05-01T20:24:28","date_gmt":"2021-05-01T20:24:28","guid":{"rendered":"https:\/\/www.lynaderm.com\/?post_type=product&#038;p=1165"},"modified":"2022-10-19T10:12:29","modified_gmt":"2022-10-19T10:12:29","slug":"gold-maske","status":"publish","type":"product","link":"https:\/\/www.lynaderm.com\/tr_tr\/magaza\/satis-urunleri\/maskeler-satis-urunleri\/gold-maske\/","title":{"rendered":"Gold Maske"},"content":{"rendered":"","protected":false},"excerpt":{"rendered":"<p class=\"p1\"><b>Anti Aging<\/b><\/p>\n<p class=\"p1\">Alt\u0131n tozu cildi besler ve nemini geri kazand\u0131r\u0131r. Ayn\u0131 zamanda cildi gen\u00e7le\u015ftirir ve anti aging etki sa\u011flar.<\/p>\n<p class=\"p1\"><b>Aktif \u0130\u00e7erik: <\/b>Yosun, Alt\u0131n Tozu, Hydrolized Collagen<\/p>\n<p class=\"p1\">25 gr<\/p>\n","protected":false},"featured_media":1537,"comment_status":"open","ping_status":"closed","template":"","meta":[],"class_list":{"0":"post-1165","1":"product","2":"type-product","3":"status-publish","4":"has-post-thumbnail","6":"product_cat-maskeler-satis-urunleri","7":"product_tag-satis-urunleri","9":"first","10":"outofstock","11":"shipping-taxable","12":"product-type-simple"},"_links":{"self":[{"href":"https:\/\/www.lynaderm.com\/tr_tr\/wp-json\/wp\/v2\/product\/1165","targetHints":{"allow":["GET"]}}],"collection":[{"href":"https:\/\/www.lynaderm.com\/tr_tr\/wp-json\/wp\/v2\/product"}],"about":[{"href":"https:\/\/www.lynaderm.com\/tr_tr\/wp-json\/wp\/v2\/types\/product"}],"replies":[{"embeddable":true,"href":"https:\/\/www.lynaderm.com\/tr_tr\/wp-json\/wp\/v2\/comments?post=1165"}],"wp:featuredmedia":[{"embeddable":true,"href":"https:\/\/www.lynaderm.com\/tr_tr\/wp-json\/wp\/v2\/media\/1537"}],"wp:attachment":[{"href":"https:\/\/www.lynaderm.com\/tr_tr\/wp-json\/wp\/v2\/media?parent=1165"}],"curies":[{"name":"wp","href":"https:\/\/api.w.org\/{rel}","templated":true}]}}