{"id":1171,"date":"2021-05-01T20:32:39","date_gmt":"2021-05-01T20:32:39","guid":{"rendered":"https:\/\/www.lynaderm.com\/?post_type=product&#038;p=1171"},"modified":"2022-10-19T10:07:15","modified_gmt":"2022-10-19T10:07:15","slug":"collagen-maske","status":"publish","type":"product","link":"https:\/\/www.lynaderm.com\/tr_tr\/magaza\/satis-urunleri\/maskeler-satis-urunleri\/collagen-maske\/","title":{"rendered":"Collagen Maske"},"content":{"rendered":"","protected":false},"excerpt":{"rendered":"<p class=\"p2\"><b>Elastikiyet Kayb\u0131 \/S\u0131k\u0131la\u015fma<\/b><\/p>\n<p class=\"p2\">Cilt ya\u015f\u0131 artt\u0131k\u00e7a azalan kolajen ve elastikiyetin geri kazan\u0131lmas\u0131na yard\u0131mc\u0131 olur.<\/p>\n<p class=\"p2\"><b>Aktif \u0130\u00e7erik: <\/b>Yosun, Hydrolyzed Collagen, Nar \u00d6z\u00fc<\/p>\n<p class=\"p3\">25 gr<\/p>\n","protected":false},"featured_media":1534,"comment_status":"open","ping_status":"closed","template":"","meta":[],"class_list":{"0":"post-1171","1":"product","2":"type-product","3":"status-publish","4":"has-post-thumbnail","6":"product_cat-maskeler-satis-urunleri","7":"product_tag-satis-urunleri","9":"first","10":"outofstock","11":"shipping-taxable","12":"product-type-simple"},"_links":{"self":[{"href":"https:\/\/www.lynaderm.com\/tr_tr\/wp-json\/wp\/v2\/product\/1171","targetHints":{"allow":["GET"]}}],"collection":[{"href":"https:\/\/www.lynaderm.com\/tr_tr\/wp-json\/wp\/v2\/product"}],"about":[{"href":"https:\/\/www.lynaderm.com\/tr_tr\/wp-json\/wp\/v2\/types\/product"}],"replies":[{"embeddable":true,"href":"https:\/\/www.lynaderm.com\/tr_tr\/wp-json\/wp\/v2\/comments?post=1171"}],"wp:featuredmedia":[{"embeddable":true,"href":"https:\/\/www.lynaderm.com\/tr_tr\/wp-json\/wp\/v2\/media\/1534"}],"wp:attachment":[{"href":"https:\/\/www.lynaderm.com\/tr_tr\/wp-json\/wp\/v2\/media?parent=1171"}],"curies":[{"name":"wp","href":"https:\/\/api.w.org\/{rel}","templated":true}]}}