{"id":1173,"date":"2021-05-01T20:34:08","date_gmt":"2021-05-01T20:34:08","guid":{"rendered":"https:\/\/www.lynaderm.com\/?post_type=product&#038;p=1173"},"modified":"2022-10-19T10:04:56","modified_gmt":"2022-10-19T10:04:56","slug":"tea-tree-maske","status":"publish","type":"product","link":"https:\/\/www.lynaderm.com\/tr_tr\/magaza\/satis-urunleri\/maskeler-satis-urunleri\/tea-tree-maske\/","title":{"rendered":"Tea Tree Maske"},"content":{"rendered":"","protected":false},"excerpt":{"rendered":"<p class=\"p1\">\n<p class=\"p1\"><b>Ya\u011fl\u0131 Ciltler<\/b><\/p>\n<p class=\"p1\">Ya\u011fl\u0131 ciltte olu\u015fan parlakl\u0131\u011f\u0131n giderilmesini ve antiseptik \u00f6zelli\u011fi sayesinde, g\u00f6zeneklerin temiz kalmas\u0131n\u0131 ve nefes almas\u0131n\u0131 sa\u011flar.<\/p>\n<p class=\"p1\"><b>Aktif \u0130\u00e7erik: <\/b>Yosun, \u00c7ay A\u011fac\u0131 Yaprak \u00d6z\u00fc, \u00c7ay A\u011fac\u0131 Ya\u011f\u0131<\/p>\n<p class=\"p2\">25 gr<\/p>\n","protected":false},"featured_media":1533,"comment_status":"open","ping_status":"closed","template":"","meta":[],"class_list":{"0":"post-1173","1":"product","2":"type-product","3":"status-publish","4":"has-post-thumbnail","6":"product_cat-maskeler-satis-urunleri","7":"product_tag-satis-urunleri","9":"first","10":"outofstock","11":"shipping-taxable","12":"product-type-simple"},"_links":{"self":[{"href":"https:\/\/www.lynaderm.com\/tr_tr\/wp-json\/wp\/v2\/product\/1173","targetHints":{"allow":["GET"]}}],"collection":[{"href":"https:\/\/www.lynaderm.com\/tr_tr\/wp-json\/wp\/v2\/product"}],"about":[{"href":"https:\/\/www.lynaderm.com\/tr_tr\/wp-json\/wp\/v2\/types\/product"}],"replies":[{"embeddable":true,"href":"https:\/\/www.lynaderm.com\/tr_tr\/wp-json\/wp\/v2\/comments?post=1173"}],"wp:featuredmedia":[{"embeddable":true,"href":"https:\/\/www.lynaderm.com\/tr_tr\/wp-json\/wp\/v2\/media\/1533"}],"wp:attachment":[{"href":"https:\/\/www.lynaderm.com\/tr_tr\/wp-json\/wp\/v2\/media?parent=1173"}],"curies":[{"name":"wp","href":"https:\/\/api.w.org\/{rel}","templated":true}]}}