{"id":1181,"date":"2021-05-01T20:41:23","date_gmt":"2021-05-01T20:41:23","guid":{"rendered":"https:\/\/www.lynaderm.com\/?post_type=product&#038;p=1181"},"modified":"2022-10-19T10:03:23","modified_gmt":"2022-10-19T10:03:23","slug":"hyaluronic-maske","status":"publish","type":"product","link":"https:\/\/www.lynaderm.com\/tr_tr\/magaza\/satis-urunleri\/maskeler-satis-urunleri\/hyaluronic-maske\/","title":{"rendered":"Hyaluronic Maske"},"content":{"rendered":"","protected":false},"excerpt":{"rendered":"<p class=\"p2\"><b>Kuru ve Nemsiz Ciltler<\/b><\/p>\n<p class=\"p2\">Hyaluronic acid, y\u00fcksek oranda su tutma yetene\u011fi ile cildin esnek, p\u00fcr\u00fczs\u00fcz,<span class=\"Apple-converted-space\">\u00a0 <\/span>parlak, canl\u0131 ve do\u011fal g\u00f6r\u00fcnmesini sa\u011flar.<\/p>\n<p class=\"p2\"><b>Aktif \u0130\u00e7erik: <\/b>Yosun, Hyaluronic Asit, G\u00fcl Ya\u011f\u0131<\/p>\n<p class=\"p1\">25 gr<\/p>\n","protected":false},"featured_media":1531,"comment_status":"open","ping_status":"closed","template":"","meta":[],"class_list":{"0":"post-1181","1":"product","2":"type-product","3":"status-publish","4":"has-post-thumbnail","6":"product_cat-maskeler-satis-urunleri","7":"product_tag-satis-urunleri","9":"first","10":"outofstock","11":"shipping-taxable","12":"product-type-simple"},"_links":{"self":[{"href":"https:\/\/www.lynaderm.com\/tr_tr\/wp-json\/wp\/v2\/product\/1181","targetHints":{"allow":["GET"]}}],"collection":[{"href":"https:\/\/www.lynaderm.com\/tr_tr\/wp-json\/wp\/v2\/product"}],"about":[{"href":"https:\/\/www.lynaderm.com\/tr_tr\/wp-json\/wp\/v2\/types\/product"}],"replies":[{"embeddable":true,"href":"https:\/\/www.lynaderm.com\/tr_tr\/wp-json\/wp\/v2\/comments?post=1181"}],"wp:featuredmedia":[{"embeddable":true,"href":"https:\/\/www.lynaderm.com\/tr_tr\/wp-json\/wp\/v2\/media\/1531"}],"wp:attachment":[{"href":"https:\/\/www.lynaderm.com\/tr_tr\/wp-json\/wp\/v2\/media?parent=1181"}],"curies":[{"name":"wp","href":"https:\/\/api.w.org\/{rel}","templated":true}]}}