{"id":1185,"date":"2021-05-01T20:47:44","date_gmt":"2021-05-01T20:47:44","guid":{"rendered":"https:\/\/www.lynaderm.com\/?post_type=product&#038;p=1185"},"modified":"2022-11-28T08:31:04","modified_gmt":"2022-11-28T08:31:04","slug":"c-vitamini-serum","status":"publish","type":"product","link":"https:\/\/www.lynaderm.com\/tr_tr\/magaza\/satis-urunleri\/serumlar-satis-urunleri\/c-vitamini-serum\/","title":{"rendered":"C Vitamini Serum"},"content":{"rendered":"<p>Cilt y\u00fczeyini g\u00fc\u00e7lendirip bir kalkan olu\u015fturmaya, cilt y\u00fczeyini yumu\u015fatmaya yard\u0131mc\u0131 olur. G\u00f6z alt\u0131 halkalar\u0131n\u0131 azaltma etkisi ile de destek sa\u011flar. G\u00fcnd\u00fcz kullan\u0131m\u0131nda, bak\u0131m kesinlikle g\u00fcne\u015f koruyucu krem ile sonland\u0131r\u0131lmal\u0131d\u0131r.<\/p>\n","protected":false},"excerpt":{"rendered":"<p>Lekeli ve Mat Ciltler<\/p>\n<p>Vitamin C serum ciltte olu\u015fmu\u015f leke, sivilce ve akne izlerinde, mat ve donuk ciltlerde kullan\u0131ma uygundur.<br \/>\n\u0130\u00e7erisindeki % 20 oran\u0131ndaki C vitamini ve askorbik asit ile canl\u0131 ve parlak cilt g\u00f6r\u00fcn\u00fcm\u00fc kazand\u0131r\u0131r.<br \/>\nSerbest radikalleri zararlar\u0131n\u0131 elimine eder.<br \/>\nG\u00f6z alt\u0131 halkalar\u0131n\u0131 azaltmakta etkilidir.<br \/>\n\u2022 Ak\u015fam kullan\u0131m\u0131 uygundur<br \/>\nAktif \u0130\u00e7erik: Ascorbic Acid (Vitamin C), Ferulic Acid, Hyaluronic Acid<\/p>\n<p>30 ml<\/p>\n","protected":false},"featured_media":1458,"comment_status":"open","ping_status":"closed","template":"","meta":[],"class_list":{"0":"post-1185","1":"product","2":"type-product","3":"status-publish","4":"has-post-thumbnail","6":"product_cat-serumlar-satis-urunleri","7":"product_tag-satis-urunleri","9":"first","10":"outofstock","11":"shipping-taxable","12":"product-type-simple"},"_links":{"self":[{"href":"https:\/\/www.lynaderm.com\/tr_tr\/wp-json\/wp\/v2\/product\/1185","targetHints":{"allow":["GET"]}}],"collection":[{"href":"https:\/\/www.lynaderm.com\/tr_tr\/wp-json\/wp\/v2\/product"}],"about":[{"href":"https:\/\/www.lynaderm.com\/tr_tr\/wp-json\/wp\/v2\/types\/product"}],"replies":[{"embeddable":true,"href":"https:\/\/www.lynaderm.com\/tr_tr\/wp-json\/wp\/v2\/comments?post=1185"}],"wp:featuredmedia":[{"embeddable":true,"href":"https:\/\/www.lynaderm.com\/tr_tr\/wp-json\/wp\/v2\/media\/1458"}],"wp:attachment":[{"href":"https:\/\/www.lynaderm.com\/tr_tr\/wp-json\/wp\/v2\/media?parent=1185"}],"curies":[{"name":"wp","href":"https:\/\/api.w.org\/{rel}","templated":true}]}}