{"id":1190,"date":"2021-05-01T20:55:00","date_gmt":"2021-05-01T20:55:00","guid":{"rendered":"https:\/\/www.lynaderm.com\/?post_type=product&#038;p=1190"},"modified":"2022-10-22T08:12:35","modified_gmt":"2022-10-22T08:12:35","slug":"acne-serum","status":"publish","type":"product","link":"https:\/\/www.lynaderm.com\/tr_tr\/magaza\/satis-urunleri\/serumlar-satis-urunleri\/acne-serum\/","title":{"rendered":"Acne Serum"},"content":{"rendered":"<p>D\u00fczenli kullan\u0131mda, cildin \u00fcst tabakas\u0131nda sa\u011flanan bu hijyenik ortamda tekrar bakteri \u00fcremesi zorla\u015f\u0131r ve cilt daha p\u00fcr\u00fczs\u00fcz, mat ama nemli bir g\u00f6r\u00fcn\u00fcme kavu\u015fur.<\/p>\n","protected":false},"excerpt":{"rendered":"<p>Akneli Ciltler<\/p>\n<p>Serum; cildin PH de\u011ferini d\u00fczenleyerek ya\u011f ve nem dengesini kontrol alt\u0131na al\u0131r.<br \/>\nSebum salg\u0131s\u0131n\u0131 azaltarak, k\u0131l ve ya\u011f bezlerinin iltihaplanmas\u0131ndan dolay\u0131 olu\u015fan akne olu\u015fumunun giderilmesine ve g\u00f6zenek s\u0131k\u0131la\u015fmas\u0131na yard\u0131mc\u0131 olur.<br \/>\n\u2022 Sabah \u2013 ak\u015fam kullan\u0131m\u0131 uygundur<br \/>\nAktif \u0130\u00e7erik: Niacinamide, Salicylic acid, At kestanesi \u00d6z\u00fc<\/p>\n<p>30 ml<\/p>\n","protected":false},"featured_media":1447,"comment_status":"open","ping_status":"closed","template":"","meta":[],"class_list":{"0":"post-1190","1":"product","2":"type-product","3":"status-publish","4":"has-post-thumbnail","6":"product_cat-serumlar-satis-urunleri","7":"product_tag-satis-urunleri","9":"first","10":"outofstock","11":"shipping-taxable","12":"product-type-simple"},"_links":{"self":[{"href":"https:\/\/www.lynaderm.com\/tr_tr\/wp-json\/wp\/v2\/product\/1190","targetHints":{"allow":["GET"]}}],"collection":[{"href":"https:\/\/www.lynaderm.com\/tr_tr\/wp-json\/wp\/v2\/product"}],"about":[{"href":"https:\/\/www.lynaderm.com\/tr_tr\/wp-json\/wp\/v2\/types\/product"}],"replies":[{"embeddable":true,"href":"https:\/\/www.lynaderm.com\/tr_tr\/wp-json\/wp\/v2\/comments?post=1190"}],"wp:featuredmedia":[{"embeddable":true,"href":"https:\/\/www.lynaderm.com\/tr_tr\/wp-json\/wp\/v2\/media\/1447"}],"wp:attachment":[{"href":"https:\/\/www.lynaderm.com\/tr_tr\/wp-json\/wp\/v2\/media?parent=1190"}],"curies":[{"name":"wp","href":"https:\/\/api.w.org\/{rel}","templated":true}]}}