{"id":1191,"date":"2021-05-01T20:56:44","date_gmt":"2021-05-01T20:56:44","guid":{"rendered":"https:\/\/www.lynaderm.com\/?post_type=product&#038;p=1191"},"modified":"2022-10-22T08:12:13","modified_gmt":"2022-10-22T08:12:13","slug":"hyaluronic-serum","status":"publish","type":"product","link":"https:\/\/www.lynaderm.com\/tr_tr\/magaza\/satis-urunleri\/serumlar-satis-urunleri\/hyaluronic-serum\/","title":{"rendered":"Hyaluronic Serum"},"content":{"rendered":"<p>Ciltteki t\u00fcm h\u00fccrelere, t\u0131kanmadan nemin iletilmesini sa\u011flar. Lynaderm hyaluronic serum cildin dolgunla\u015fmas\u0131na, uzun s\u00fcre nemli kalmas\u0131na destek verir. Ayn\u0131 zamanda cildin p\u00fcr\u00fczs\u00fcz ve e\u015fit tonda olmas\u0131na yard\u0131mc\u0131 olur.<\/p>\n","protected":false},"excerpt":{"rendered":"<p>Yo\u011fun Nem Serumu<\/p>\n<p>Hyaluronic asit i\u00e7eren serumlar, ciltte uzun s\u00fcre nemlilik sa\u011flar. En efektif nem tutuculardan biri olan hyaluronic asit molek\u00fcl\u00fc, kendi a\u011f\u0131rl\u0131\u011f\u0131n\u0131n 1000 kat\u0131 kadar su tutma kapasitesine sahiptir.<br \/>\nHyaluronic asit cilde nem verirken cilt bariyerini g\u00fc\u00e7lendirerek ciltte kalkan olu\u015fturup, ince \u00e7izgilerin g\u00f6r\u00fcn\u00fcm\u00fcn\u00fc azalt\u0131r.<br \/>\n\u2022 Sabah \u2013 ak\u015fam kullan\u0131m\u0131 uygundur<br \/>\nAktif \u0130\u00e7erik: Hyaluronic Acid, Allantoin<\/p>\n<p>30 ml<\/p>\n","protected":false},"featured_media":1452,"comment_status":"open","ping_status":"closed","template":"","meta":[],"class_list":{"0":"post-1191","1":"product","2":"type-product","3":"status-publish","4":"has-post-thumbnail","6":"product_cat-serumlar-satis-urunleri","7":"product_tag-satis-urunleri","9":"first","10":"outofstock","11":"shipping-taxable","12":"product-type-simple"},"_links":{"self":[{"href":"https:\/\/www.lynaderm.com\/tr_tr\/wp-json\/wp\/v2\/product\/1191","targetHints":{"allow":["GET"]}}],"collection":[{"href":"https:\/\/www.lynaderm.com\/tr_tr\/wp-json\/wp\/v2\/product"}],"about":[{"href":"https:\/\/www.lynaderm.com\/tr_tr\/wp-json\/wp\/v2\/types\/product"}],"replies":[{"embeddable":true,"href":"https:\/\/www.lynaderm.com\/tr_tr\/wp-json\/wp\/v2\/comments?post=1191"}],"wp:featuredmedia":[{"embeddable":true,"href":"https:\/\/www.lynaderm.com\/tr_tr\/wp-json\/wp\/v2\/media\/1452"}],"wp:attachment":[{"href":"https:\/\/www.lynaderm.com\/tr_tr\/wp-json\/wp\/v2\/media?parent=1191"}],"curies":[{"name":"wp","href":"https:\/\/api.w.org\/{rel}","templated":true}]}}