{"id":1192,"date":"2021-05-01T20:58:06","date_gmt":"2021-05-01T20:58:06","guid":{"rendered":"https:\/\/www.lynaderm.com\/?post_type=product&#038;p=1192"},"modified":"2022-10-22T08:11:51","modified_gmt":"2022-10-22T08:11:51","slug":"peptit-serum","status":"publish","type":"product","link":"https:\/\/www.lynaderm.com\/tr_tr\/magaza\/satis-urunleri\/serumlar-satis-urunleri\/peptit-serum\/","title":{"rendered":"Peptit Serum"},"content":{"rendered":"<p>\u00d6zellikle kolajen ve elastin kayb\u0131 nedeniyle cilt kal\u0131nl\u0131\u011f\u0131ndaki azalma ve kurulu\u011fa ba\u011fl\u0131 ince k\u0131r\u0131\u015f\u0131kl\u0131klar\u0131n g\u00f6r\u00fcn\u00fcm\u00fcn\u00fcn azalmas\u0131na destek verir.<\/p>\n","protected":false},"excerpt":{"rendered":"<p>Anti Aging \/ Ant\u0131 Oksidant<\/p>\n<p>\u0130\u00e7eri\u011findeki tripeptit5 sayesinde, ciltte kolajen sentezini uyaran doku b\u00fcy\u00fcme fakt\u00f6r\u00fcn\u00fcn (TGFbeta) aktive olmas\u0131na yard\u0131mc\u0131 olur.<br \/>\n\u00d6zellikle kolajen ve elastin kayb\u0131 nedeniyle cilt kal\u0131nl\u0131\u011f\u0131ndaki azalma ve kurulu\u011fa ba\u011fl\u0131 ince k\u0131r\u0131\u015f\u0131kl\u0131klar\u0131n g\u00f6r\u00fcn\u00fcm\u00fcn\u00fcn azalt\u0131lmas\u0131na destek verir.<br \/>\n\u2022 Sabah \u2013 ak\u015fam kullan\u0131m\u0131 uygundur<br \/>\nAktif \u0130\u00e7erik: Tripeptide-5, Hyaluronic Asit, Citric acid<\/p>\n<p>30 ml<\/p>\n","protected":false},"featured_media":1454,"comment_status":"open","ping_status":"closed","template":"","meta":[],"class_list":{"0":"post-1192","1":"product","2":"type-product","3":"status-publish","4":"has-post-thumbnail","6":"product_cat-serumlar-satis-urunleri","7":"product_tag-satis-urunleri","9":"first","10":"outofstock","11":"shipping-taxable","12":"product-type-simple"},"_links":{"self":[{"href":"https:\/\/www.lynaderm.com\/tr_tr\/wp-json\/wp\/v2\/product\/1192","targetHints":{"allow":["GET"]}}],"collection":[{"href":"https:\/\/www.lynaderm.com\/tr_tr\/wp-json\/wp\/v2\/product"}],"about":[{"href":"https:\/\/www.lynaderm.com\/tr_tr\/wp-json\/wp\/v2\/types\/product"}],"replies":[{"embeddable":true,"href":"https:\/\/www.lynaderm.com\/tr_tr\/wp-json\/wp\/v2\/comments?post=1192"}],"wp:featuredmedia":[{"embeddable":true,"href":"https:\/\/www.lynaderm.com\/tr_tr\/wp-json\/wp\/v2\/media\/1454"}],"wp:attachment":[{"href":"https:\/\/www.lynaderm.com\/tr_tr\/wp-json\/wp\/v2\/media?parent=1192"}],"curies":[{"name":"wp","href":"https:\/\/api.w.org\/{rel}","templated":true}]}}