{"id":1193,"date":"2021-05-01T21:01:48","date_gmt":"2021-05-01T21:01:48","guid":{"rendered":"https:\/\/www.lynaderm.com\/?post_type=product&#038;p=1193"},"modified":"2023-12-11T12:48:58","modified_gmt":"2023-12-11T12:48:58","slug":"purifying-cream","status":"publish","type":"product","link":"https:\/\/www.lynaderm.com\/tr_tr\/magaza\/kategorilenmemis\/purifying-cream\/","title":{"rendered":"Purifying Cream"},"content":{"rendered":"","protected":false},"excerpt":{"rendered":"<p>Ya\u011fl\u0131 Ciltler<\/p>\n<p>Ya\u011fl\u0131 ciltlerde sebum salg\u0131s\u0131n\u0131n a\u015f\u0131r\u0131 ifrazat\u0131n\u0131 d\u00fczenlemeye yard\u0131mc\u0131 olur, g\u00fcn i\u00e7inde ya\u011fl\u0131l\u0131ktan kaynaklanan parlamay\u0131 \u00f6nler. \u0130\u00e7erisindeki \u00e7ay a\u011fac\u0131n\u0131n etkisiyle ciltte iyile\u015fme ve cilt bariyerinde hijyenik bir ortam olu\u015fmas\u0131na destek sa\u011flar.<br \/>\nD\u00fczenli kullan\u0131mda ciltte mat ve nemli bir g\u00f6r\u00fcn\u00fcm sa\u011flar.<br \/>\n\u2022 Sabah \u2013 ak\u015fam kullan\u0131m\u0131 uygundur<br \/>\nAktif \u0130\u00e7erik: Niacinamide, Argan Ya\u011f\u0131, Papatya \u00d6z\u00fc, \u00c7ay A\u011fac\u0131<\/p>\n<p>50 ml<\/p>\n","protected":false},"featured_media":1742,"comment_status":"open","ping_status":"closed","template":"","meta":[],"class_list":{"0":"post-1193","1":"product","2":"type-product","3":"status-publish","4":"has-post-thumbnail","6":"product_tag-satis-urunleri","8":"first","9":"outofstock","10":"shipping-taxable","11":"product-type-simple"},"_links":{"self":[{"href":"https:\/\/www.lynaderm.com\/tr_tr\/wp-json\/wp\/v2\/product\/1193","targetHints":{"allow":["GET"]}}],"collection":[{"href":"https:\/\/www.lynaderm.com\/tr_tr\/wp-json\/wp\/v2\/product"}],"about":[{"href":"https:\/\/www.lynaderm.com\/tr_tr\/wp-json\/wp\/v2\/types\/product"}],"replies":[{"embeddable":true,"href":"https:\/\/www.lynaderm.com\/tr_tr\/wp-json\/wp\/v2\/comments?post=1193"}],"wp:featuredmedia":[{"embeddable":true,"href":"https:\/\/www.lynaderm.com\/tr_tr\/wp-json\/wp\/v2\/media\/1742"}],"wp:attachment":[{"href":"https:\/\/www.lynaderm.com\/tr_tr\/wp-json\/wp\/v2\/media?parent=1193"}],"curies":[{"name":"wp","href":"https:\/\/api.w.org\/{rel}","templated":true}]}}