{"id":1204,"date":"2021-05-01T21:10:31","date_gmt":"2021-05-01T21:10:31","guid":{"rendered":"https:\/\/www.lynaderm.com\/?post_type=product&#038;p=1204"},"modified":"2023-12-11T12:29:32","modified_gmt":"2023-12-11T12:29:32","slug":"day-cream","status":"publish","type":"product","link":"https:\/\/www.lynaderm.com\/tr_tr\/magaza\/satis-urunleri\/day-cream\/","title":{"rendered":"Day Cream"},"content":{"rendered":"","protected":false},"excerpt":{"rendered":"<p>Gen\u00e7 Ciltler<\/p>\n<p>Cildin su ve nem tutma ihtiyac\u0131n\u0131 kar\u015f\u0131layan hafif dokusu sayesinde ciltte baz olu\u015fturarak d\u0131\u015f etkenlerden korur.<br \/>\nSerbest radikalleri etkisizle\u015ftirir.<br \/>\nElastin \u00fcretimini artt\u0131r\u0131r.<br \/>\n\u2022 Sabah \u2013 ak\u015fam kullan\u0131m\u0131 uygundur<br \/>\nAktif \u0130\u00e7erik: Caprylic\/Capric Triglyceride, Tatl\u0131 Badem Ya\u011f\u0131, Jojoba Tohumu Ya\u011f\u0131<\/p>\n<p>50 ml<\/p>\n","protected":false},"featured_media":1737,"comment_status":"open","ping_status":"closed","template":"","meta":[],"class_list":{"0":"post-1204","1":"product","2":"type-product","3":"status-publish","4":"has-post-thumbnail","6":"product_cat-bakim-kremleri-satis-urunleri","7":"product_cat-satis-urunleri","8":"product_tag-satis-urunleri","10":"first","11":"outofstock","12":"shipping-taxable","13":"product-type-simple"},"_links":{"self":[{"href":"https:\/\/www.lynaderm.com\/tr_tr\/wp-json\/wp\/v2\/product\/1204","targetHints":{"allow":["GET"]}}],"collection":[{"href":"https:\/\/www.lynaderm.com\/tr_tr\/wp-json\/wp\/v2\/product"}],"about":[{"href":"https:\/\/www.lynaderm.com\/tr_tr\/wp-json\/wp\/v2\/types\/product"}],"replies":[{"embeddable":true,"href":"https:\/\/www.lynaderm.com\/tr_tr\/wp-json\/wp\/v2\/comments?post=1204"}],"wp:featuredmedia":[{"embeddable":true,"href":"https:\/\/www.lynaderm.com\/tr_tr\/wp-json\/wp\/v2\/media\/1737"}],"wp:attachment":[{"href":"https:\/\/www.lynaderm.com\/tr_tr\/wp-json\/wp\/v2\/media?parent=1204"}],"curies":[{"name":"wp","href":"https:\/\/api.w.org\/{rel}","templated":true}]}}