{"id":1207,"date":"2021-05-01T21:13:47","date_gmt":"2021-05-01T21:13:47","guid":{"rendered":"https:\/\/www.lynaderm.com\/?post_type=product&#038;p=1207"},"modified":"2023-12-11T12:20:04","modified_gmt":"2023-12-11T12:20:04","slug":"anti-aging-cream-2","status":"publish","type":"product","link":"https:\/\/www.lynaderm.com\/tr_tr\/magaza\/satis-urunleri\/anti-aging-cream-2\/","title":{"rendered":"Anti Aging Cream"},"content":{"rendered":"","protected":false},"excerpt":{"rendered":"<p>Ya\u015flanma Kar\u015f\u0131t\u0131<\/p>\n<p>Cildi y\u00fcksek oranda toparlamaya, \u00e7izgi bak\u0131m\u0131 yapmaya, p\u00fcr\u00fczs\u00fczle\u015ftirmeye, h\u00fccre yenilenmesini h\u0131zland\u0131rmaya yard\u0131mc\u0131 olur.<br \/>\nCad\u0131 f\u0131nd\u0131\u011f\u0131 ile cildi onar\u0131rken s\u0131k\u0131la\u015ft\u0131ran anti aging krem allantoin ile cildi yeniler.<br \/>\nK\u0131r\u0131\u015f\u0131kl\u0131klar\u0131n giderilmesini ve nemi optimize etmeyi destekler.<br \/>\n\u2022 Sabah \u2013 ak\u015fam kullan\u0131m\u0131 uygundur<br \/>\nAktif \u0130\u00e7erik: Niacinamide, Argan Ya\u011f\u0131, Hydrolyzed S\u00fct Protein, Hyaluronic Acid<\/p>\n<p>50 ml<\/p>\n","protected":false},"featured_media":1735,"comment_status":"open","ping_status":"closed","template":"","meta":[],"class_list":{"0":"post-1207","1":"product","2":"type-product","3":"status-publish","4":"has-post-thumbnail","6":"product_cat-bakim-kremleri-satis-urunleri","7":"product_cat-satis-urunleri","8":"product_tag-satis-urunleri","10":"first","11":"outofstock","12":"shipping-taxable","13":"product-type-simple"},"_links":{"self":[{"href":"https:\/\/www.lynaderm.com\/tr_tr\/wp-json\/wp\/v2\/product\/1207","targetHints":{"allow":["GET"]}}],"collection":[{"href":"https:\/\/www.lynaderm.com\/tr_tr\/wp-json\/wp\/v2\/product"}],"about":[{"href":"https:\/\/www.lynaderm.com\/tr_tr\/wp-json\/wp\/v2\/types\/product"}],"replies":[{"embeddable":true,"href":"https:\/\/www.lynaderm.com\/tr_tr\/wp-json\/wp\/v2\/comments?post=1207"}],"wp:featuredmedia":[{"embeddable":true,"href":"https:\/\/www.lynaderm.com\/tr_tr\/wp-json\/wp\/v2\/media\/1735"}],"wp:attachment":[{"href":"https:\/\/www.lynaderm.com\/tr_tr\/wp-json\/wp\/v2\/media?parent=1207"}],"curies":[{"name":"wp","href":"https:\/\/api.w.org\/{rel}","templated":true}]}}