{"id":1208,"date":"2021-05-01T21:15:06","date_gmt":"2021-05-01T21:15:06","guid":{"rendered":"https:\/\/www.lynaderm.com\/?post_type=product&#038;p=1208"},"modified":"2023-12-11T12:39:43","modified_gmt":"2023-12-11T12:39:43","slug":"night-repair-cream","status":"publish","type":"product","link":"https:\/\/www.lynaderm.com\/tr_tr\/magaza\/satis-urunleri\/night-repair-cream\/","title":{"rendered":"Night Repair Cream"},"content":{"rendered":"","protected":false},"excerpt":{"rendered":"<p>Gece Bakim Kremi<\/p>\n<p>Cildi nemlendirerek gece kurulu\u011funun \u00f6n\u00fcne ge\u00e7er, cildi yeniler, h\u00fccre yenileme mekanizmas\u0131n\u0131 destekler, ince k\u0131r\u0131\u015f\u0131kl\u0131klar\u0131n giderilmesini sa\u011flar, yeni k\u0131r\u0131\u015f\u0131kl\u0131k olu\u015fumunu geciktirir, cilt pigmentasyonunu olumlu etkiler, cildi besler.<br \/>\nCildin gece h\u00fccre yenilenmesine, hydrolipidik film tabakas\u0131n\u0131n g\u00fc\u00e7lenmesine yard\u0131mc\u0131 olur. Erken ya\u015flanmay\u0131 engeller, cilt s\u0131k\u0131l\u0131\u011f\u0131n\u0131 artt\u0131r\u0131r, cilt pigmentasyonunu olumlu etkiler.<br \/>\nMaksimum d\u00fczeyde s\u0131k\u0131l\u0131\u011f\u0131 destekleyen ve cildi besleyen gece bak\u0131m kremidir.<br \/>\n\u2022 Ak\u015fam kullan\u0131m\u0131 uygundur<br \/>\nAktif \u0130\u00e7erik: Caprylic\/Capric Triglyceride, Collagen, Hyaluronic Acid<\/p>\n<p>50 ml<\/p>\n","protected":false},"featured_media":1741,"comment_status":"open","ping_status":"closed","template":"","meta":[],"class_list":{"0":"post-1208","1":"product","2":"type-product","3":"status-publish","4":"has-post-thumbnail","6":"product_cat-bakim-kremleri-satis-urunleri","7":"product_cat-satis-urunleri","8":"product_tag-satis-urunleri","10":"first","11":"outofstock","12":"shipping-taxable","13":"product-type-simple"},"_links":{"self":[{"href":"https:\/\/www.lynaderm.com\/tr_tr\/wp-json\/wp\/v2\/product\/1208","targetHints":{"allow":["GET"]}}],"collection":[{"href":"https:\/\/www.lynaderm.com\/tr_tr\/wp-json\/wp\/v2\/product"}],"about":[{"href":"https:\/\/www.lynaderm.com\/tr_tr\/wp-json\/wp\/v2\/types\/product"}],"replies":[{"embeddable":true,"href":"https:\/\/www.lynaderm.com\/tr_tr\/wp-json\/wp\/v2\/comments?post=1208"}],"wp:featuredmedia":[{"embeddable":true,"href":"https:\/\/www.lynaderm.com\/tr_tr\/wp-json\/wp\/v2\/media\/1741"}],"wp:attachment":[{"href":"https:\/\/www.lynaderm.com\/tr_tr\/wp-json\/wp\/v2\/media?parent=1208"}],"curies":[{"name":"wp","href":"https:\/\/api.w.org\/{rel}","templated":true}]}}