{"id":1210,"date":"2021-05-01T21:16:18","date_gmt":"2021-05-01T21:16:18","guid":{"rendered":"https:\/\/www.lynaderm.com\/?post_type=product&#038;p=1210"},"modified":"2023-12-11T12:34:22","modified_gmt":"2023-12-11T12:34:22","slug":"hydrating-cream","status":"publish","type":"product","link":"https:\/\/www.lynaderm.com\/tr_tr\/magaza\/satis-urunleri\/hydrating-cream\/","title":{"rendered":"Hydrating Cream"},"content":{"rendered":"","protected":false},"excerpt":{"rendered":"<p>Nemsiz Ciltler<\/p>\n<p>Yo\u011fun nem tutma \u00f6zelli\u011fine sahip hyaluronik asit ve B5 sayesinde hafif ve etkin bir bak\u0131m sa\u011flar.<br \/>\nYa\u011f i\u00e7ermedi\u011fi i\u00e7in karma ve ya\u011fl\u0131 ciltler dahil t\u00fcm cilt tipleri rahatl\u0131kla kullanabilir.<br \/>\n\u2022 Sabah \u2013 ak\u015fam kullan\u0131m\u0131 uygundur<br \/>\nAktif \u0130\u00e7erik: Limon Otu, G\u00fcl Ya\u011f\u0131, Hyaluronic Acid<\/p>\n<p>50 ml<\/p>\n","protected":false},"featured_media":1739,"comment_status":"open","ping_status":"closed","template":"","meta":[],"class_list":{"0":"post-1210","1":"product","2":"type-product","3":"status-publish","4":"has-post-thumbnail","6":"product_cat-bakim-kremleri-satis-urunleri","7":"product_cat-satis-urunleri","8":"product_tag-satis-urunleri","10":"first","11":"outofstock","12":"shipping-taxable","13":"product-type-simple"},"_links":{"self":[{"href":"https:\/\/www.lynaderm.com\/tr_tr\/wp-json\/wp\/v2\/product\/1210","targetHints":{"allow":["GET"]}}],"collection":[{"href":"https:\/\/www.lynaderm.com\/tr_tr\/wp-json\/wp\/v2\/product"}],"about":[{"href":"https:\/\/www.lynaderm.com\/tr_tr\/wp-json\/wp\/v2\/types\/product"}],"replies":[{"embeddable":true,"href":"https:\/\/www.lynaderm.com\/tr_tr\/wp-json\/wp\/v2\/comments?post=1210"}],"wp:featuredmedia":[{"embeddable":true,"href":"https:\/\/www.lynaderm.com\/tr_tr\/wp-json\/wp\/v2\/media\/1739"}],"wp:attachment":[{"href":"https:\/\/www.lynaderm.com\/tr_tr\/wp-json\/wp\/v2\/media?parent=1210"}],"curies":[{"name":"wp","href":"https:\/\/api.w.org\/{rel}","templated":true}]}}