{"id":1211,"date":"2021-05-01T21:17:11","date_gmt":"2021-05-01T21:17:11","guid":{"rendered":"https:\/\/www.lynaderm.com\/?post_type=product&#038;p=1211"},"modified":"2023-12-11T12:32:24","modified_gmt":"2023-12-11T12:32:24","slug":"eye-care-cream","status":"publish","type":"product","link":"https:\/\/www.lynaderm.com\/tr_tr\/magaza\/satis-urunleri\/eye-care-cream\/","title":{"rendered":"Eye Care Cream"},"content":{"rendered":"","protected":false},"excerpt":{"rendered":"<p>G\u00f6z Kremi<\/p>\n<p>\u0130\u00e7eri\u011findeki atkestanesinin yard\u0131m\u0131yla g\u00f6z \u00e7evresinde olu\u015fan \u015fi\u015flik, koyu halkalar, morluk ve ifade k\u0131r\u0131\u015f\u0131kl\u0131klar\u0131n\u0131n giderilmesine y\u00fcksek oranda yard\u0131mc\u0131 olur.<br \/>\nZengin i\u00e7eri\u011fe sahip tripeptit 5 sayesinde kolajen rejenerasyonunu art\u0131rarak g\u00f6z \u00e7evresindeki h\u00fccrelerin yenilenmesini sa\u011flar.<br \/>\nD\u00fczenli kullan\u0131mda g\u00fcnden g\u00fcne ayd\u0131nlanma g\u00f6r\u00fcl\u00fcr.<br \/>\n\u2022 Sabah \u2013 ak\u015fam kullan\u0131m\u0131 uygundur<br \/>\nAktif \u0130\u00e7erik: Tripeptide-5, Hyaluronic Acid<\/p>\n<p>15 ml<\/p>\n","protected":false},"featured_media":1738,"comment_status":"open","ping_status":"closed","template":"","meta":[],"class_list":{"0":"post-1211","1":"product","2":"type-product","3":"status-publish","4":"has-post-thumbnail","6":"product_cat-bakim-kremleri-satis-urunleri","7":"product_cat-satis-urunleri","8":"product_tag-satis-urunleri","10":"first","11":"outofstock","12":"shipping-taxable","13":"product-type-simple"},"_links":{"self":[{"href":"https:\/\/www.lynaderm.com\/tr_tr\/wp-json\/wp\/v2\/product\/1211","targetHints":{"allow":["GET"]}}],"collection":[{"href":"https:\/\/www.lynaderm.com\/tr_tr\/wp-json\/wp\/v2\/product"}],"about":[{"href":"https:\/\/www.lynaderm.com\/tr_tr\/wp-json\/wp\/v2\/types\/product"}],"replies":[{"embeddable":true,"href":"https:\/\/www.lynaderm.com\/tr_tr\/wp-json\/wp\/v2\/comments?post=1211"}],"wp:featuredmedia":[{"embeddable":true,"href":"https:\/\/www.lynaderm.com\/tr_tr\/wp-json\/wp\/v2\/media\/1738"}],"wp:attachment":[{"href":"https:\/\/www.lynaderm.com\/tr_tr\/wp-json\/wp\/v2\/media?parent=1211"}],"curies":[{"name":"wp","href":"https:\/\/api.w.org\/{rel}","templated":true}]}}