{"id":1212,"date":"2021-05-01T21:17:52","date_gmt":"2021-05-01T21:17:52","guid":{"rendered":"https:\/\/www.lynaderm.com\/?post_type=product&#038;p=1212"},"modified":"2022-11-28T08:48:17","modified_gmt":"2022-11-28T08:48:17","slug":"sun-cream","status":"publish","type":"product","link":"https:\/\/www.lynaderm.com\/tr_tr\/magaza\/satis-urunleri\/bakim-kremleri-satis-urunleri\/sun-cream\/","title":{"rendered":"Sun Cream"},"content":{"rendered":"","protected":false},"excerpt":{"rendered":"<p>G\u00fcne\u015f Kremi 50+Spf<\/p>\n<p>UVB \u0131\u015f\u0131nlar\u0131n\u0131n zararl\u0131 ve yak\u0131c\u0131 etkisine kar\u015f\u0131 cildinizi korumaya yard\u0131mc\u0131 olur. Cilt ya\u015flanmas\u0131na neden olan UVA \u0131\u015f\u0131nlar\u0131na kar\u015f\u0131 etkili koruma sa\u011flar. Kimyasal ve fiziksel koruyucu filtre i\u00e7erir. UV \u0131\u015f\u0131nlar\u0131n\u0131n olumsuz etkilerine y\u00f6nelik Hyaluronic Acid ile zenginle\u0219tirilmi\u0219tir. \u0130z b\u0131rakmaz.<br \/>\nG\u00fcne\u015fe \u00e7\u0131kmadan 20 dakika \u00f6nce kullan\u0131lmas\u0131 tavsiye edilir.<br \/>\n\u2022 Sabah kullan\u0131m\u0131 uygundur.<br \/>\nAktif \u0130\u00e7erik: Zinc Oxide, Titanium Dioxide, Olea Europaea Fruit Oil, Hyaluronic Acid, Alfa Arbutin<\/p>\n<p>150 ml<\/p>\n","protected":false},"featured_media":1487,"comment_status":"open","ping_status":"closed","template":"","meta":[],"class_list":{"0":"post-1212","1":"product","2":"type-product","3":"status-publish","4":"has-post-thumbnail","6":"product_cat-bakim-kremleri-satis-urunleri","7":"product_tag-satis-urunleri","9":"first","10":"outofstock","11":"shipping-taxable","12":"product-type-simple"},"_links":{"self":[{"href":"https:\/\/www.lynaderm.com\/tr_tr\/wp-json\/wp\/v2\/product\/1212","targetHints":{"allow":["GET"]}}],"collection":[{"href":"https:\/\/www.lynaderm.com\/tr_tr\/wp-json\/wp\/v2\/product"}],"about":[{"href":"https:\/\/www.lynaderm.com\/tr_tr\/wp-json\/wp\/v2\/types\/product"}],"replies":[{"embeddable":true,"href":"https:\/\/www.lynaderm.com\/tr_tr\/wp-json\/wp\/v2\/comments?post=1212"}],"wp:featuredmedia":[{"embeddable":true,"href":"https:\/\/www.lynaderm.com\/tr_tr\/wp-json\/wp\/v2\/media\/1487"}],"wp:attachment":[{"href":"https:\/\/www.lynaderm.com\/tr_tr\/wp-json\/wp\/v2\/media?parent=1212"}],"curies":[{"name":"wp","href":"https:\/\/api.w.org\/{rel}","templated":true}]}}