{"id":1410,"date":"2022-10-14T14:03:14","date_gmt":"2022-10-14T14:03:14","guid":{"rendered":"https:\/\/www.lynaderm.com\/?post_type=product&#038;p=1410"},"modified":"2022-10-18T21:59:28","modified_gmt":"2022-10-18T21:59:28","slug":"daily-cleansing-foam-2","status":"publish","type":"product","link":"https:\/\/www.lynaderm.com\/tr_tr\/magaza\/kabin-urunleri\/temizleyiciler\/daily-cleansing-foam-2\/","title":{"rendered":"Daily Cleansing Foam"},"content":{"rendered":"","protected":false},"excerpt":{"rendered":"<p class=\"p1\"><b>Normal, Karma Cilt Tipleri \u0130\u00e7in K\u00f6p\u00fck Formunda Temizleyici<\/b><\/p>\n<p class=\"p1\">K\u00f6p\u00fck formundaki yumu\u015fak temizleyici t\u00fcm cilt tiplerinde kullan\u0131labilir. Nem verme etkisiyle cilde yumu\u015fak bir his verir. \u0130\u00e7erisindeki meyan k\u00f6k\u00fc sayesinde cildi kir, makyaj kal\u0131nt\u0131s\u0131 ve \u00f6l\u00fc h\u00fccrelerden ar\u0131nd\u0131rarak rahatlat\u0131r.<\/p>\n<p class=\"p1\"><b>Aktif \u0130\u00e7erik: <\/b>Allantoin, At Kestanesi \u00d6z\u00fc, Linoleic Acid, Meyan K\u00f6k\u00fc, Biotin<span class=\"Apple-converted-space\">\u00a0<\/span><\/p>\n<p class=\"p1\">200 ml<\/p>\n","protected":false},"featured_media":1507,"comment_status":"open","ping_status":"closed","template":"","meta":[],"class_list":{"0":"post-1410","1":"product","2":"type-product","3":"status-publish","4":"has-post-thumbnail","6":"product_cat-temizleyiciler","7":"product_tag-kabin-urunleri","9":"first","10":"outofstock","11":"shipping-taxable","12":"product-type-simple"},"_links":{"self":[{"href":"https:\/\/www.lynaderm.com\/tr_tr\/wp-json\/wp\/v2\/product\/1410","targetHints":{"allow":["GET"]}}],"collection":[{"href":"https:\/\/www.lynaderm.com\/tr_tr\/wp-json\/wp\/v2\/product"}],"about":[{"href":"https:\/\/www.lynaderm.com\/tr_tr\/wp-json\/wp\/v2\/types\/product"}],"replies":[{"embeddable":true,"href":"https:\/\/www.lynaderm.com\/tr_tr\/wp-json\/wp\/v2\/comments?post=1410"}],"wp:featuredmedia":[{"embeddable":true,"href":"https:\/\/www.lynaderm.com\/tr_tr\/wp-json\/wp\/v2\/media\/1507"}],"wp:attachment":[{"href":"https:\/\/www.lynaderm.com\/tr_tr\/wp-json\/wp\/v2\/media?parent=1410"}],"curies":[{"name":"wp","href":"https:\/\/api.w.org\/{rel}","templated":true}]}}