{"id":1414,"date":"2022-10-14T14:13:56","date_gmt":"2022-10-14T14:13:56","guid":{"rendered":"https:\/\/www.lynaderm.com\/?post_type=product&#038;p=1414"},"modified":"2022-10-26T12:29:43","modified_gmt":"2022-10-26T12:29:43","slug":"carbon-mask","status":"publish","type":"product","link":"https:\/\/www.lynaderm.com\/tr_tr\/magaza\/kabin-urunleri\/temizleyiciler\/carbon-mask\/","title":{"rendered":"Carbon Mask"},"content":{"rendered":"","protected":false},"excerpt":{"rendered":"<p class=\"p1\"><b>Ya\u011fl\u0131, Karma, Lekeli Cilt Tipleri \u0130\u00e7in Detox Maske<\/b><\/p>\n<p class=\"p1\">K\u00f6m\u00fcr i\u00e7eri\u011fi sayesinde cildi derinlemesine temizler, g\u00f6zenekleri s\u0131k\u0131la\u015ft\u0131r\u0131r.<span class=\"Apple-converted-space\">\u00a0<\/span><\/p>\n<p class=\"p1\">Lekeli ciltlerde cilt tonunu dengeler.Cilde parlak bir g\u00f6r\u00fcn\u00fcm verir.<\/p>\n<p class=\"p1\"><b>Aktif \u0130\u00e7erik: <\/b>K\u00f6m\u00fcr Tozu, Stearic Acid, Limon Otu<\/p>\n<p class=\"p1\">150 ml<\/p>\n","protected":false},"featured_media":1415,"comment_status":"open","ping_status":"closed","template":"","meta":[],"class_list":{"0":"post-1414","1":"product","2":"type-product","3":"status-publish","4":"has-post-thumbnail","6":"product_cat-temizleyiciler","7":"product_cat-temizleyiciler-satis-urunleri","8":"product_tag-kabin-urunleri","10":"first","11":"outofstock","12":"shipping-taxable","13":"product-type-simple"},"_links":{"self":[{"href":"https:\/\/www.lynaderm.com\/tr_tr\/wp-json\/wp\/v2\/product\/1414","targetHints":{"allow":["GET"]}}],"collection":[{"href":"https:\/\/www.lynaderm.com\/tr_tr\/wp-json\/wp\/v2\/product"}],"about":[{"href":"https:\/\/www.lynaderm.com\/tr_tr\/wp-json\/wp\/v2\/types\/product"}],"replies":[{"embeddable":true,"href":"https:\/\/www.lynaderm.com\/tr_tr\/wp-json\/wp\/v2\/comments?post=1414"}],"wp:featuredmedia":[{"embeddable":true,"href":"https:\/\/www.lynaderm.com\/tr_tr\/wp-json\/wp\/v2\/media\/1415"}],"wp:attachment":[{"href":"https:\/\/www.lynaderm.com\/tr_tr\/wp-json\/wp\/v2\/media?parent=1414"}],"curies":[{"name":"wp","href":"https:\/\/api.w.org\/{rel}","templated":true}]}}