{"id":1437,"date":"2022-10-15T10:03:43","date_gmt":"2022-10-15T10:03:43","guid":{"rendered":"https:\/\/www.lynaderm.com\/?post_type=product&#038;p=1437"},"modified":"2022-10-15T10:04:44","modified_gmt":"2022-10-15T10:04:44","slug":"seaweed-mask","status":"publish","type":"product","link":"https:\/\/www.lynaderm.com\/tr_tr\/magaza\/kabin-urunleri\/maskeler\/modelling-maskeler\/seaweed-mask\/","title":{"rendered":"Seaweed Mask"},"content":{"rendered":"","protected":false},"excerpt":{"rendered":"<p class=\"p2\">T\u00fcm cilt tiplerinde kullan\u0131m\u0131 uygun olan deniz yosunu maskesi, i\u00e7eri\u011findeki antioksidan \u00f6zelli\u011finden dolay\u0131 cildi temizler ve toksinlerden ar\u0131nd\u0131r\u0131r. H\u00fccre yenilenmesini sa\u011flar ve cilt sorunlar\u0131n\u0131 ortadan kald\u0131r\u0131r. Yosun maskesi d\u00fczenli kullan\u0131mda ciltteki lekeleri gidermeye yard\u0131mc\u0131 olur. Cildin ihtiyac\u0131 olan nemi sa\u011flayarak, k\u0131r\u0131\u015f\u0131kl\u0131k olu\u015fumunun \u00f6nlenmesini sa\u011flar. Akne ve sivilcelerin giderilmesinde etkilidir.<\/p>\n<p class=\"p2\"><span class=\"s1\"><b>Aktif \u0130\u00e7erik: <\/b>Yosun,<b> <\/b><\/span>Chlorella Vulgaris Tozu, Chlorella Minutissima \u00d6z\u00fc<\/p>\n<p class=\"p2\">T\u00fcm Cilt Tipleri<\/p>\n<p class=\"p2\">1kg<\/p>\n","protected":false},"featured_media":1438,"comment_status":"open","ping_status":"closed","template":"","meta":[],"class_list":{"0":"post-1437","1":"product","2":"type-product","3":"status-publish","4":"has-post-thumbnail","6":"product_cat-modelling-maskeler","7":"product_tag-kabin-urunleri","9":"first","10":"outofstock","11":"shipping-taxable","12":"product-type-simple"},"_links":{"self":[{"href":"https:\/\/www.lynaderm.com\/tr_tr\/wp-json\/wp\/v2\/product\/1437","targetHints":{"allow":["GET"]}}],"collection":[{"href":"https:\/\/www.lynaderm.com\/tr_tr\/wp-json\/wp\/v2\/product"}],"about":[{"href":"https:\/\/www.lynaderm.com\/tr_tr\/wp-json\/wp\/v2\/types\/product"}],"replies":[{"embeddable":true,"href":"https:\/\/www.lynaderm.com\/tr_tr\/wp-json\/wp\/v2\/comments?post=1437"}],"wp:featuredmedia":[{"embeddable":true,"href":"https:\/\/www.lynaderm.com\/tr_tr\/wp-json\/wp\/v2\/media\/1438"}],"wp:attachment":[{"href":"https:\/\/www.lynaderm.com\/tr_tr\/wp-json\/wp\/v2\/media?parent=1437"}],"curies":[{"name":"wp","href":"https:\/\/api.w.org\/{rel}","templated":true}]}}